{"id":25286,"date":"2025-08-01T18:40:14","date_gmt":"2025-08-01T16:40:14","guid":{"rendered":"https:\/\/uj.adatbank.ro\/lexikon\/termek\/zuranyi-vilmos-%c2%a7\/"},"modified":"2025-08-01T18:40:14","modified_gmt":"2025-08-01T16:40:14","slug":"zuranyi-vilmos-%c2%a7","status":"publish","type":"product","link":"https:\/\/uj.adatbank.ro\/lexikon\/termek\/zuranyi-vilmos-%c2%a7\/","title":{"rendered":"ZUR\u00c1NYI Vilmos, \u00a7"},"content":{"rendered":"<p>? \u2020\u00a0?: dr., vezet\u0151 jegyz\u0151 Szal\u00e1rdon. \u2013 Levelez\u00e9sben \u00e1llt magyaro.-i k\u00f6lt\u0151kkel. Mint k\u00f6lt\u0151 j\u00f3 h\u00edrnevet szerzett Erd\u00e9lyben. Versei a Nagyv\u00e1radi Napl\u00f3ban jelentek meg. Cs\u00e9f\u00e1n h\u00e1zkutat\u00e1st tartottak n\u00e1la \u00e9s levelez\u00e9se ut\u00e1n \u00e9rdekl\u0151dtek. <br \/><strong>\u2013 Irod.:<\/strong> Visnai.<\/br><\/p>\n","protected":false},"excerpt":{"rendered":"<p>? \u2020\u00a0?: dr., vezet\u0151 jegyz\u0151 Szal\u00e1rdon. \u2013 Levelez\u00e9sben \u00e1llt magyaro.-i k\u00f6lt\u0151kkel. Mint k\u00f6lt\u0151 j\u00f3 h\u00edrnevet szerzett Erd\u00e9lyben. Versei a Nagyv\u00e1radi Napl\u00f3ban jelentek meg. Cs\u00e9f\u00e1n h\u00e1zkutat\u00e1st tartottak n\u00e1la \u00e9s levelez\u00e9se ut\u00e1n \u00e9rdekl\u0151dtek. \u2013 Irod.: Visnai.<\/p>\n","protected":false},"featured_media":0,"comment_status":"open","ping_status":"closed","template":"","meta":[],"product_brand":[],"product_cat":[137],"product_tag":[],"class_list":{"0":"post-25286","1":"product","2":"type-product","3":"status-publish","5":"product_cat-maros-megyei-eletrajzi-lexikon","7":"first","8":"instock","9":"shipping-taxable","10":"product-type-simple"},"_links":{"self":[{"href":"https:\/\/uj.adatbank.ro\/lexikon\/wp-json\/wp\/v2\/product\/25286","targetHints":{"allow":["GET"]}}],"collection":[{"href":"https:\/\/uj.adatbank.ro\/lexikon\/wp-json\/wp\/v2\/product"}],"about":[{"href":"https:\/\/uj.adatbank.ro\/lexikon\/wp-json\/wp\/v2\/types\/product"}],"replies":[{"embeddable":true,"href":"https:\/\/uj.adatbank.ro\/lexikon\/wp-json\/wp\/v2\/comments?post=25286"}],"wp:attachment":[{"href":"https:\/\/uj.adatbank.ro\/lexikon\/wp-json\/wp\/v2\/media?parent=25286"}],"wp:term":[{"taxonomy":"product_brand","embeddable":true,"href":"https:\/\/uj.adatbank.ro\/lexikon\/wp-json\/wp\/v2\/product_brand?post=25286"},{"taxonomy":"product_cat","embeddable":true,"href":"https:\/\/uj.adatbank.ro\/lexikon\/wp-json\/wp\/v2\/product_cat?post=25286"},{"taxonomy":"product_tag","embeddable":true,"href":"https:\/\/uj.adatbank.ro\/lexikon\/wp-json\/wp\/v2\/product_tag?post=25286"}],"curies":[{"name":"wp","href":"https:\/\/api.w.org\/{rel}","templated":true}]}}