{"id":25288,"date":"2025-10-07T11:40:20","date_gmt":"2025-10-07T09:40:20","guid":{"rendered":"https:\/\/uj.adatbank.ro\/lexikon\/?post_type=product&#038;p=25288"},"modified":"2025-10-07T12:30:43","modified_gmt":"2025-10-07T10:30:43","slug":"reformatus-templom-apanagyfalu-2","status":"publish","type":"product","link":"https:\/\/uj.adatbank.ro\/lexikon\/termek\/reformatus-templom-apanagyfalu-2\/","title":{"rendered":"Apanagyfalu \u2013 reform\u00e1tus templom"},"content":{"rendered":"<div id=\"alcim\">A m\u0171eml\u00e9k adatai<\/div>\n<div id=\"szoveg\">C\u00edm: 38. sz\u00e1m<br \/>\nK\u00f3d: BN-II-a-A-01681<br \/>\nDat\u00e1l\u00e1s: 15. sz\u00e1zad m\u00e1sodik harmada, jelent\u0151sebb \u00e1t\u00e9p\u00edt\u00e9sek, jav\u00edt\u00e1sok: 1715, 1750, 1896<\/div>\n<div><\/div>\n<p>&nbsp;<\/p>\n<div id=\"alcim\">Szerz\u0151:\u00a0<strong>Bara J\u00falia<\/strong><\/div>\n<p>&nbsp;<\/p>\n<div><\/div>\n<div id=\"alcim\"><a name=\"tortenet\"><\/a><br \/>\nT\u00f6rt\u00e9neti adatok<\/div>\n<div id=\"szoveg\">\n<p>Apanagyfalu (Nu\u015feni, Grossendorf), az\u00a0<strong>Apafi\u00a0<\/strong>csal\u00e1d egykori \u0151si nemzets\u00e9gi birtokk\u00f6zpontja Bethlent\u0151l 10 km-re d\u00e9lre, a Melles-patak ment\u00e9n fekszik. Az 1876-os megyerendez\u00e9sig Bels\u0151-Szolnok v\u00e1rmegy\u00e9hez tartozott, ekkor az \u00fajonnan kialak\u00edtott Szolnok-Doboka v\u00e1rmegy\u00e9hez csatolt\u00e1k. Ma Beszterce-Nasz\u00f3d megye r\u00e9sze.A telep\u00fcl\u00e9st els\u0151k\u00e9nt Nogfalw n\u00e9ven egy 1243-as oklev\u00e9l eml\u00edti. 1269-ben a falu m\u00e1r egy bizonyos Apa comes tulajdon\u00e1ban volt. 1305-ben Apa comes \u00f6r\u00f6k\u00f6sei megosztoztak a birtokokon, Nagyfalu Apa fi\u00e1nak Jakabnak jutott, Jakab ut\u00e1n pedig ennek fi\u00e1ra, Andr\u00e1sra sz\u00e1llott. A k\u00f6vetkez\u0151 \u00e9vtizedekben a telep\u00fcl\u00e9s a csal\u00e1d tulajdon\u00e1ban maradt. A csal\u00e1dtagok 1413-t\u00f3l kezd\u0151d\u0151en nev\u00fcket m\u00e1r Apafik\u00e9nt haszn\u00e1lj\u00e1k, a k\u00e9s\u0151bbiekben pedig felveszik az \u201eapanagyfalvi\u201d el\u0151nevet is.<\/p>\n<p>&nbsp;<\/p>\n<p>1467-ben\u00a0<strong>M\u00e1ty\u00e1s kir\u00e1ly<\/strong>\u00a0h\u0171tlens\u00e9g miatt elkobozza\u00a0<strong>Apafi Mih\u00e1ly<\/strong>\u00a0erd\u00e9lyi vajda apanagyfalusi birtokr\u00e9sz\u00e9t. 1468-ban visszaadja tulajdonos\u00e1nak \u00e9s elrendeli az id\u0151k\u00f6zben elsz\u00f6k\u00f6tt jobb\u00e1gyok felkutat\u00e1s\u00e1t \u00e9s visszavitel\u00e9t is. A telep\u00fcl\u00e9s jelent\u0151s\u00e9g\u00e9t mutatja, hogy 1476-t\u0151l kezd\u0151d\u0151en m\u00e1r mez\u0151v\u00e1rosk\u00e9nt (oppidum) szerepel az oklevelekben. Birtokl\u00e1st\u00f6rt\u00e9net\u00e9ben fontos szerepet j\u00e1tszik\u00a0<strong>I. Apafi Mih\u00e1ly<\/strong>\u00a0fejedelem \u00e9s neje,\u00a0<strong>Bornemissza Anna<\/strong>\u00a01667-es v\u00e9grendelete, melyben \u00f6r\u00f6k\u00f6seikk\u00e9 a bethleni\u00a0<strong>Bethlen<\/strong>\u00a0csal\u00e1dot tett\u00e9k meg. Apanagyfalu legnagyobb birtokosa ezut\u00e1n a 18. sz\u00e1zad elej\u00e9t\u0151l a 19. sz\u00e1zad k\u00f6zep\u00e9ig a\u00a0<strong>Bethlen-<\/strong>, majd a\u00a0<strong>B\u00e1nffy<\/strong>-csal\u00e1d volt.<\/p>\n<p>A telep\u00fcl\u00e9s pl\u00e9b\u00e1niatemplom\u00e1t el\u0151sz\u00f6r az 1332. p\u00e1pai tizedjegyz\u00e9k eml\u00edti, ekkor\u00a0<strong>Tam\u00e1s<\/strong>\u00a0nev\u0171 papja 25 garas, 1334-ben pedig 2 garas tizedet fizet.\u00a0<strong>Apafi Mikl\u00f3s<\/strong>\u00a01447-ben kelt v\u00e9grendelet\u00e9ben a Szent Gell\u00e9rt pl\u00e9b\u00e1niatemplom \u00e9s P\u00e9ter nev\u0171 pl\u00e9b\u00e1nos\u00e1nak h\u00e1rom malom tized\u00e9t s az apanagyfalusi birtok j\u00f6vedelm\u00e9nek negyed\u00e9t hagyja, illetve a templomnak adom\u00e1nyozza a\u00a0<strong>Luxemburgi Zsigmond<\/strong>t\u00f3l kapott nagy ez\u00fcst serleg\u00e9t is. Az adom\u00e1ny nagys\u00e1ga arra enged k\u00f6vetkeztetni, hogy a templom az Apafi csal\u00e1d kegy\u00fari (nemzets\u00e9gi) templomak\u00e9nt funkcion\u00e1lhatott.<br \/>\n1453-ban\u00a0<strong>Kisdevecseri Ferenc<\/strong>,\u00a0<strong>Bethlen Antal<\/strong>\u00a0famili\u00e1risa v\u00e9grendelet\u00e9ben egy hold zabot adom\u00e1nyoz az apanagyfalusi Szent Gell\u00e9rt templom sz\u00e1m\u00e1ra. 1476-ban a templom pl\u00e9b\u00e1nosa Demeter presbiter.<\/p>\n<p>&nbsp;<\/p>\n<p><strong>K\u00e1d\u00e1r J\u00f3zsef<\/strong>\u00a0szerint a Szent Gell\u00e9rt pl\u00e9b\u00e1niatemplom a falu d\u00e9li r\u00e9sz\u00e9n, a B\u0151d (Bediu) fel\u00e9 vezet\u0151 \u00fat jobb oldal\u00e1n tal\u00e1lhat\u00f3 hegyoldalban \u00e1llott, \u00e9s feltehet\u0151en 1601\u20131603 k\u00f6z\u00f6tt\u00a0<strong>Giorgio Basta<\/strong>\u00a0osztr\u00e1k t\u00e1bornok csapatai puszt\u00edtott\u00e1k el.<\/p>\n<p>&nbsp;<\/p>\n<p>A jelenlegi reform\u00e1tus templom a 15. sz\u00e1zad m\u00e1sodik harmad\u00e1ban \u00e9p\u00fclt, szent\u00e9ly\u00e9nek boltozata, mely kialak\u00edt\u00e1s\u00e1ban hasonl\u00f3s\u00e1got mutat a magyarborz\u00e1si reform\u00e1tus templom szent\u00e9lyboltozat\u00e1val,\u00a0<strong>Entz G\u00e9za<\/strong>\u00a0szerint az 1470-es \u00e9vekben k\u00e9sz\u00fclt. Mivel korai \u00e9p\u00edt\u00e9st\u00f6rt\u00e9net\u00e9nek rekonstru\u00e1l\u00e1s\u00e1t kiz\u00e1r\u00f3lag stilisztikai megfigyel\u00e9sekre alapozhatjuk, illetve a fentebb ismertetett forr\u00e1sok nem tesznek eml\u00edt\u00e9st a Szent Gell\u00e9rt templom telep\u00fcl\u00e9sen bel\u0151li hely\u00e9r\u0151l \u00e9s a jelenlegi templom fel\u00e9p\u00edt\u00e9se ut\u00e1ni t\u00f6rt\u00e9net\u00e9r\u0151l, a k\u00e9t \u00e9p\u00fclet k\u00f6z\u00f6tti kapcsolat, esetleges folytonoss\u00e1g, alapos lev\u00e9lt\u00e1ri \u00e9s r\u00e9g\u00e9szeti kutat\u00e1sok hi\u00e1ny\u00e1ban, jelenleg tiszt\u00e1zatlan.<\/p>\n<p>&nbsp;<\/p>\n<p>A templom a reform\u00e1ci\u00f3 idej\u00e9n a reform\u00e1tusok haszn\u00e1lat\u00e1ba ker\u00fclt. 1715-ben\u00a0<strong>Kem\u00e9ny J\u00e1nosn\u00e9 Teleki Anna<\/strong>\u00a0\u00fajj\u00e1\u00e9p\u00edtteti. 1750-ben fel\u00faj\u00edtj\u00e1k. Val\u00f3sz\u00edn\u0171leg a 18. sz\u00e1zad elej\u00e9n kapja s\u00edkmennyezet\u00e9t, illetve ekkor k\u00e9sz\u00fcl el a templom d\u00e9li portikusza \u00e9s a sz\u00f3sz\u00e9kkorona. A haj\u00f3ban tal\u00e1lhat\u00f3 eml\u00e9kt\u00e1bla szerint 1896-ban a templom \u00fajabb fel\u00faj\u00edt\u00e1son esett \u00e1t.<\/p>\n<p>&nbsp;<\/p>\n<p>A sz\u00e9ki egyh\u00e1zmegye javainak 1643. \u00e9vi \u00f6ssze\u00edr\u00e1s\u00e1b\u00f3l kider\u00fcl, hogy a gy\u00fclekezet m\u00e1r a 17. sz\u00e1zad elej\u00e9n, k\u00fcl\u00f6nb\u00f6z\u0151 f\u0151\u00fari adom\u00e1nyok j\u00f3volt\u00e1b\u00f3l, gazdag klen\u00f3dium- \u00e9s text\u00edliagy\u0171jtem\u00e9nnyel rendelkezett. 1632-ben\u00a0<strong>Apafi Gy\u00f6rgy<\/strong>\u00a0egy aranyozott ez\u00fcst poharat \u00e9s t\u00e1ny\u00e9rt, Apafi Istv\u00e1n egy \u00f3nkann\u00e1t \u00e9s egy f\u00e9msz\u00e1llal h\u00edmzett \u00farasztali ter\u00edt\u0151t adom\u00e1nyozott az egyh\u00e1zk\u00f6zs\u00e9gnek. A k\u00e9s\u0151bbiekben a gy\u0171jtem\u00e9ny f\u0151k\u00e9nt a Bethlen csal\u00e1d adom\u00e1nyainak k\u00f6sz\u00f6nhet\u0151en b\u0151v\u00fclt tov\u00e1bb. 1733-ban\u00a0<strong>Bethlen J\u00f3zsef<\/strong>\u00a0\u00e9s neje\u00a0<strong>Kem\u00e9ny Krisztina<\/strong>\u00a0egy aranyozott ez\u00fcst \u00farvacsorai poharat, k\u00e9t \u00f3nkann\u00e1t, h\u00edmzett keszken\u0151t, egy perselyt \u00e9s egy l\u00e1d\u00e1t adom\u00e1nyozott a klen\u00f3diumok t\u00e1rol\u00e1s\u00e1ra. A 19. sz\u00e1zad els\u0151 fel\u00e9nek invent\u00e1riumai az adom\u00e1nyoz\u00f3k k\u00f6z\u00fcl\u00a0<strong>Bethlen Lajost<\/strong>\u00a0\u00e9s\u00a0<strong>Bethlen Kl\u00e1r\u00e1t<\/strong>\u00a0t\u0171ntetik fel. Ezek a t\u00e1rgyak sok esetben feliratosak voltak \u00e9s az adom\u00e1nyoz\u00f3 nev\u00e9nek monogramj\u00e1t is tartalmazt\u00e1k.<\/p>\n<p>&nbsp;<\/p>\n<p>A templom k\u00f6r\u00fcli cinteremben tal\u00e1lhat\u00f3 harangl\u00e1b els\u0151 eml\u00edt\u00e9se egy 1754-es feljegyz\u00e9sben fordul el\u0151. Ennek \u00fajj\u00e1\u00e9p\u00edt\u00e9s\u00e9re 1866-ban ker\u00fclhetett sor, erre utal a toronys\u00fcveg f\u00f6l\u00f6tti sz\u00e9lvitorl\u00e1n l\u00e1that\u00f3 \u00e9vsz\u00e1m is. 1875-ben a harangl\u00e1bon nagyobb m\u00e9ret\u0171 jav\u00edt\u00e1sokat v\u00e9geztek, \u00e9s elhelyezt\u00e9k a ma is l\u00e1that\u00f3,\u00a0<strong>Andr\u00e1sovszky J\u00e1nos<\/strong>\u00a0harang\u00f6nt\u0151 kolozsv\u00e1ri m\u0171hely\u00e9ben a s\u00e1rosmagyarberkeszi egyh\u00e1zker\u00fcleti f\u0151gondnok,\u00a0<strong>Katona Elek<\/strong>\u00a0\u00e9s neje,\u00a0<strong>Kabos Kata<\/strong>\u00a0megb\u00edz\u00e1s\u00e1b\u00f3l \u00f6ntetett harangot. A mellette tal\u00e1lhat\u00f3 harangot a h\u00edvek adom\u00e1nyaib\u00f3l 1923-ban\u00a0<strong>Ger\u00e9b Andr\u00e1s<\/strong>\u00a0paps\u00e1ga idej\u00e9n \u00f6nt\u00f6tt\u00e9k.<\/p>\n<p>&nbsp;<\/p>\n<p>A harangl\u00e1b mellett, magas l\u00e1bazaton \u00e1ll\u00f3,\u00a0<strong>Bolyai J\u00e1nos<\/strong>\u00a0matematikust \u00e1br\u00e1zol\u00f3 mellszobrot 2006-ban\u00a0<strong>Vlad Prun\u0103<\/strong>\u00a0szobr\u00e1sz k\u00e9sz\u00edtette\u00a0<strong>Traian Gheorghe\u00a0 Dasc\u0103l<\/strong>\u00a0orvos adom\u00e1ny\u00e1b\u00f3l.<\/p>\n<\/div>\n<div id=\"alcim\"><a name=\"leiras\"><\/a><br \/>\nA m\u0171eml\u00e9k le\u00edr\u00e1sa<\/div>\n<div id=\"szoveg\">\n<p>Az apanagyfalusi reform\u00e1tus templom \u00e9s a t\u0151le d\u00e9lre elhelyezked\u0151 harangl\u00e1b a telep\u00fcl\u00e9s k\u00f6zpontj\u00e1ban, vasker\u00edt\u00e9ssel \u00f6vezett kertben \u00e1ll. A kelet-nyugat t\u00e1jol\u00e1s\u00fa, kontyolt nyeregtet\u0151vel fedett teremtemplom t\u00e1mpill\u00e9rekkel er\u0151s\u00edtett, t\u00e9glalap alak\u00fa haj\u00f3hoz keskenyebb, soksz\u00f6gz\u00e1r\u00f3d\u00e1s\u00fa, l\u00e9pcs\u0151sen tagolt gy\u00e1mk\u00f6vekre t\u00e1maszkod\u00f3 bord\u00e1s keresztboltozattal fedett szent\u00e9ly csatlakozik.<br \/>\nA templom homlokzatai egyszer\u0171 kik\u00e9pz\u00e9s\u0171ek, jelleg\u00fcket az alaprajzi elrendez\u00e9s mellett a k\u00fcl\u00f6nb\u00f6z\u0151 f\u00fcgg\u0151leges tagol\u00f3elemek v\u00e1ltakoz\u00e1sa hat\u00e1rozz\u00e1k meg. A soksz\u00f6gz\u00e1r\u00f3d\u00e1s\u00fa szent\u00e9ly l\u00e1bazati r\u00e9sz\u00e9n magas p\u00e1rk\u00e1ny fut k\u00f6rbe, a falsarkokat pedig k\u00edv\u00fclr\u0151l \u00e1tl\u00f3s elhelyez\u00e9s\u0171, k\u0151b\u0151l faragott v\u00edzvet\u0151kkel tagolt k\u00e9tl\u00e9pcs\u0151s t\u00e1mpill\u00e9rek er\u0151s\u00edtik. A d\u00e9lkeleti \u00e9s d\u00e9li pill\u00e9rk\u00f6z\u00f6kben egy-egy, \u00f6sszesen h\u00e1rom cs\u00facs\u00edves k\u0151r\u00e1csos ablak ny\u00edlik. A fennmaradt m\u00e9rm\u0171vek ind\u00edt\u00e1sai alapj\u00e1n felt\u00e9telezhetj\u00fck, hogy ezek eredetileg k\u00e9tosztat\u00faak voltak.<\/p>\n<p>&nbsp;<\/p>\n<p>A haj\u00f3 fal\u00e1nak d\u00e9li oldalfal\u00e1t a sarkokon k\u00e9t, h\u00e1roml\u00e9pcs\u0151s t\u00e1mpill\u00e9r er\u0151s\u00edti. A falmez\u0151t k\u00e9t cs\u00facs\u00edves ablak \u00e9s egy ut\u00f3lagos elhelyez\u00e9s\u0171, a templom jelenlegi f\u0151bej\u00e1ratak\u00e9nt szolg\u00e1l\u00f3 k\u00e9s\u0151barokk st\u00edlus\u00fa f\u00fcles k\u0151keret\u0171 kapu t\u00f6ri \u00e1t, melynek \u00edves kialak\u00edt\u00e1s\u00fa, t\u00f6bbsz\u00f6r\u00f6sen profilozott oromzati p\u00e1rk\u00e1ny\u00e1nak k\u00f6zep\u00e9n \u00e9s sz\u00e9lein tobozd\u00edszek l\u00e1that\u00f3ak.<\/p>\n<p>&nbsp;<\/p>\n<p>A templom nyugati fal\u00e1hoz fedett karzatfelj\u00e1r\u00f3 illeszkedik, alatta egy elfalazott, szem\u00f6ld\u00f6kgy\u00e1mos, a magyarborz\u00e1si (Bozie\u015f) reform\u00e1tus templom nyugati \u00e9s a somker\u00e9ki (\u015eintereag) reform\u00e1tus templom d\u00e9li kapuj\u00e1val rokon\u00edthat\u00f3, k\u00e9s\u0151g\u00f3tikus kapu l\u00e1that\u00f3.<\/p>\n<p>&nbsp;<\/p>\n<p>A templom bels\u0151 ter\u00e9re egyszer\u0171 t\u00e9ralak\u00edt\u00e1s jellemz\u0151. Jelenleg s\u00edkmennyezet fedi, egykori boltozata elpusztult, mind\u00f6ssze n\u00e9h\u00e1ny boltozatot al\u00e1t\u00e1maszt\u00f3 gy\u00e1mk\u0151 \u00e9s ezekre t\u00e1maszkod\u00f3 bordaind\u00edt\u00e1sok maradtak fenn.<\/p>\n<p>&nbsp;<\/p>\n<p>A viszonylag r\u00f6vid, csaknem n\u00e9gyzet alak\u00fa haj\u00f3 \u00e9szaki fala tagolatlan, d\u00e9li fal\u00e1t k\u00e9t kis m\u00e9ret\u0171 cs\u00facs\u00edves ablak \u00e9s a d\u00e9li bej\u00e1rat ajt\u00f3kerete t\u00f6ri \u00e1t, nyugati v\u00e9g\u00e9ben k\u00e9t faoszloppal al\u00e1t\u00e1masztott orgonakarzat tal\u00e1lhat\u00f3. A templom hatregiszteres barokk orgon\u00e1ja\u00a0<strong>D\u00e1vid Istv\u00e1n<\/strong>\u00a0felt\u00e9telez\u00e9se szerint a 18. sz\u00e1zad v\u00e9g\u00e9n k\u00e9sz\u00fclt\u00a0<strong>Thomas Balthasar<\/strong>\u00a0segesv\u00e1ri mester m\u0171hely\u00e9ben. Az orgona el\u0151bb a bethleni egyh\u00e1zk\u00f6zs\u00e9g tulajdon\u00e1ba ker\u00fclt, ahonnan\u00a0<strong>Bethlen K\u00e1roly<\/strong>\u00a01877-ben megv\u00e1s\u00e1rolta, majd \u00e1talak\u00edtatta \u00e9s az apanagyfalusi gy\u00fclekezetnek aj\u00e1nd\u00e9kozta.<\/p>\n<p>&nbsp;<\/p>\n<p>Figyelmet \u00e9rdemel az \u00e9szaki falon elhelyezett festett B\u00e1nffy c\u00edmer, a templom 1896. \u00e9vi fel\u00faj\u00edt\u00e1si eml\u00e9kt\u00e1bl\u00e1ja, valamint\u00a0<strong>Ger\u00e9b Andr\u00e1s<\/strong>\u00a0lelk\u00e9sz (1910\u20131960) tisztelet\u00e9re \u00e1ll\u00edtott eml\u00e9kt\u00e1bla.<br \/>\nA haj\u00f3t a szent\u00e9lyt\u0151l cs\u00facs\u00edves diadal\u00edv v\u00e1lasztja el, ennek \u00e9szaki fal\u00e1hoz sz\u00f3sz\u00e9k csatlakozik, faragott hangvet\u0151j\u00e9nek p\u00e1rk\u00e1nya f\u00f6l\u00f6tt barokk indad\u00edszekkel d\u00edsz\u00edtett kartusok vannak, k\u00f6z\u00fcl\u00fck k\u00e9t egym\u00e1s mellett lev\u0151 kartust a czegei Wass illetve BE monogrammal k\u00f6zrefogva a bethleni Bethlen csal\u00e1d c\u00edmere d\u00edsz\u00edti. A c\u00edmerek minden bizonnyal az adom\u00e1nyoz\u00f3kra, Bethlen Elekre \u00e9s feles\u00e9g\u00e9re Wass Juliann\u00e1ra utalnak. A sz\u00f3sz\u00e9k m\u00f6g\u00f6tti boltszakasz \u00e9szaki fal\u00e1n vastag vakolatr\u00e9teggel bor\u00edtott, kis m\u00e9ret\u0171, egy nyolc\u00e1g\u00fa csillagb\u00f3l \u00e9s egy azonos\u00edthatatlan elemb\u0151l \u00e1ll\u00f3 k\u0151faragv\u00e1ny l\u00e1that\u00f3.<\/p>\n<p>&nbsp;<\/p>\n<p>A szent\u00e9lyt k\u00e9tszakaszos bord\u00e1s keresztboltozat fedi, ennek k\u00e9tszer hornyolt bord\u00e1i l\u00e9pcs\u0151sen tagolt gy\u00e1mokkal al\u00e1t\u00e1masztott f\u00e9loszlopokra t\u00e1maszkodnak. A szent\u00e9lyz\u00e1r\u00f3d\u00e1s \u00f6ts\u00fcveges boltozat\u00e1nak z\u00e1r\u00f3k\u00f6v\u00e9n c\u00edmerpajzs l\u00e1that\u00f3. A d\u00e9li \u00e9s d\u00e9lkeleti falat h\u00e1rom cs\u00facs\u00edves ablak tagolja, \u00e9szaki fal\u00e1ban pedig szam\u00e1rh\u00e1t\u00edves z\u00e1r\u00f3d\u00e1s\u00fa szents\u00e9gtart\u00f3 f\u00fclk\u00e9t alak\u00edtottak ki.<\/p>\n<p>&nbsp;<\/p>\n<p>A szent\u00e9lyben 2008-ban az I. \u00e9s II. vil\u00e1gh\u00e1bor\u00faban elesett apanagyfalusiak eml\u00e9k\u00e9re eml\u00e9kt\u00e1bl\u00e1t helyeztek el.<\/p>\n<p>&nbsp;<\/p>\n<p>A templom \u00e9p\u00fclet\u00e9t\u0151l d\u00e9lkeletre elhelyezked\u0151, t\u00f6lgyfagerend\u00e1kb\u00f3l \u00e1csolt harangl\u00e1bat a szoknya- \u00e9s a sisakr\u00e9szen fazsindely fedi. A szoknya feletti toronyt\u00f6rzs mellv\u00e9d\u00e9nek deszk\u00e1zata \u00edves d\u00edsz\u00edt\u00e9st kapott. Az oszlopokra nehezed\u0151 toronysisak alatt h\u00faz\u00f3d\u00f3 harangh\u00e1zban a m\u00e1r eml\u00edtett k\u00e9t harangot helyezt\u00e9k el.<\/p>\n<\/div>\n<div id=\"alcim\"><a name=\"irodalom\"><\/a><br \/>\nV\u00e1logatott irodalom<\/div>\n<div id=\"szoveg\">D\u00e1vid Istv\u00e1n:\u00a0<em>M\u0171eml\u00e9k orgon\u00e1k Erd\u00e9lyben.<\/em>\u00a0Budapest 1996. 49\u201350.<br \/>\nEntz G\u00e9za:\u00a0<em>Erd\u00e9ly \u00e9p\u00edt\u00e9szete a 14\u201316. sz\u00e1zadban<\/em>. Kolozsv\u00e1r, 1996. 132, 135, 226, 227, 516, 522.<br \/>\nEntz G\u00e9za:\u00a0<em>Szolnok-Doboka k\u00f6z\u00e9pkori m\u0171v\u00e9szeti eml\u00e9kei<\/em>. Kolozsv\u00e1r, 1943. 7, 9.<br \/>\nJanitsek Jen\u0151 \u2013 Hints Mikl\u00f3s:\u00a0<em>Az erd\u00e9lyi Melles-v\u00f6lgy helynevei<\/em>. Budapest, 1992. 73\u201378.<br \/>\n<a href=\"http:\/\/mek.niif.hu\/04700\/04755\/html\/59.html\" target=\"_blank\" rel=\"noopener\">K\u00e1d\u00e1r J\u00f3zsef:\u00a0<em>Szolnok-Dobokav\u00e1rmegye monographi\u00e1ja.<\/em>\u00a0II. k\u00f6tet. D\u00e9s, 1900. 30\u201342.<\/a><br \/>\nKolumb\u00e1n Vilmos J\u00f3zsef:\u00a0<em>A sz\u00e9ki reform\u00e1tus egyh\u00e1zmegye vagyon\u00f6ssze\u00edr\u00e1sa.<\/em>\u00a0<em>1643<\/em>. Kolozsv\u00e1r, 2010. 3\u20134. 29\u201330.<br \/>\n<a href=\"http:\/\/mek.oszk.hu\/04600\/04684\/html\/1420.html\" target=\"_blank\" rel=\"noopener\">L\u00e9sty\u00e1n Ferenc:\u00a0<em>Megszentelt k\u00f6vek. A k\u00f6z\u00e9pkori Erd\u00e9lyi P\u00fcsp\u00f6ks\u00e9g templomai.<\/em>\u00a0II. 2. b\u0151v\u00edtett kiad\u00e1s. Gyulafeh\u00e9rv\u00e1r, 2000. 458.<\/a><br \/>\nPopa, Corina:\u00a0<em>Biserici sal\u0103 gotice \u00een nordul Transilvaniei<\/em>. In:\u00a0<em>Pagini de veche art\u0103 rom\u00e2neasc\u0103<\/em>. IV. Bucure\u015fti 1981. 37\u201339. 18. sz\u00e1m\u00fa alaprajz.<\/div>\n","protected":false},"excerpt":{"rendered":"<p>A m\u0171eml\u00e9k adatai C\u00edm: 38. sz\u00e1m K\u00f3d: BN-II-a-A-01681 Dat\u00e1l\u00e1s: 15. sz\u00e1zad m\u00e1sodik harmada, jelent\u0151sebb \u00e1t\u00e9p\u00edt\u00e9sek, jav\u00edt\u00e1sok: 1715, 1750, 1896 &nbsp; Szerz\u0151:\u00a0Bara J\u00falia &nbsp; T\u00f6rt\u00e9neti adatok Apanagyfalu (Nu\u015feni, Grossendorf), az\u00a0Apafi\u00a0csal\u00e1d egykori \u0151si nemzets\u00e9gi birtokk\u00f6zpontja Bethlent\u0151l 10 km-re d\u00e9lre, a Melles-patak ment\u00e9n fekszik. Az 1876-os megyerendez\u00e9sig Bels\u0151-Szolnok v\u00e1rmegy\u00e9hez tartozott, ekkor az \u00fajonnan kialak\u00edtott Szolnok-Doboka v\u00e1rmegy\u00e9hez csatolt\u00e1k. Ma [&hellip;]<\/p>\n","protected":false},"featured_media":0,"comment_status":"open","ping_status":"closed","template":"","meta":[],"product_brand":[],"product_cat":[16],"product_tag":[],"class_list":{"0":"post-25288","1":"product","2":"type-product","3":"status-publish","5":"product_cat-muemlekek","7":"first","8":"instock","9":"shipping-taxable","10":"product-type-simple"},"_links":{"self":[{"href":"https:\/\/uj.adatbank.ro\/lexikon\/wp-json\/wp\/v2\/product\/25288","targetHints":{"allow":["GET"]}}],"collection":[{"href":"https:\/\/uj.adatbank.ro\/lexikon\/wp-json\/wp\/v2\/product"}],"about":[{"href":"https:\/\/uj.adatbank.ro\/lexikon\/wp-json\/wp\/v2\/types\/product"}],"replies":[{"embeddable":true,"href":"https:\/\/uj.adatbank.ro\/lexikon\/wp-json\/wp\/v2\/comments?post=25288"}],"wp:attachment":[{"href":"https:\/\/uj.adatbank.ro\/lexikon\/wp-json\/wp\/v2\/media?parent=25288"}],"wp:term":[{"taxonomy":"product_brand","embeddable":true,"href":"https:\/\/uj.adatbank.ro\/lexikon\/wp-json\/wp\/v2\/product_brand?post=25288"},{"taxonomy":"product_cat","embeddable":true,"href":"https:\/\/uj.adatbank.ro\/lexikon\/wp-json\/wp\/v2\/product_cat?post=25288"},{"taxonomy":"product_tag","embeddable":true,"href":"https:\/\/uj.adatbank.ro\/lexikon\/wp-json\/wp\/v2\/product_tag?post=25288"}],"curies":[{"name":"wp","href":"https:\/\/api.w.org\/{rel}","templated":true}]}}