{"id":25299,"date":"2025-11-25T10:31:54","date_gmt":"2025-11-25T09:31:54","guid":{"rendered":"https:\/\/uj.adatbank.ro\/lexikon\/?post_type=product&#038;p=25299"},"modified":"2025-11-25T10:31:57","modified_gmt":"2025-11-25T09:31:57","slug":"abad","status":"publish","type":"product","link":"https:\/\/uj.adatbank.ro\/lexikon\/termek\/abad\/","title":{"rendered":"Ab\u00e1d"},"content":{"rendered":"<p style=\"font-weight: 400;\">\u00a0\u00a0\u00a0\u00a0\u00a0\u00a0\u00a0\u00a0\u00a0\u00a0\u00a0 *<strong>Ab\u00e1d<\/strong><a href=\"applewebdata:\/\/4075D635-B3CB-4D3E-9E63-52A687AB9BE6#_ftn1\" name=\"_ftnref1\">[1]<\/a> @ Arad\u00a0\u00a0\u00a0\u00a0\u00a0\u00a0\u00a0\u00a0\u00a0\u00a0\u00a0\u00a0\u00a0\u00a0\u00a0\u00a0\u00a0\u00a0\u00a0\u00a0\u00a0\u00a0 \u00a0\u00a0\u00a0\u00a0\u00a0\u00a0\u00a0\u00a0\u00a0\u00a0\u00a0 [Ar]\u00a0\u00a0\u00a0\u00a0\u00a0\u00a0\u00a0\u00a0\u00a0\u00a0\u00a0\u00a0\u00a0\u00a0\u00a0\u00a0 Abad<\/p>\n<p><em style=\"font-weight: 400;\">1135 <strong>Abad<\/strong> (M\u00e1rki II\/1:190, DL 31121, Horv\u00e1th,J:38, Banat:64, Ha\u021began:11, Etsz I:2), 1177 <strong>Abad<\/strong> (Gy\u00f6rffy I:170, Cs\u00e1nki I:766, Ortvay:Temes I.213:355\u2013356, Borsa:213, M\u00e1rki I:190, DL 31121, Blazovich:33, RegArp I.125:40, Krist\u00f3:Adatok I:79\/44, KMH I:28, OrtvayCsa II:139, Kov\u00e1ch:36, Veres,E:6, Blazovich 2023:53, Ha\u0163egan:299, Dic.Arad I:55,\u00a0 Suciu II:287, Vistai I:1), 1349 <strong>Apaad <\/strong>(M\u00e1rki I:177, Csan\u00e1dTA. 2:139, Lendvai I:119), 1359 <strong>Abaad<\/strong> (Cs\u00e1nki I:766, M\u00e1rki I:215, DL 29673, F\u00e1bi\u00e1n:203, Blazovich:33, DRH\/C XI.391:397\u2013399, Kov\u00e1ch:36, R\u00e1cz, K:143, N\u00e9methy:Suciu II:287, Vistai I:1;\u00a0 <\/em><span style=\"font-weight: 400;\">\u00b7<\/span><em style=\"font-weight: 400;\">1377 F\u00e1bi\u00e1n:204, Ha\u021began:23; <\/em><span style=\"font-weight: 400;\">\u00b7<\/span><em style=\"font-weight: 400;\">1449 DL 38839), 1405 <strong>Abad <\/strong>(Cs\u00e1nki I:766, DL 31121, Ortvay:Temes I.214:355\u2013356, Blazovich:33, BorovszkyTm:397, Kov\u00e1ch:36, Dic.Arad I:55, Kov\u00e1ch 1976:121, Vistai I:1), 1561 <strong>Ab\u00e1d<\/strong> (Parecz:6), 1892 <strong>Ab\u00e1d, Ib\u00e9d<\/strong> (M\u00e1rki I:190), 1892 <strong>Ab\u00e1d<\/strong> (M\u00e1rki-tkp)<\/em><\/p>\n<p><a href=\"applewebdata:\/\/4075D635-B3CB-4D3E-9E63-52A687AB9BE6#_ftnref1\" name=\"_ftn1\">[1]<\/a>Aradt\u00f3l Ny-ra, a Maros partj\u00e1n, az aradi k\u00e1ptalan birtoka<\/p>\n","protected":false},"excerpt":{"rendered":"<p>\u00a0\u00a0\u00a0\u00a0\u00a0\u00a0\u00a0\u00a0\u00a0\u00a0\u00a0 *Ab\u00e1d[1] @ Arad\u00a0\u00a0\u00a0\u00a0\u00a0\u00a0\u00a0\u00a0\u00a0\u00a0\u00a0\u00a0\u00a0\u00a0\u00a0\u00a0\u00a0\u00a0\u00a0\u00a0\u00a0\u00a0 \u00a0\u00a0\u00a0\u00a0\u00a0\u00a0\u00a0\u00a0\u00a0\u00a0\u00a0 [Ar]\u00a0\u00a0\u00a0\u00a0\u00a0\u00a0\u00a0\u00a0\u00a0\u00a0\u00a0\u00a0\u00a0\u00a0\u00a0\u00a0 Abad 1135 Abad (M\u00e1rki II\/1:190, DL 31121, Horv\u00e1th,J:38, Banat:64, Ha\u021began:11, Etsz I:2), 1177 Abad (Gy\u00f6rffy I:170, Cs\u00e1nki I:766, Ortvay:Temes I.213:355\u2013356, Borsa:213, M\u00e1rki I:190, DL 31121, Blazovich:33, RegArp I.125:40, Krist\u00f3:Adatok I:79\/44, KMH I:28, OrtvayCsa II:139, Kov\u00e1ch:36, Veres,E:6, Blazovich 2023:53, Ha\u0163egan:299, Dic.Arad I:55,\u00a0 Suciu II:287, Vistai I:1), 1349 Apaad (M\u00e1rki I:177, [&hellip;]<\/p>\n","protected":false},"featured_media":0,"comment_status":"open","ping_status":"closed","template":"","meta":[],"product_brand":[],"product_cat":[16],"product_tag":[],"class_list":{"0":"post-25299","1":"product","2":"type-product","3":"status-publish","5":"product_cat-muemlekek","7":"first","8":"instock","9":"shipping-taxable","10":"product-type-simple"},"_links":{"self":[{"href":"https:\/\/uj.adatbank.ro\/lexikon\/wp-json\/wp\/v2\/product\/25299","targetHints":{"allow":["GET"]}}],"collection":[{"href":"https:\/\/uj.adatbank.ro\/lexikon\/wp-json\/wp\/v2\/product"}],"about":[{"href":"https:\/\/uj.adatbank.ro\/lexikon\/wp-json\/wp\/v2\/types\/product"}],"replies":[{"embeddable":true,"href":"https:\/\/uj.adatbank.ro\/lexikon\/wp-json\/wp\/v2\/comments?post=25299"}],"wp:attachment":[{"href":"https:\/\/uj.adatbank.ro\/lexikon\/wp-json\/wp\/v2\/media?parent=25299"}],"wp:term":[{"taxonomy":"product_brand","embeddable":true,"href":"https:\/\/uj.adatbank.ro\/lexikon\/wp-json\/wp\/v2\/product_brand?post=25299"},{"taxonomy":"product_cat","embeddable":true,"href":"https:\/\/uj.adatbank.ro\/lexikon\/wp-json\/wp\/v2\/product_cat?post=25299"},{"taxonomy":"product_tag","embeddable":true,"href":"https:\/\/uj.adatbank.ro\/lexikon\/wp-json\/wp\/v2\/product_tag?post=25299"}],"curies":[{"name":"wp","href":"https:\/\/api.w.org\/{rel}","templated":true}]}}