{"id":3890,"date":"2025-06-28T16:15:16","date_gmt":"2025-06-28T14:15:16","guid":{"rendered":"https:\/\/uj.adatbank.ro\/lexikon\/termek\/banyasz-jakab\/"},"modified":"2025-06-28T16:15:16","modified_gmt":"2025-06-28T14:15:16","slug":"banyasz-jakab","status":"publish","type":"product","link":"https:\/\/uj.adatbank.ro\/lexikon\/termek\/banyasz-jakab\/","title":{"rendered":"B\u00c1NY\u00c1SZ Jakab"},"content":{"rendered":"<p>? \u2020\u00a0B\u00e9lafalva, 1803. \u00e1pr. 22.: r. k. pap. \u2013 Kv.-on a Jezsuita Gimn. \u00e9s Akad-\u00e1n (1754\u201355) \u00e9s Gyulafeh\u00e9rv\u00e1ron tanult (1765\u201368). Papp\u00e1 szentelt\u00e9k Gyulafeh\u00e9rv\u00e1ron (1767. \u00e1pr. 13.). Pl\u00e9b\u00e1nos volt B\u00f6z\u00f6d\u00fajfaluban (1767 v. 1768), Et\u00e9den (1782).. Gyulafeh\u00e9rv\u00e1ron k\u00e1ptalani k\u00e1pl\u00e1n (1788-). <br \/><strong>Irod.:<\/strong> Ferenczi S\u00e1ndor 2009<\/br><\/p>\n","protected":false},"excerpt":{"rendered":"<p>? \u2020\u00a0B\u00e9lafalva, 1803. \u00e1pr. 22.: r. k. pap. \u2013 Kv.-on a Jezsuita Gimn. \u00e9s Akad-\u00e1n (1754\u201355) \u00e9s Gyulafeh\u00e9rv\u00e1ron tanult (1765\u201368). Papp\u00e1 szentelt\u00e9k Gyulafeh\u00e9rv\u00e1ron (1767. \u00e1pr. 13.). Pl\u00e9b\u00e1nos volt B\u00f6z\u00f6d\u00fajfaluban (1767 v. 1768), Et\u00e9den (1782).. Gyulafeh\u00e9rv\u00e1ron k\u00e1ptalani k\u00e1pl\u00e1n (1788-). Irod.: Ferenczi S\u00e1ndor 2009<\/p>\n","protected":false},"featured_media":0,"comment_status":"open","ping_status":"closed","template":"","meta":[],"product_brand":[],"product_cat":[137],"product_tag":[],"class_list":{"0":"post-3890","1":"product","2":"type-product","3":"status-publish","5":"product_cat-maros-megyei-eletrajzi-lexikon","7":"first","8":"instock","9":"shipping-taxable","10":"product-type-simple"},"_links":{"self":[{"href":"https:\/\/uj.adatbank.ro\/lexikon\/wp-json\/wp\/v2\/product\/3890","targetHints":{"allow":["GET"]}}],"collection":[{"href":"https:\/\/uj.adatbank.ro\/lexikon\/wp-json\/wp\/v2\/product"}],"about":[{"href":"https:\/\/uj.adatbank.ro\/lexikon\/wp-json\/wp\/v2\/types\/product"}],"replies":[{"embeddable":true,"href":"https:\/\/uj.adatbank.ro\/lexikon\/wp-json\/wp\/v2\/comments?post=3890"}],"wp:attachment":[{"href":"https:\/\/uj.adatbank.ro\/lexikon\/wp-json\/wp\/v2\/media?parent=3890"}],"wp:term":[{"taxonomy":"product_brand","embeddable":true,"href":"https:\/\/uj.adatbank.ro\/lexikon\/wp-json\/wp\/v2\/product_brand?post=3890"},{"taxonomy":"product_cat","embeddable":true,"href":"https:\/\/uj.adatbank.ro\/lexikon\/wp-json\/wp\/v2\/product_cat?post=3890"},{"taxonomy":"product_tag","embeddable":true,"href":"https:\/\/uj.adatbank.ro\/lexikon\/wp-json\/wp\/v2\/product_tag?post=3890"}],"curies":[{"name":"wp","href":"https:\/\/api.w.org\/{rel}","templated":true}]}}