{"id":3893,"date":"2025-06-28T16:15:26","date_gmt":"2025-06-28T14:15:26","guid":{"rendered":"https:\/\/uj.adatbank.ro\/lexikon\/termek\/banyavolgyi-klara-kovacs-andorne\/"},"modified":"2025-06-28T16:15:26","modified_gmt":"2025-06-28T14:15:26","slug":"banyavolgyi-klara-kovacs-andorne","status":"publish","type":"product","link":"https:\/\/uj.adatbank.ro\/lexikon\/termek\/banyavolgyi-klara-kovacs-andorne\/","title":{"rendered":"B\u00c1NYAV\u00d6LGYI Kl\u00e1ra, Kov\u00e1cs Andorn\u00e9"},"content":{"rendered":"<p>R\u00e1kosszentmih\u00e1ly (Mo.), 1919. okt. 17., \u2020 Sz\u00e1szr\u00e9gen, 2000. dec. 29. Mv.-en a ref. temet\u0151ben nyugszik: gy\u00f3gyszer\u00e9sz. \u2013 Gyermekeik: Andr\u00e1s (1946\u2013) \u00e9s Kl\u00e1ra (1948\u2013). \u2013 Gy\u00f3gyszer\u00e9sz diplom\u00e1t a P\u00e1zm\u00e1ny P\u00e9ter TE-en szerzett (1943. nov. 5.). Mv.-re k\u00f6lt\u00f6z\u00f6tt f\u00e9rj\u00e9vel (1945. m\u00e1j. 1. \u2013), az ap\u00f3sa, Kov\u00e1cs Andor (1891\u20131948), Sas gy\u00f3gyszert\u00e1r\u00e1ban dolgozott. A Mv.-en megalakult Gy\u00f3gyszer\u00e9szeti Karon kapott tan\u00e1rseg\u00e9di kinevez\u00e9st (1948\u201349). A Farmakogn\u00f3ziai tansz\u00e9ken Kopp Elem\u00e9r prof. mell\u00e9, ahol bekapcsol\u00f3dott a tudom\u00e1nyos tev\u00e9kenys\u00e9gbe, de a politikai viszonyok miatt megkapta a felmond\u00e1s\u00e1t ugyan az napon, amikor adjunktusi kinevez\u00e9s\u00e9t kapta (1952). Sz\u00e1szr\u00e9genbe helyezt\u00e9k a f\u00e9rj\u00e9vel egy\u00fctt, ahol nyugd\u00edjaz\u00e1s\u00e1ig dolgozott (1952. dec. 5.- 1976. szept. 1.). F\u0151gy\u00f3gyszer\u00e9sz vizsg\u00e1t tett (1959. okt. 26.). Bekapcsol\u00f3dott a Sz\u00e1szr\u00e9geni M\u0171kedvel\u0151 Sz\u00ednh\u00e1z l\u00e9trehoz\u00e1s\u00e1ba \u00e9s tev\u00e9kenys\u00e9g\u00e9be. <br \/><strong>Irod.:<\/strong> P\u00e9ter H. M.<\/br><\/p>\n","protected":false},"excerpt":{"rendered":"<p>R\u00e1kosszentmih\u00e1ly (Mo.), 1919. okt. 17., \u2020 Sz\u00e1szr\u00e9gen, 2000. dec. 29. Mv.-en a ref. temet\u0151ben nyugszik: gy\u00f3gyszer\u00e9sz. \u2013 Gyermekeik: Andr\u00e1s (1946\u2013) \u00e9s Kl\u00e1ra (1948\u2013). \u2013 Gy\u00f3gyszer\u00e9sz diplom\u00e1t a P\u00e1zm\u00e1ny P\u00e9ter TE-en szerzett (1943. nov. 5.). Mv.-re k\u00f6lt\u00f6z\u00f6tt f\u00e9rj\u00e9vel (1945. m\u00e1j. 1. \u2013), az ap\u00f3sa, Kov\u00e1cs Andor (1891\u20131948), Sas gy\u00f3gyszert\u00e1r\u00e1ban dolgozott. A Mv.-en megalakult Gy\u00f3gyszer\u00e9szeti Karon kapott [&hellip;]<\/p>\n","protected":false},"featured_media":0,"comment_status":"open","ping_status":"closed","template":"","meta":[],"product_brand":[],"product_cat":[137],"product_tag":[],"class_list":{"0":"post-3893","1":"product","2":"type-product","3":"status-publish","5":"product_cat-maros-megyei-eletrajzi-lexikon","7":"first","8":"instock","9":"shipping-taxable","10":"product-type-simple"},"_links":{"self":[{"href":"https:\/\/uj.adatbank.ro\/lexikon\/wp-json\/wp\/v2\/product\/3893","targetHints":{"allow":["GET"]}}],"collection":[{"href":"https:\/\/uj.adatbank.ro\/lexikon\/wp-json\/wp\/v2\/product"}],"about":[{"href":"https:\/\/uj.adatbank.ro\/lexikon\/wp-json\/wp\/v2\/types\/product"}],"replies":[{"embeddable":true,"href":"https:\/\/uj.adatbank.ro\/lexikon\/wp-json\/wp\/v2\/comments?post=3893"}],"wp:attachment":[{"href":"https:\/\/uj.adatbank.ro\/lexikon\/wp-json\/wp\/v2\/media?parent=3893"}],"wp:term":[{"taxonomy":"product_brand","embeddable":true,"href":"https:\/\/uj.adatbank.ro\/lexikon\/wp-json\/wp\/v2\/product_brand?post=3893"},{"taxonomy":"product_cat","embeddable":true,"href":"https:\/\/uj.adatbank.ro\/lexikon\/wp-json\/wp\/v2\/product_cat?post=3893"},{"taxonomy":"product_tag","embeddable":true,"href":"https:\/\/uj.adatbank.ro\/lexikon\/wp-json\/wp\/v2\/product_tag?post=3893"}],"curies":[{"name":"wp","href":"https:\/\/api.w.org\/{rel}","templated":true}]}}