{"id":3897,"date":"2025-06-28T16:15:40","date_gmt":"2025-06-28T14:15:40","guid":{"rendered":"https:\/\/uj.adatbank.ro\/lexikon\/termek\/barabas-andras\/"},"modified":"2026-02-16T14:35:58","modified_gmt":"2026-02-16T13:35:58","slug":"barabas-andras","status":"publish","type":"product","link":"https:\/\/uj.adatbank.ro\/lexikon\/termek\/barabas-andras\/","title":{"rendered":"BARAB\u00c1S Andr\u00e1s"},"content":{"rendered":"<p>? \u2020\u00a0? : Dinamo Buc.-ben hossz\u00fat\u00e1vfut\u00f3. Mv.-en k\u00e9pzett hossz\u00fat\u00e1vfut\u00f3.<br \/>\n<strong>Irod.:<\/strong> Kl\u00f3sz-Tolok\u00e1n<\/p>\n","protected":false},"excerpt":{"rendered":"<p>? \u2020\u00a0? : Dinamo Buc.-ben hossz\u00fat\u00e1vfut\u00f3. Mv.-en k\u00e9pzett hossz\u00fat\u00e1vfut\u00f3. Irod.: Kl\u00f3sz-Tolok\u00e1n<\/p>\n","protected":false},"featured_media":0,"comment_status":"open","ping_status":"closed","template":"","meta":[],"product_brand":[],"product_cat":[137],"product_tag":[],"class_list":{"0":"post-3897","1":"product","2":"type-product","3":"status-publish","5":"product_cat-maros-megyei-eletrajzi-lexikon","7":"first","8":"instock","9":"shipping-taxable","10":"product-type-simple"},"_links":{"self":[{"href":"https:\/\/uj.adatbank.ro\/lexikon\/wp-json\/wp\/v2\/product\/3897","targetHints":{"allow":["GET"]}}],"collection":[{"href":"https:\/\/uj.adatbank.ro\/lexikon\/wp-json\/wp\/v2\/product"}],"about":[{"href":"https:\/\/uj.adatbank.ro\/lexikon\/wp-json\/wp\/v2\/types\/product"}],"replies":[{"embeddable":true,"href":"https:\/\/uj.adatbank.ro\/lexikon\/wp-json\/wp\/v2\/comments?post=3897"}],"wp:attachment":[{"href":"https:\/\/uj.adatbank.ro\/lexikon\/wp-json\/wp\/v2\/media?parent=3897"}],"wp:term":[{"taxonomy":"product_brand","embeddable":true,"href":"https:\/\/uj.adatbank.ro\/lexikon\/wp-json\/wp\/v2\/product_brand?post=3897"},{"taxonomy":"product_cat","embeddable":true,"href":"https:\/\/uj.adatbank.ro\/lexikon\/wp-json\/wp\/v2\/product_cat?post=3897"},{"taxonomy":"product_tag","embeddable":true,"href":"https:\/\/uj.adatbank.ro\/lexikon\/wp-json\/wp\/v2\/product_tag?post=3897"}],"curies":[{"name":"wp","href":"https:\/\/api.w.org\/{rel}","templated":true}]}}