{"id":3898,"date":"2025-06-28T16:15:43","date_gmt":"2025-06-28T14:15:43","guid":{"rendered":"https:\/\/uj.adatbank.ro\/lexikon\/termek\/barabas-bela\/"},"modified":"2025-06-28T16:15:43","modified_gmt":"2025-06-28T14:15:43","slug":"barabas-bela","status":"publish","type":"product","link":"https:\/\/uj.adatbank.ro\/lexikon\/termek\/barabas-bela\/","title":{"rendered":"BARAB\u00c1S B\u00e9la"},"content":{"rendered":"<p>Nagyborosny\u00f3, 1882. okt. 31., \u2020\u00a0?: \u00fcgyv\u00e9d, k\u00e9pvisel\u0151. \u2013 Kir\u00e1lyi k\u00f6zjegyz\u0151 Dics\u0151szentm\u00e1rtonban (1915\u201319); f\u00fcggetlens\u00e9gi p\u00e1rti k\u00e9pvisel\u0151 volt a m. parlamentben, a MP aleln\u00f6ke, kisk\u00fck\u00fcll\u0151megyei k\u00e9pvisel\u0151je az ogy-ben. <br \/><strong>Irod.:<\/strong> Adatok, d\u00e1tumok a v\u00e1ros [Dics\u0151szentm\u00e1rton] m\u00faltj\u00e1b\u00f3l (N\u00fa., 1991. m\u00e1rc. 23.); EM; Pomog\u00e1ts 1.<\/br><\/p>\n","protected":false},"excerpt":{"rendered":"<p>Nagyborosny\u00f3, 1882. okt. 31., \u2020\u00a0?: \u00fcgyv\u00e9d, k\u00e9pvisel\u0151. \u2013 Kir\u00e1lyi k\u00f6zjegyz\u0151 Dics\u0151szentm\u00e1rtonban (1915\u201319); f\u00fcggetlens\u00e9gi p\u00e1rti k\u00e9pvisel\u0151 volt a m. parlamentben, a MP aleln\u00f6ke, kisk\u00fck\u00fcll\u0151megyei k\u00e9pvisel\u0151je az ogy-ben. Irod.: Adatok, d\u00e1tumok a v\u00e1ros [Dics\u0151szentm\u00e1rton] m\u00faltj\u00e1b\u00f3l (N\u00fa., 1991. m\u00e1rc. 23.); EM; Pomog\u00e1ts 1.<\/p>\n","protected":false},"featured_media":0,"comment_status":"open","ping_status":"closed","template":"","meta":[],"product_brand":[],"product_cat":[137],"product_tag":[],"class_list":{"0":"post-3898","1":"product","2":"type-product","3":"status-publish","5":"product_cat-maros-megyei-eletrajzi-lexikon","7":"first","8":"instock","9":"shipping-taxable","10":"product-type-simple"},"_links":{"self":[{"href":"https:\/\/uj.adatbank.ro\/lexikon\/wp-json\/wp\/v2\/product\/3898","targetHints":{"allow":["GET"]}}],"collection":[{"href":"https:\/\/uj.adatbank.ro\/lexikon\/wp-json\/wp\/v2\/product"}],"about":[{"href":"https:\/\/uj.adatbank.ro\/lexikon\/wp-json\/wp\/v2\/types\/product"}],"replies":[{"embeddable":true,"href":"https:\/\/uj.adatbank.ro\/lexikon\/wp-json\/wp\/v2\/comments?post=3898"}],"wp:attachment":[{"href":"https:\/\/uj.adatbank.ro\/lexikon\/wp-json\/wp\/v2\/media?parent=3898"}],"wp:term":[{"taxonomy":"product_brand","embeddable":true,"href":"https:\/\/uj.adatbank.ro\/lexikon\/wp-json\/wp\/v2\/product_brand?post=3898"},{"taxonomy":"product_cat","embeddable":true,"href":"https:\/\/uj.adatbank.ro\/lexikon\/wp-json\/wp\/v2\/product_cat?post=3898"},{"taxonomy":"product_tag","embeddable":true,"href":"https:\/\/uj.adatbank.ro\/lexikon\/wp-json\/wp\/v2\/product_tag?post=3898"}],"curies":[{"name":"wp","href":"https:\/\/api.w.org\/{rel}","templated":true}]}}