{"id":3900,"date":"2025-06-28T16:15:49","date_gmt":"2025-06-28T14:15:49","guid":{"rendered":"https:\/\/uj.adatbank.ro\/lexikon\/termek\/barabas-domokos\/"},"modified":"2025-06-28T16:15:49","modified_gmt":"2025-06-28T14:15:49","slug":"barabas-domokos","status":"publish","type":"product","link":"https:\/\/uj.adatbank.ro\/lexikon\/termek\/barabas-domokos\/","title":{"rendered":"BARAB\u00c1S Domokos"},"content":{"rendered":"<p>? \u2020\u00a0? : v\u00e1llalkoz\u00f3. \u2013 \u00c9p\u00edt\u00e9si v\u00e1llalata alap\u00edt\u00e1si \u00e9ve (1903) alkalmazottainak sz\u00e1ma 200. A g\u00e1zgy\u00e1r \u00e9p\u00edt\u00e9s\u00e9re p\u00e1ly\u00e1zatot ny\u00fajtott be (1910). C\u00e9ge megnyerte a K\u00f6zigazgat\u00e1si Tanfolyam \u00e9p\u00fclet\u00e9nek az elk\u00e9sz\u00edt\u00e9s\u00e9t (1912). \u2013<\/br><\/p>\n","protected":false},"excerpt":{"rendered":"<p>? \u2020\u00a0? : v\u00e1llalkoz\u00f3. \u2013 \u00c9p\u00edt\u00e9si v\u00e1llalata alap\u00edt\u00e1si \u00e9ve (1903) alkalmazottainak sz\u00e1ma 200. A g\u00e1zgy\u00e1r \u00e9p\u00edt\u00e9s\u00e9re p\u00e1ly\u00e1zatot ny\u00fajtott be (1910). C\u00e9ge megnyerte a K\u00f6zigazgat\u00e1si Tanfolyam \u00e9p\u00fclet\u00e9nek az elk\u00e9sz\u00edt\u00e9s\u00e9t (1912). \u2013<\/p>\n","protected":false},"featured_media":0,"comment_status":"open","ping_status":"closed","template":"","meta":[],"product_brand":[],"product_cat":[137],"product_tag":[],"class_list":{"0":"post-3900","1":"product","2":"type-product","3":"status-publish","5":"product_cat-maros-megyei-eletrajzi-lexikon","7":"first","8":"instock","9":"shipping-taxable","10":"product-type-simple"},"_links":{"self":[{"href":"https:\/\/uj.adatbank.ro\/lexikon\/wp-json\/wp\/v2\/product\/3900","targetHints":{"allow":["GET"]}}],"collection":[{"href":"https:\/\/uj.adatbank.ro\/lexikon\/wp-json\/wp\/v2\/product"}],"about":[{"href":"https:\/\/uj.adatbank.ro\/lexikon\/wp-json\/wp\/v2\/types\/product"}],"replies":[{"embeddable":true,"href":"https:\/\/uj.adatbank.ro\/lexikon\/wp-json\/wp\/v2\/comments?post=3900"}],"wp:attachment":[{"href":"https:\/\/uj.adatbank.ro\/lexikon\/wp-json\/wp\/v2\/media?parent=3900"}],"wp:term":[{"taxonomy":"product_brand","embeddable":true,"href":"https:\/\/uj.adatbank.ro\/lexikon\/wp-json\/wp\/v2\/product_brand?post=3900"},{"taxonomy":"product_cat","embeddable":true,"href":"https:\/\/uj.adatbank.ro\/lexikon\/wp-json\/wp\/v2\/product_cat?post=3900"},{"taxonomy":"product_tag","embeddable":true,"href":"https:\/\/uj.adatbank.ro\/lexikon\/wp-json\/wp\/v2\/product_tag?post=3900"}],"curies":[{"name":"wp","href":"https:\/\/api.w.org\/{rel}","templated":true}]}}