{"id":3901,"date":"2025-06-28T16:15:52","date_gmt":"2025-06-28T14:15:52","guid":{"rendered":"https:\/\/uj.adatbank.ro\/lexikon\/termek\/barabas-endre-ifj\/"},"modified":"2025-06-28T16:15:52","modified_gmt":"2025-06-28T14:15:52","slug":"barabas-endre-ifj","status":"publish","type":"product","link":"https:\/\/uj.adatbank.ro\/lexikon\/termek\/barabas-endre-ifj\/","title":{"rendered":"BARAB\u00c1S Endre, ifj."},"content":{"rendered":"<p>Mv., 1897., \u2020\u00a0? : k\u00f6zgazd\u00e1sz. \u2013 R\u00e9szt vett az els\u0151 vh.-ban, Mv.-en vonult be a 62. k\u00f6z\u00f6s gy. e.-be (1915), \u00e9s az orosz \u00e9s francia fronton harcolt, majd a sz\u00e9kely Hadoszt\u00e1ly k\u00f6tel\u00e9k\u00e9ben k\u00fczd\u00f6tt (1918), kit\u00fcntet\u00e9sekkel szerelt le mint hadnagy. <br \/><strong>Irod.:<\/strong> Erd\u00e9lyi ezredek<\/br><\/p>\n","protected":false},"excerpt":{"rendered":"<p>Mv., 1897., \u2020\u00a0? : k\u00f6zgazd\u00e1sz. \u2013 R\u00e9szt vett az els\u0151 vh.-ban, Mv.-en vonult be a 62. k\u00f6z\u00f6s gy. e.-be (1915), \u00e9s az orosz \u00e9s francia fronton harcolt, majd a sz\u00e9kely Hadoszt\u00e1ly k\u00f6tel\u00e9k\u00e9ben k\u00fczd\u00f6tt (1918), kit\u00fcntet\u00e9sekkel szerelt le mint hadnagy. Irod.: Erd\u00e9lyi ezredek<\/p>\n","protected":false},"featured_media":0,"comment_status":"open","ping_status":"closed","template":"","meta":[],"product_brand":[],"product_cat":[137],"product_tag":[],"class_list":{"0":"post-3901","1":"product","2":"type-product","3":"status-publish","5":"product_cat-maros-megyei-eletrajzi-lexikon","7":"first","8":"instock","9":"shipping-taxable","10":"product-type-simple"},"_links":{"self":[{"href":"https:\/\/uj.adatbank.ro\/lexikon\/wp-json\/wp\/v2\/product\/3901","targetHints":{"allow":["GET"]}}],"collection":[{"href":"https:\/\/uj.adatbank.ro\/lexikon\/wp-json\/wp\/v2\/product"}],"about":[{"href":"https:\/\/uj.adatbank.ro\/lexikon\/wp-json\/wp\/v2\/types\/product"}],"replies":[{"embeddable":true,"href":"https:\/\/uj.adatbank.ro\/lexikon\/wp-json\/wp\/v2\/comments?post=3901"}],"wp:attachment":[{"href":"https:\/\/uj.adatbank.ro\/lexikon\/wp-json\/wp\/v2\/media?parent=3901"}],"wp:term":[{"taxonomy":"product_brand","embeddable":true,"href":"https:\/\/uj.adatbank.ro\/lexikon\/wp-json\/wp\/v2\/product_brand?post=3901"},{"taxonomy":"product_cat","embeddable":true,"href":"https:\/\/uj.adatbank.ro\/lexikon\/wp-json\/wp\/v2\/product_cat?post=3901"},{"taxonomy":"product_tag","embeddable":true,"href":"https:\/\/uj.adatbank.ro\/lexikon\/wp-json\/wp\/v2\/product_tag?post=3901"}],"curies":[{"name":"wp","href":"https:\/\/api.w.org\/{rel}","templated":true}]}}