{"id":3902,"date":"2025-06-28T16:15:55","date_gmt":"2025-06-28T14:15:55","guid":{"rendered":"https:\/\/uj.adatbank.ro\/lexikon\/termek\/barabas-endre-kozepajtai-barna-endre-ajtai-andras-moldvai-andras\/"},"modified":"2025-06-28T16:15:55","modified_gmt":"2025-06-28T14:15:55","slug":"barabas-endre-kozepajtai-barna-endre-ajtai-andras-moldvai-andras","status":"publish","type":"product","link":"https:\/\/uj.adatbank.ro\/lexikon\/termek\/barabas-endre-kozepajtai-barna-endre-ajtai-andras-moldvai-andras\/","title":{"rendered":"BARAB\u00c1S Endre, K\u00f6z\u00e9pajtai Barna Endre; Ajtai Andr\u00e1s; Moldvai Andr\u00e1s"},"content":{"rendered":"<p>K\u00f6z\u00e9pajta, 1870. m\u00e1rc. 5., \u2020\u00a0Bp., 1945. m\u00e1j. 28.: tan\u00e1r, \u00fajs\u00e1g\u00edr\u00f3. \u2013 A tan\u00edt\u00f3k\u00e9pz\u0151t Nagyenyeden, Bp.-en v\u00e9gezte. Mv.-en tan\u00edtott a ref. fels\u0151 le\u00e1nyiskol\u00e1ban, majd a k\u00f6zs\u00e9gi polg\u00e1ri iskol\u00e1ban (1894\u20131901). Tan\u00edtott az \u00d6n\u00e1ll\u00f3 Kereskedelmi Tanonciskol\u00e1ban (1895) term\u00e9szettant \u00e9s sz\u00e1mtant. Tan\u00e1r volt m\u00e9g Sz\u00e9kelykereszt\u00faron (1901\u2013), Kv.-on (1903\u201311), D\u00e9v\u00e1n (1911\u201319). A mv-i Sz\u00e9kely T\u00e1rsas\u00e1g alap\u00edt\u00f3tagja. A rom\u00e1n hat\u00f3s\u00e1gok kiutas\u00edtott\u00e1k (1919. nov.). Bp.-en \u00e9lt, ahol el\u0151sz\u00f6r a minisztereln\u00f6ks\u00e9gi sajt\u00f3cenz\u00fara, a Bocskai T\u00e1rs., majd a N\u00e9pies Irod. T\u00e1rs. munkat\u00e1ra. F\u0151igazgat\u00f3i c\u00edmet kapott (1925\u2013). Az \u00e1ltala erd\u00e9lyiek sz\u00e1m\u00e1ra alap\u00edtott otthonban sz\u00e1mos, Bp.-en tanul\u00f3 fiatalnak ny\u00fajtott seg\u00edts\u00e9get diplo\u00adm\u00e1juk megszerz\u00e9s\u00e9ig. Az iskolai tanul\u00adm\u00e1nyaikat v\u00e9gz\u0151k t\u00e1mogat\u00e1s\u00e1ra \u00fan. \u201egy\u00e1m\u00adsz\u00fcl\u0151 t\u00e1rsas\u00e1g.\u201d-okat (1925), s a v\u00e9gzettek tov\u00e1bbi sors\u00e1t figyelemmel k\u00eds\u00e9r\u0151 \u201egondvisel\u0151 t\u00e1rs\u201d.-ok\u00e1t hozott l\u00e9tre. Tan\u00fcgyi, sz\u00f6vetkezeti \u00e9s t\u00e1rsadalompolitikai cikkei jelentek meg foly\u00f3iratokban: Csal\u00e1d \u00e9s iskola, Gazdasz\u00f6vetkezet, Magyar Tan\u00edt\u00f3k\u00e9pz\u0151, N\u00e9ptan\u00edt\u00f3k Lapja, Polg\u00e1ri Isk. K\u00f6zl\u00f6ny, Sz\u00f6vetkez\u00e9s, K\u00f6zgazdas\u00e1gi Szemle. A D\u00e9vai Tan\u00edt\u00f3k\u00e9pz\u0151 \u00c9rt. (1911\u201319) \u00e9s Bp.-en az Erd\u00e9lyi H\u00edrek (1920) szerk. \u2013 <strong>F. m.:<\/strong> A sz\u00e9kely kiv\u00e1ndorl\u00e1s \u00e9s a Rom\u00e1ni\u00e1ban \u00e9l\u0151 magyarok helyzete (Bp., 1901); Sz\u00e9kelykereszt\u00far k\u00f6zgazdas\u00e1gi le\u00edr\u00e1sa (Bp., 1904); Udvarhely v\u00e1rmegye k\u00f6zgazdas\u00e1gi le\u00edr\u00e1sa (Bp., 1904); Az erd\u00e9lyr\u00e9szi n\u00e9pfajok birtokar\u00e1nya (Bp., 1905); Magyar tanuls\u00e1gok a bukaresti ki\u00e1ll\u00edt\u00e1sr\u00f3l (Kv., 1906); K\u00f6zgazdas\u00e1gtan (Bp., 1906); A magyar n\u00e9ptan\u00edt\u00f3k szoci\u00e1lis feladatai (Bp, 1906); Maros-Torda v\u00e1rmegye \u00e9s Marosv\u00e1s\u00e1rhely k\u00f6zgazdas\u00e1gi le\u00edr\u00e1sa (Bp., 1907); Rom\u00e1nia k\u00f6zoktat\u00e1s\u00fcgye (Bp., 1907); N\u00e9metorsz\u00e1gi tapasztalatok \u00e9s a nemzetis\u00e9gi k\u00e9rd\u00e9s Poroszorsz\u00e1gban (Bp., 1908); A poroszorsz\u00e1gi tan\u00edt\u00f3k\u00e9pz\u00e9s (Bp., 1908); Rom\u00e1nia nemzetis\u00e9gi politik\u00e1ja \u00e9s az ol\u00e1hajk\u00fa magyar polg\u00e1rok (Bp., 1908); Rom\u00e1nia mez\u0151gazdas\u00e1gi \u00e9s szoci\u00e1lis helyzete (Kv., 1909); Kolozsmegye k\u00f6zgazdas\u00e1gi le\u00edr\u00e1sa (Bp, 1910); A n\u00e9ptan\u00edt\u00f3k\u00e9pz\u00e9s szoci\u00e1lis ir\u00e1n\u00e1ir\u00f3l (D\u00e9va, 1914); A rom\u00e1niai magyar kisebbs\u00e9g s\u00e9relmei (Bp, 1922); Erd\u00e9ly statisztik\u00e1ja (Lugos, 1924); Nagyenyedi v\u00e9n di\u00e1kok (Bp., 1926); A rom\u00e1niai magyarnyelv\u0171 oktat\u00e1s els\u0151 t\u00edz \u00e9ve (Lugos, 1928; n\u00e9met\u00fcl, 1929); A magyar \u00e9s rom\u00e1n kult\u00farpolitika ir\u00e1nyai (Bp, 1931); Epizodok a rom\u00e1ns\u00e1g t\u00f6rt\u00e9net\u00e9b\u0151l a magyar uralom alatt (Lugos, 1932); A falukutat\u00e1s \u00e9s a tan\u00edt\u00f3k (Bp, 1935); A magyar iskola\u00fcgy helyzete Rom\u00e1ni\u00e1ban, 1918- 40- 41 (Kecskem\u00e9t, 1941); Magyar iskola\u00fcgy helyzete Rom\u00e1ni\u00e1ban 1918\u201340\u201341 (Kecskem\u00e9t, 1944). Az Amerik\u00e1ba ir\u00e1nyul\u00f3 sz\u00e9kely kiv\u00e1ndorl\u00e1s = Egyed \u00c1kos 1970 (szerk.). <br \/><strong>Irod.:<\/strong> Balaton Petra: A sz\u00e9kely t\u00e1rsadalom \u00f6nszervez\u0151d\u00e9se: A Sz\u00e9kely T\u00e1rsas\u00e1gok (I-II.): T\u00f6rekv\u00e9sek Sz\u00e9kelyf\u00f6ld felz\u00e1rk\u00f3ztat\u00e1s\u00e1ra a 20. sz\u00e1zad elej\u00e9n (Korunk, 1. sz., 2010. jan.; 2. sz., 2010. febr.); Bern\u00e1dy; Birtalan \u00c1kos: B. E. \u2013 Sz\u00e9kelyf\u00f6ld gazdas\u00e1gi \u00e9rdekeinek k\u00e9pvisel\u0151je = Az er\u00e9lyi m. gondolkod\u00e1s m\u00faltj\u00e1b\u00f3l (XIX-XX. sz.) (Kv., 2001); Guly\u00e1s; K\u00e1d\u00e1r Zsombor: K\u00f6zgazdas\u00e1gi le\u00edr\u00e1sok \u00e9rt\u00e9kei = K\u00e1d\u00e1r Zsombor: Sz\u00e9kelyf\u00f6ldi erd\u00e9szeti arck\u00e9pcsarnok (Bp., 1999); Nemes; \u00d6kr\u00f6s; Pedag\u00f3giai Lexikon (Bp., 1997); RMIL; Schack B\u00e9la: Kereskedelmi iskol\u00e1ink \u00e9s tan\u00e1rai a Millenium esztendej\u00e9ben (Bp., 1896); \u00daM\u00c9L<\/br><\/p>\n","protected":false},"excerpt":{"rendered":"<p>K\u00f6z\u00e9pajta, 1870. m\u00e1rc. 5., \u2020\u00a0Bp., 1945. m\u00e1j. 28.: tan\u00e1r, \u00fajs\u00e1g\u00edr\u00f3. \u2013 A tan\u00edt\u00f3k\u00e9pz\u0151t Nagyenyeden, Bp.-en v\u00e9gezte. Mv.-en tan\u00edtott a ref. fels\u0151 le\u00e1nyiskol\u00e1ban, majd a k\u00f6zs\u00e9gi polg\u00e1ri iskol\u00e1ban (1894\u20131901). Tan\u00edtott az \u00d6n\u00e1ll\u00f3 Kereskedelmi Tanonciskol\u00e1ban (1895) term\u00e9szettant \u00e9s sz\u00e1mtant. Tan\u00e1r volt m\u00e9g Sz\u00e9kelykereszt\u00faron (1901\u2013), Kv.-on (1903\u201311), D\u00e9v\u00e1n (1911\u201319). A mv-i Sz\u00e9kely T\u00e1rsas\u00e1g alap\u00edt\u00f3tagja. A rom\u00e1n hat\u00f3s\u00e1gok kiutas\u00edtott\u00e1k [&hellip;]<\/p>\n","protected":false},"featured_media":0,"comment_status":"open","ping_status":"closed","template":"","meta":[],"product_brand":[],"product_cat":[137],"product_tag":[],"class_list":{"0":"post-3902","1":"product","2":"type-product","3":"status-publish","5":"product_cat-maros-megyei-eletrajzi-lexikon","7":"first","8":"instock","9":"shipping-taxable","10":"product-type-simple"},"_links":{"self":[{"href":"https:\/\/uj.adatbank.ro\/lexikon\/wp-json\/wp\/v2\/product\/3902","targetHints":{"allow":["GET"]}}],"collection":[{"href":"https:\/\/uj.adatbank.ro\/lexikon\/wp-json\/wp\/v2\/product"}],"about":[{"href":"https:\/\/uj.adatbank.ro\/lexikon\/wp-json\/wp\/v2\/types\/product"}],"replies":[{"embeddable":true,"href":"https:\/\/uj.adatbank.ro\/lexikon\/wp-json\/wp\/v2\/comments?post=3902"}],"wp:attachment":[{"href":"https:\/\/uj.adatbank.ro\/lexikon\/wp-json\/wp\/v2\/media?parent=3902"}],"wp:term":[{"taxonomy":"product_brand","embeddable":true,"href":"https:\/\/uj.adatbank.ro\/lexikon\/wp-json\/wp\/v2\/product_brand?post=3902"},{"taxonomy":"product_cat","embeddable":true,"href":"https:\/\/uj.adatbank.ro\/lexikon\/wp-json\/wp\/v2\/product_cat?post=3902"},{"taxonomy":"product_tag","embeddable":true,"href":"https:\/\/uj.adatbank.ro\/lexikon\/wp-json\/wp\/v2\/product_tag?post=3902"}],"curies":[{"name":"wp","href":"https:\/\/api.w.org\/{rel}","templated":true}]}}