{"id":3909,"date":"2025-06-28T16:16:19","date_gmt":"2025-06-28T14:16:19","guid":{"rendered":"https:\/\/uj.adatbank.ro\/lexikon\/termek\/barabas-gyorgy-3\/"},"modified":"2025-06-28T16:16:19","modified_gmt":"2025-06-28T14:16:19","slug":"barabas-gyorgy-3","status":"publish","type":"product","link":"https:\/\/uj.adatbank.ro\/lexikon\/termek\/barabas-gyorgy-3\/","title":{"rendered":"BARAB\u00c1S Gy\u00f6rgy"},"content":{"rendered":"<p>S\u00f3v\u00e1rad, 1873., \u2020 ? : \u00fcveg- porcel\u00e1nkeresked\u0151. \u2013 Iskol\u00e1it S\u00f3v\u00e1radon v\u00e9gezte \u00e9s a keresked\u0151i p\u00e1ly\u00e1t v\u00e1lasztotta. \u00d6n\u00e1ll\u00f3 boltot nyitott Ny\u00e1r\u00e1dremet\u00e9n (1897), majd Mv.-re helyezte \u00e1t \u00fczlet\u00e9t (1939\u2013). R\u00e9szt vett az els\u0151 vh.-ban, mint \u0151rvezet\u0151 szerelt le. <br \/><strong>Irod.:<\/strong> \u00d6kr\u00f6s; Sz\u00e9kelyf\u00f6ld \u00ed. k.<\/br><\/p>\n","protected":false},"excerpt":{"rendered":"<p>S\u00f3v\u00e1rad, 1873., \u2020 ? : \u00fcveg- porcel\u00e1nkeresked\u0151. \u2013 Iskol\u00e1it S\u00f3v\u00e1radon v\u00e9gezte \u00e9s a keresked\u0151i p\u00e1ly\u00e1t v\u00e1lasztotta. \u00d6n\u00e1ll\u00f3 boltot nyitott Ny\u00e1r\u00e1dremet\u00e9n (1897), majd Mv.-re helyezte \u00e1t \u00fczlet\u00e9t (1939\u2013). R\u00e9szt vett az els\u0151 vh.-ban, mint \u0151rvezet\u0151 szerelt le. Irod.: \u00d6kr\u00f6s; Sz\u00e9kelyf\u00f6ld \u00ed. k.<\/p>\n","protected":false},"featured_media":0,"comment_status":"open","ping_status":"closed","template":"","meta":[],"product_brand":[],"product_cat":[137],"product_tag":[],"class_list":{"0":"post-3909","1":"product","2":"type-product","3":"status-publish","5":"product_cat-maros-megyei-eletrajzi-lexikon","7":"first","8":"instock","9":"shipping-taxable","10":"product-type-simple"},"_links":{"self":[{"href":"https:\/\/uj.adatbank.ro\/lexikon\/wp-json\/wp\/v2\/product\/3909","targetHints":{"allow":["GET"]}}],"collection":[{"href":"https:\/\/uj.adatbank.ro\/lexikon\/wp-json\/wp\/v2\/product"}],"about":[{"href":"https:\/\/uj.adatbank.ro\/lexikon\/wp-json\/wp\/v2\/types\/product"}],"replies":[{"embeddable":true,"href":"https:\/\/uj.adatbank.ro\/lexikon\/wp-json\/wp\/v2\/comments?post=3909"}],"wp:attachment":[{"href":"https:\/\/uj.adatbank.ro\/lexikon\/wp-json\/wp\/v2\/media?parent=3909"}],"wp:term":[{"taxonomy":"product_brand","embeddable":true,"href":"https:\/\/uj.adatbank.ro\/lexikon\/wp-json\/wp\/v2\/product_brand?post=3909"},{"taxonomy":"product_cat","embeddable":true,"href":"https:\/\/uj.adatbank.ro\/lexikon\/wp-json\/wp\/v2\/product_cat?post=3909"},{"taxonomy":"product_tag","embeddable":true,"href":"https:\/\/uj.adatbank.ro\/lexikon\/wp-json\/wp\/v2\/product_tag?post=3909"}],"curies":[{"name":"wp","href":"https:\/\/api.w.org\/{rel}","templated":true}]}}