{"id":3910,"date":"2025-06-28T16:16:26","date_gmt":"2025-06-28T14:16:26","guid":{"rendered":"https:\/\/uj.adatbank.ro\/lexikon\/termek\/barabas-gyorgy-%c2%a7\/"},"modified":"2026-02-17T08:26:45","modified_gmt":"2026-02-17T07:26:45","slug":"barabas-gyorgy-%c2%a7","status":"publish","type":"product","link":"https:\/\/uj.adatbank.ro\/lexikon\/termek\/barabas-gyorgy-%c2%a7\/","title":{"rendered":"BARAB\u00c1S Gy\u00f6rgy, \u00a7"},"content":{"rendered":"<p>? \u2020\u00a0? : cip\u00e9szmester. \u2013 A mv.-i Koll. \u00c9p\u00fclet\u00e9ben volt a cip\u00e9szm\u0171helye. Ipar\u00e1nak egyik legjelesebb k\u00e9pvisel\u0151je volt Mv.-en. A MP eln\u00f6ki tan\u00e1cs\u00e1nak tagja \u00e9s a M. Iparosegyes\u00fclet deleg\u00e1lt tan\u00e1csosa a Munkakamar\u00e1ban, a Cip\u00e9szmunkaad\u00f3k Egyes\u00fclet\u00e9nek eln\u00f6ke volt. Sz\u00f3kimond\u00f3 magyars\u00e1ga miatt h\u00e1rom h\u00f3napi \u00e9s egy napi fogh\u00e1z, valamint 1000 lej p\u00e9nzb\u00fcntet\u00e9sre \u00edt\u00e9lt\u00e9k, \u00e9s v\u00e9resre vert\u00e9k, de harminch\u00e1rom nap ut\u00e1n amneszti\u00e1t kapott K\u00e1roly kir\u00e1ly visszat\u00e9r\u00e9s\u00e9nek tizedik \u00e9vfordul\u00f3ja alkalm\u00e1b\u00f3l. K\u00e9peslap is jelent meg cip\u00e9szm\u0171hely\u00e9r\u0151l (1928. k.).<br \/>\n<strong>Irod.:<\/strong> Csepreghy 2010; Id\u0151t\u00e1r 3; \u00d6kr\u00f6s; Visnai<\/p>\n","protected":false},"excerpt":{"rendered":"<p>? \u2020\u00a0? : cip\u00e9szmester. \u2013 A mv.-i Koll. \u00c9p\u00fclet\u00e9ben volt a cip\u00e9szm\u0171helye. Ipar\u00e1nak egyik legjelesebb k\u00e9pvisel\u0151je volt Mv.-en. A MP eln\u00f6ki tan\u00e1cs\u00e1nak tagja \u00e9s a M. Iparosegyes\u00fclet deleg\u00e1lt tan\u00e1csosa a Munkakamar\u00e1ban, a Cip\u00e9szmunkaad\u00f3k Egyes\u00fclet\u00e9nek eln\u00f6ke volt. Sz\u00f3kimond\u00f3 magyars\u00e1ga miatt h\u00e1rom h\u00f3napi \u00e9s egy napi fogh\u00e1z, valamint 1000 lej p\u00e9nzb\u00fcntet\u00e9sre \u00edt\u00e9lt\u00e9k, \u00e9s v\u00e9resre vert\u00e9k, de harminch\u00e1rom [&hellip;]<\/p>\n","protected":false},"featured_media":0,"comment_status":"open","ping_status":"closed","template":"","meta":[],"product_brand":[],"product_cat":[137],"product_tag":[],"class_list":{"0":"post-3910","1":"product","2":"type-product","3":"status-publish","5":"product_cat-maros-megyei-eletrajzi-lexikon","7":"first","8":"instock","9":"shipping-taxable","10":"product-type-simple"},"_links":{"self":[{"href":"https:\/\/uj.adatbank.ro\/lexikon\/wp-json\/wp\/v2\/product\/3910","targetHints":{"allow":["GET"]}}],"collection":[{"href":"https:\/\/uj.adatbank.ro\/lexikon\/wp-json\/wp\/v2\/product"}],"about":[{"href":"https:\/\/uj.adatbank.ro\/lexikon\/wp-json\/wp\/v2\/types\/product"}],"replies":[{"embeddable":true,"href":"https:\/\/uj.adatbank.ro\/lexikon\/wp-json\/wp\/v2\/comments?post=3910"}],"wp:attachment":[{"href":"https:\/\/uj.adatbank.ro\/lexikon\/wp-json\/wp\/v2\/media?parent=3910"}],"wp:term":[{"taxonomy":"product_brand","embeddable":true,"href":"https:\/\/uj.adatbank.ro\/lexikon\/wp-json\/wp\/v2\/product_brand?post=3910"},{"taxonomy":"product_cat","embeddable":true,"href":"https:\/\/uj.adatbank.ro\/lexikon\/wp-json\/wp\/v2\/product_cat?post=3910"},{"taxonomy":"product_tag","embeddable":true,"href":"https:\/\/uj.adatbank.ro\/lexikon\/wp-json\/wp\/v2\/product_tag?post=3910"}],"curies":[{"name":"wp","href":"https:\/\/api.w.org\/{rel}","templated":true}]}}