{"id":3912,"date":"2025-06-28T16:16:33","date_gmt":"2025-06-28T14:16:33","guid":{"rendered":"https:\/\/uj.adatbank.ro\/lexikon\/termek\/barabas-iren-bortnyik\/"},"modified":"2025-06-28T16:16:33","modified_gmt":"2025-06-28T14:16:33","slug":"barabas-iren-bortnyik","status":"publish","type":"product","link":"https:\/\/uj.adatbank.ro\/lexikon\/termek\/barabas-iren-bortnyik\/","title":{"rendered":"BARAB\u00c1S Ir\u00e9n, Bortnyik"},"content":{"rendered":"<p>Sz\u00e1szr\u00e9gen, 1919. \u2020\u00a0Mv., 1993. \u2013 F\u00e9rje. Barab\u00e1s Istv\u00e1n fest\u0151m\u0171v\u00e9sz. \u2013 Fest\u0151m\u0171v\u00e9sz, grafikus. Mv.-en, \u00e9s A. Ciupe tan\u00edtv\u00e1nya volt a V\u00e1rosi a Fest\u0151iskol\u00e1ban (1932\u20131936). A nagyb\u00e1nyai fest\u0151iskol\u00e1ban nyaranta: k\u00e9pezte mag\u00e1t (1933\u201336). F\u00e9rj\u00e9vel, k\u00f6z\u00f6s ki\u00e1ll\u00edt\u00e1sa volt Mv.-en (1936), Borsz\u00e9ken (1937), Mv.-en rendszeresen szerepelt a helyi \u00e9s megyei t\u00e1rlatokon (1965\u20131977). Kov\u00e1szn\u00e1n (1976, 1977, 1978). Megh<\/br><\/p>\n","protected":false},"excerpt":{"rendered":"<p>Sz\u00e1szr\u00e9gen, 1919. \u2020\u00a0Mv., 1993. \u2013 F\u00e9rje. Barab\u00e1s Istv\u00e1n fest\u0151m\u0171v\u00e9sz. \u2013 Fest\u0151m\u0171v\u00e9sz, grafikus. Mv.-en, \u00e9s A. Ciupe tan\u00edtv\u00e1nya volt a V\u00e1rosi a Fest\u0151iskol\u00e1ban (1932\u20131936). A nagyb\u00e1nyai fest\u0151iskol\u00e1ban nyaranta: k\u00e9pezte mag\u00e1t (1933\u201336). F\u00e9rj\u00e9vel, k\u00f6z\u00f6s ki\u00e1ll\u00edt\u00e1sa volt Mv.-en (1936), Borsz\u00e9ken (1937), Mv.-en rendszeresen szerepelt a helyi \u00e9s megyei t\u00e1rlatokon (1965\u20131977). Kov\u00e1szn\u00e1n (1976, 1977, 1978). Megh<\/p>\n","protected":false},"featured_media":0,"comment_status":"open","ping_status":"closed","template":"","meta":[],"product_brand":[],"product_cat":[137],"product_tag":[],"class_list":{"0":"post-3912","1":"product","2":"type-product","3":"status-publish","5":"product_cat-maros-megyei-eletrajzi-lexikon","7":"first","8":"instock","9":"shipping-taxable","10":"product-type-simple"},"_links":{"self":[{"href":"https:\/\/uj.adatbank.ro\/lexikon\/wp-json\/wp\/v2\/product\/3912","targetHints":{"allow":["GET"]}}],"collection":[{"href":"https:\/\/uj.adatbank.ro\/lexikon\/wp-json\/wp\/v2\/product"}],"about":[{"href":"https:\/\/uj.adatbank.ro\/lexikon\/wp-json\/wp\/v2\/types\/product"}],"replies":[{"embeddable":true,"href":"https:\/\/uj.adatbank.ro\/lexikon\/wp-json\/wp\/v2\/comments?post=3912"}],"wp:attachment":[{"href":"https:\/\/uj.adatbank.ro\/lexikon\/wp-json\/wp\/v2\/media?parent=3912"}],"wp:term":[{"taxonomy":"product_brand","embeddable":true,"href":"https:\/\/uj.adatbank.ro\/lexikon\/wp-json\/wp\/v2\/product_brand?post=3912"},{"taxonomy":"product_cat","embeddable":true,"href":"https:\/\/uj.adatbank.ro\/lexikon\/wp-json\/wp\/v2\/product_cat?post=3912"},{"taxonomy":"product_tag","embeddable":true,"href":"https:\/\/uj.adatbank.ro\/lexikon\/wp-json\/wp\/v2\/product_tag?post=3912"}],"curies":[{"name":"wp","href":"https:\/\/api.w.org\/{rel}","templated":true}]}}