{"id":3917,"date":"2025-06-28T16:16:52","date_gmt":"2025-06-28T14:16:52","guid":{"rendered":"https:\/\/uj.adatbank.ro\/lexikon\/termek\/barabas-jozsef\/"},"modified":"2025-06-28T16:16:52","modified_gmt":"2025-06-28T14:16:52","slug":"barabas-jozsef","status":"publish","type":"product","link":"https:\/\/uj.adatbank.ro\/lexikon\/termek\/barabas-jozsef\/","title":{"rendered":"BARAB\u00c1S J\u00f3zsef"},"content":{"rendered":"<p>? \u2020\u00a0? : ref. tan\u00edt\u00f3, l\u00e9vita.- Mv.-en subscrib\u00e1lt (1746). Toldalagon (1756), Magyarp\u00e9terlak\u00e1n (1757\u201360), K\u00f6rtv\u00e9lyf\u00e1j\u00e1n (1761), Erd\u0151csin\u00e1don (1761\u201368), Kisilly\u00e9n (1770-levita), Havadon (1771\u201372), Szenth\u00e1roms\u00e1gon (1773\u201374 l\u00e9vita), Kisg\u00f6rg\u00e9nyben (1776\u201385 l\u00e9vita) volt mester. <br \/><strong>Irod.:<\/strong> Filep 2.; Imreh Barna; \u0150sz<\/br><\/p>\n","protected":false},"excerpt":{"rendered":"<p>? \u2020\u00a0? : ref. tan\u00edt\u00f3, l\u00e9vita.- Mv.-en subscrib\u00e1lt (1746). Toldalagon (1756), Magyarp\u00e9terlak\u00e1n (1757\u201360), K\u00f6rtv\u00e9lyf\u00e1j\u00e1n (1761), Erd\u0151csin\u00e1don (1761\u201368), Kisilly\u00e9n (1770-levita), Havadon (1771\u201372), Szenth\u00e1roms\u00e1gon (1773\u201374 l\u00e9vita), Kisg\u00f6rg\u00e9nyben (1776\u201385 l\u00e9vita) volt mester. Irod.: Filep 2.; Imreh Barna; \u0150sz<\/p>\n","protected":false},"featured_media":0,"comment_status":"open","ping_status":"closed","template":"","meta":[],"product_brand":[],"product_cat":[137],"product_tag":[],"class_list":{"0":"post-3917","1":"product","2":"type-product","3":"status-publish","5":"product_cat-maros-megyei-eletrajzi-lexikon","7":"first","8":"instock","9":"shipping-taxable","10":"product-type-simple"},"_links":{"self":[{"href":"https:\/\/uj.adatbank.ro\/lexikon\/wp-json\/wp\/v2\/product\/3917","targetHints":{"allow":["GET"]}}],"collection":[{"href":"https:\/\/uj.adatbank.ro\/lexikon\/wp-json\/wp\/v2\/product"}],"about":[{"href":"https:\/\/uj.adatbank.ro\/lexikon\/wp-json\/wp\/v2\/types\/product"}],"replies":[{"embeddable":true,"href":"https:\/\/uj.adatbank.ro\/lexikon\/wp-json\/wp\/v2\/comments?post=3917"}],"wp:attachment":[{"href":"https:\/\/uj.adatbank.ro\/lexikon\/wp-json\/wp\/v2\/media?parent=3917"}],"wp:term":[{"taxonomy":"product_brand","embeddable":true,"href":"https:\/\/uj.adatbank.ro\/lexikon\/wp-json\/wp\/v2\/product_brand?post=3917"},{"taxonomy":"product_cat","embeddable":true,"href":"https:\/\/uj.adatbank.ro\/lexikon\/wp-json\/wp\/v2\/product_cat?post=3917"},{"taxonomy":"product_tag","embeddable":true,"href":"https:\/\/uj.adatbank.ro\/lexikon\/wp-json\/wp\/v2\/product_tag?post=3917"}],"curies":[{"name":"wp","href":"https:\/\/api.w.org\/{rel}","templated":true}]}}