{"id":3918,"date":"2025-06-28T16:16:54","date_gmt":"2025-06-28T14:16:54","guid":{"rendered":"https:\/\/uj.adatbank.ro\/lexikon\/termek\/barabas-laszlo\/"},"modified":"2025-06-28T16:16:54","modified_gmt":"2025-06-28T14:16:54","slug":"barabas-laszlo","status":"publish","type":"product","link":"https:\/\/uj.adatbank.ro\/lexikon\/termek\/barabas-laszlo\/","title":{"rendered":"BARAB\u00c1S L\u00e1szl\u00f3"},"content":{"rendered":"<p>Ny\u00e1r\u00e1db\u00e1lintfalva, 1915. febr. 6., \u2020\u00a0Borg\u00f3i-h\u00e1g\u00f3, 1944. okt. 6.: tartal\u00e9kos honv\u00e9d. \u2013 D\u00e1szkel Zsuzsanna fia. \u2013 Az 57\/III. z\u00e1szl\u00f3alj \u2013 t\u00f6rzs. \u2013 Eltemett\u00e9k Marosborg\u00f3n, a magyar h\u0151si temet\u0151ben. <br \/><strong>Irod.:<\/strong> Berekm\u00e9ri 2015<\/br><\/p>\n","protected":false},"excerpt":{"rendered":"<p>Ny\u00e1r\u00e1db\u00e1lintfalva, 1915. febr. 6., \u2020\u00a0Borg\u00f3i-h\u00e1g\u00f3, 1944. okt. 6.: tartal\u00e9kos honv\u00e9d. \u2013 D\u00e1szkel Zsuzsanna fia. \u2013 Az 57\/III. z\u00e1szl\u00f3alj \u2013 t\u00f6rzs. \u2013 Eltemett\u00e9k Marosborg\u00f3n, a magyar h\u0151si temet\u0151ben. Irod.: Berekm\u00e9ri 2015<\/p>\n","protected":false},"featured_media":0,"comment_status":"open","ping_status":"closed","template":"","meta":[],"product_brand":[],"product_cat":[137],"product_tag":[],"class_list":{"0":"post-3918","1":"product","2":"type-product","3":"status-publish","5":"product_cat-maros-megyei-eletrajzi-lexikon","7":"first","8":"instock","9":"shipping-taxable","10":"product-type-simple"},"_links":{"self":[{"href":"https:\/\/uj.adatbank.ro\/lexikon\/wp-json\/wp\/v2\/product\/3918","targetHints":{"allow":["GET"]}}],"collection":[{"href":"https:\/\/uj.adatbank.ro\/lexikon\/wp-json\/wp\/v2\/product"}],"about":[{"href":"https:\/\/uj.adatbank.ro\/lexikon\/wp-json\/wp\/v2\/types\/product"}],"replies":[{"embeddable":true,"href":"https:\/\/uj.adatbank.ro\/lexikon\/wp-json\/wp\/v2\/comments?post=3918"}],"wp:attachment":[{"href":"https:\/\/uj.adatbank.ro\/lexikon\/wp-json\/wp\/v2\/media?parent=3918"}],"wp:term":[{"taxonomy":"product_brand","embeddable":true,"href":"https:\/\/uj.adatbank.ro\/lexikon\/wp-json\/wp\/v2\/product_brand?post=3918"},{"taxonomy":"product_cat","embeddable":true,"href":"https:\/\/uj.adatbank.ro\/lexikon\/wp-json\/wp\/v2\/product_cat?post=3918"},{"taxonomy":"product_tag","embeddable":true,"href":"https:\/\/uj.adatbank.ro\/lexikon\/wp-json\/wp\/v2\/product_tag?post=3918"}],"curies":[{"name":"wp","href":"https:\/\/api.w.org\/{rel}","templated":true}]}}