{"id":3919,"date":"2025-06-28T16:16:57","date_gmt":"2025-06-28T14:16:57","guid":{"rendered":"https:\/\/uj.adatbank.ro\/lexikon\/termek\/barabas-margit\/"},"modified":"2025-06-28T16:16:57","modified_gmt":"2025-06-28T14:16:57","slug":"barabas-margit","status":"publish","type":"product","link":"https:\/\/uj.adatbank.ro\/lexikon\/termek\/barabas-margit\/","title":{"rendered":"BARAB\u00c1S Margit"},"content":{"rendered":"<p>? \u2020 ? : tan\u00e1r. \u2013 A sz\u00e1szr\u00e9geni M. Tannyelv\u0171 Pedag\u00f3giai Le\u00e1nyiskola tan\u00e1ra volt (1948\u2013). <br \/><strong>Irod.:<\/strong> Csern\u00e1toni; Szab\u00f3 K. Attila<\/br><\/p>\n","protected":false},"excerpt":{"rendered":"<p>? \u2020 ? : tan\u00e1r. \u2013 A sz\u00e1szr\u00e9geni M. Tannyelv\u0171 Pedag\u00f3giai Le\u00e1nyiskola tan\u00e1ra volt (1948\u2013). Irod.: Csern\u00e1toni; Szab\u00f3 K. Attila<\/p>\n","protected":false},"featured_media":0,"comment_status":"open","ping_status":"closed","template":"","meta":[],"product_brand":[],"product_cat":[137],"product_tag":[],"class_list":{"0":"post-3919","1":"product","2":"type-product","3":"status-publish","5":"product_cat-maros-megyei-eletrajzi-lexikon","7":"first","8":"instock","9":"shipping-taxable","10":"product-type-simple"},"_links":{"self":[{"href":"https:\/\/uj.adatbank.ro\/lexikon\/wp-json\/wp\/v2\/product\/3919","targetHints":{"allow":["GET"]}}],"collection":[{"href":"https:\/\/uj.adatbank.ro\/lexikon\/wp-json\/wp\/v2\/product"}],"about":[{"href":"https:\/\/uj.adatbank.ro\/lexikon\/wp-json\/wp\/v2\/types\/product"}],"replies":[{"embeddable":true,"href":"https:\/\/uj.adatbank.ro\/lexikon\/wp-json\/wp\/v2\/comments?post=3919"}],"wp:attachment":[{"href":"https:\/\/uj.adatbank.ro\/lexikon\/wp-json\/wp\/v2\/media?parent=3919"}],"wp:term":[{"taxonomy":"product_brand","embeddable":true,"href":"https:\/\/uj.adatbank.ro\/lexikon\/wp-json\/wp\/v2\/product_brand?post=3919"},{"taxonomy":"product_cat","embeddable":true,"href":"https:\/\/uj.adatbank.ro\/lexikon\/wp-json\/wp\/v2\/product_cat?post=3919"},{"taxonomy":"product_tag","embeddable":true,"href":"https:\/\/uj.adatbank.ro\/lexikon\/wp-json\/wp\/v2\/product_tag?post=3919"}],"curies":[{"name":"wp","href":"https:\/\/api.w.org\/{rel}","templated":true}]}}