{"id":3920,"date":"2025-06-28T16:17:00","date_gmt":"2025-06-28T14:17:00","guid":{"rendered":"https:\/\/uj.adatbank.ro\/lexikon\/termek\/barabas-marton\/"},"modified":"2025-06-28T16:17:00","modified_gmt":"2025-06-28T14:17:00","slug":"barabas-marton","status":"publish","type":"product","link":"https:\/\/uj.adatbank.ro\/lexikon\/termek\/barabas-marton\/","title":{"rendered":"BARAB\u00c1S M\u00e1rton"},"content":{"rendered":"<p>? \u2020 ? : k\u00f6t\u00e9lver\u0151.- A Szent Kir\u00e1ly u.-b\u00f3l a R\u00f3sa utc\u00e1ra kij\u00e1r\u00f3 u.-b\u00f3l sz\u00fcks\u00e9ges ter\u00fcletet vett meg a v\u00e1ros esk\u00fctjeinek tan\u00e1csa Barab\u00e1s M\u00e1rton k\u00f6t\u00e9lver\u0151t\u0151l (1804. m\u00e1rc. 3.), a k\u00f6zleked\u00e9s jav\u00edt\u00e1sa \u00e9rdek\u00e9ben. Az utca neve Csillag-k\u00f6z, lehet az id\u0151s k\u00f6t\u00e9lgy\u00e1rt\u00f3n\u00e9, Csillag Rebeka csal\u00e1dneve ut\u00e1n. <br \/><strong>Irod.:<\/strong> Orb\u00e1n \u2013 Oniga<\/br><\/p>\n","protected":false},"excerpt":{"rendered":"<p>? \u2020 ? : k\u00f6t\u00e9lver\u0151.- A Szent Kir\u00e1ly u.-b\u00f3l a R\u00f3sa utc\u00e1ra kij\u00e1r\u00f3 u.-b\u00f3l sz\u00fcks\u00e9ges ter\u00fcletet vett meg a v\u00e1ros esk\u00fctjeinek tan\u00e1csa Barab\u00e1s M\u00e1rton k\u00f6t\u00e9lver\u0151t\u0151l (1804. m\u00e1rc. 3.), a k\u00f6zleked\u00e9s jav\u00edt\u00e1sa \u00e9rdek\u00e9ben. Az utca neve Csillag-k\u00f6z, lehet az id\u0151s k\u00f6t\u00e9lgy\u00e1rt\u00f3n\u00e9, Csillag Rebeka csal\u00e1dneve ut\u00e1n. Irod.: Orb\u00e1n \u2013 Oniga<\/p>\n","protected":false},"featured_media":0,"comment_status":"open","ping_status":"closed","template":"","meta":[],"product_brand":[],"product_cat":[137],"product_tag":[],"class_list":{"0":"post-3920","1":"product","2":"type-product","3":"status-publish","5":"product_cat-maros-megyei-eletrajzi-lexikon","7":"first","8":"instock","9":"shipping-taxable","10":"product-type-simple"},"_links":{"self":[{"href":"https:\/\/uj.adatbank.ro\/lexikon\/wp-json\/wp\/v2\/product\/3920","targetHints":{"allow":["GET"]}}],"collection":[{"href":"https:\/\/uj.adatbank.ro\/lexikon\/wp-json\/wp\/v2\/product"}],"about":[{"href":"https:\/\/uj.adatbank.ro\/lexikon\/wp-json\/wp\/v2\/types\/product"}],"replies":[{"embeddable":true,"href":"https:\/\/uj.adatbank.ro\/lexikon\/wp-json\/wp\/v2\/comments?post=3920"}],"wp:attachment":[{"href":"https:\/\/uj.adatbank.ro\/lexikon\/wp-json\/wp\/v2\/media?parent=3920"}],"wp:term":[{"taxonomy":"product_brand","embeddable":true,"href":"https:\/\/uj.adatbank.ro\/lexikon\/wp-json\/wp\/v2\/product_brand?post=3920"},{"taxonomy":"product_cat","embeddable":true,"href":"https:\/\/uj.adatbank.ro\/lexikon\/wp-json\/wp\/v2\/product_cat?post=3920"},{"taxonomy":"product_tag","embeddable":true,"href":"https:\/\/uj.adatbank.ro\/lexikon\/wp-json\/wp\/v2\/product_tag?post=3920"}],"curies":[{"name":"wp","href":"https:\/\/api.w.org\/{rel}","templated":true}]}}