{"id":3921,"date":"2025-06-28T16:17:02","date_gmt":"2025-06-28T14:17:02","guid":{"rendered":"https:\/\/uj.adatbank.ro\/lexikon\/termek\/barabas-mihaly\/"},"modified":"2025-06-28T16:17:02","modified_gmt":"2025-06-28T14:17:02","slug":"barabas-mihaly","status":"publish","type":"product","link":"https:\/\/uj.adatbank.ro\/lexikon\/termek\/barabas-mihaly\/","title":{"rendered":"BARAB\u00c1S Mih\u00e1ly"},"content":{"rendered":"<p>Sz\u00e9kelyvaja, 1914. m\u00e1j. 10., \u2020\u00a0?\u00a0: gazd\u00e1lkod\u00f3. \u2013 Letart\u00f3ztatt\u00e1k (1958. aug. 15.) A v\u00e1d: p\u00e1rt- \u00e9s rendszerellenes levelet \u00edrt a rajoni p\u00e1rtrbizotts\u00e1gnak, lak\u00e1s\u00e1n katonai l\u0151szert tal\u00e1ltak. B\u00edr\u00f3s\u00e1g el\u00e9 \u00e1ll\u00edtott\u00e1k. <br \/><strong>Irod.:<\/strong> 1956 Erd\u00e9lyben<\/br><\/p>\n","protected":false},"excerpt":{"rendered":"<p>Sz\u00e9kelyvaja, 1914. m\u00e1j. 10., \u2020\u00a0?\u00a0: gazd\u00e1lkod\u00f3. \u2013 Letart\u00f3ztatt\u00e1k (1958. aug. 15.) A v\u00e1d: p\u00e1rt- \u00e9s rendszerellenes levelet \u00edrt a rajoni p\u00e1rtrbizotts\u00e1gnak, lak\u00e1s\u00e1n katonai l\u0151szert tal\u00e1ltak. B\u00edr\u00f3s\u00e1g el\u00e9 \u00e1ll\u00edtott\u00e1k. Irod.: 1956 Erd\u00e9lyben<\/p>\n","protected":false},"featured_media":0,"comment_status":"open","ping_status":"closed","template":"","meta":[],"product_brand":[],"product_cat":[137],"product_tag":[],"class_list":{"0":"post-3921","1":"product","2":"type-product","3":"status-publish","5":"product_cat-maros-megyei-eletrajzi-lexikon","7":"first","8":"instock","9":"shipping-taxable","10":"product-type-simple"},"_links":{"self":[{"href":"https:\/\/uj.adatbank.ro\/lexikon\/wp-json\/wp\/v2\/product\/3921","targetHints":{"allow":["GET"]}}],"collection":[{"href":"https:\/\/uj.adatbank.ro\/lexikon\/wp-json\/wp\/v2\/product"}],"about":[{"href":"https:\/\/uj.adatbank.ro\/lexikon\/wp-json\/wp\/v2\/types\/product"}],"replies":[{"embeddable":true,"href":"https:\/\/uj.adatbank.ro\/lexikon\/wp-json\/wp\/v2\/comments?post=3921"}],"wp:attachment":[{"href":"https:\/\/uj.adatbank.ro\/lexikon\/wp-json\/wp\/v2\/media?parent=3921"}],"wp:term":[{"taxonomy":"product_brand","embeddable":true,"href":"https:\/\/uj.adatbank.ro\/lexikon\/wp-json\/wp\/v2\/product_brand?post=3921"},{"taxonomy":"product_cat","embeddable":true,"href":"https:\/\/uj.adatbank.ro\/lexikon\/wp-json\/wp\/v2\/product_cat?post=3921"},{"taxonomy":"product_tag","embeddable":true,"href":"https:\/\/uj.adatbank.ro\/lexikon\/wp-json\/wp\/v2\/product_tag?post=3921"}],"curies":[{"name":"wp","href":"https:\/\/api.w.org\/{rel}","templated":true}]}}