{"id":3927,"date":"2025-06-28T16:17:21","date_gmt":"2025-06-28T14:17:21","guid":{"rendered":"https:\/\/uj.adatbank.ro\/lexikon\/termek\/barabas-zsigmond\/"},"modified":"2025-06-28T16:17:21","modified_gmt":"2025-06-28T14:17:21","slug":"barabas-zsigmond","status":"publish","type":"product","link":"https:\/\/uj.adatbank.ro\/lexikon\/termek\/barabas-zsigmond\/","title":{"rendered":"BARAB\u00c1S Zsigmond"},"content":{"rendered":"<p>?, \u2020\u00a0? : ref. lelk\u00e9sz. \u2013 Feles\u00e9ge: Tegzi \u00c1gnes. \u2013 Nagyenyeden subscrib\u00e1lt (1774). A s\u00e1rdi zsinaton ordin\u00e1lt\u00e1k (1783). Magyarherep\u00e9n (1781\u201388), Maroscsap\u00f3n (1789), G\u00f3g\u00e1nban (1790\u201397) \u00e9s K\u00e9zdim\u00e1rkosfalv\u00e1n (1797\u201399) szolg\u00e1lt. <br \/><strong>Irod.:<\/strong> K\u00fck\u00fcll\u0151i Ref. Egyh\u00e1zm. 2., 3., 4.<\/br><\/p>\n","protected":false},"excerpt":{"rendered":"<p>?, \u2020\u00a0? : ref. lelk\u00e9sz. \u2013 Feles\u00e9ge: Tegzi \u00c1gnes. \u2013 Nagyenyeden subscrib\u00e1lt (1774). A s\u00e1rdi zsinaton ordin\u00e1lt\u00e1k (1783). Magyarherep\u00e9n (1781\u201388), Maroscsap\u00f3n (1789), G\u00f3g\u00e1nban (1790\u201397) \u00e9s K\u00e9zdim\u00e1rkosfalv\u00e1n (1797\u201399) szolg\u00e1lt. Irod.: K\u00fck\u00fcll\u0151i Ref. Egyh\u00e1zm. 2., 3., 4.<\/p>\n","protected":false},"featured_media":0,"comment_status":"open","ping_status":"closed","template":"","meta":[],"product_brand":[],"product_cat":[137],"product_tag":[],"class_list":{"0":"post-3927","1":"product","2":"type-product","3":"status-publish","5":"product_cat-maros-megyei-eletrajzi-lexikon","7":"first","8":"instock","9":"shipping-taxable","10":"product-type-simple"},"_links":{"self":[{"href":"https:\/\/uj.adatbank.ro\/lexikon\/wp-json\/wp\/v2\/product\/3927","targetHints":{"allow":["GET"]}}],"collection":[{"href":"https:\/\/uj.adatbank.ro\/lexikon\/wp-json\/wp\/v2\/product"}],"about":[{"href":"https:\/\/uj.adatbank.ro\/lexikon\/wp-json\/wp\/v2\/types\/product"}],"replies":[{"embeddable":true,"href":"https:\/\/uj.adatbank.ro\/lexikon\/wp-json\/wp\/v2\/comments?post=3927"}],"wp:attachment":[{"href":"https:\/\/uj.adatbank.ro\/lexikon\/wp-json\/wp\/v2\/media?parent=3927"}],"wp:term":[{"taxonomy":"product_brand","embeddable":true,"href":"https:\/\/uj.adatbank.ro\/lexikon\/wp-json\/wp\/v2\/product_brand?post=3927"},{"taxonomy":"product_cat","embeddable":true,"href":"https:\/\/uj.adatbank.ro\/lexikon\/wp-json\/wp\/v2\/product_cat?post=3927"},{"taxonomy":"product_tag","embeddable":true,"href":"https:\/\/uj.adatbank.ro\/lexikon\/wp-json\/wp\/v2\/product_tag?post=3927"}],"curies":[{"name":"wp","href":"https:\/\/api.w.org\/{rel}","templated":true}]}}