{"id":3929,"date":"2025-06-28T16:17:28","date_gmt":"2025-06-28T14:17:28","guid":{"rendered":"https:\/\/uj.adatbank.ro\/lexikon\/termek\/barabasi-d-jozsef\/"},"modified":"2025-06-28T16:17:28","modified_gmt":"2025-06-28T14:17:28","slug":"barabasi-d-jozsef","status":"publish","type":"product","link":"https:\/\/uj.adatbank.ro\/lexikon\/termek\/barabasi-d-jozsef\/","title":{"rendered":"BARAB\u00c1SI D. J\u00f3zsef"},"content":{"rendered":"<p>1921 \u2020 ? : f\u00f6ldmunk\u00e1s, malom vezet\u0151. \u2013 A RMP tagja. A paniti Sik\u00f3 \u00e9s Tisza Malom (alap\u00edtott\u00e1k 1923) \u00e1llamos\u00edt\u00e1sakor megb\u00edzott \u00fcgyint\u00e9z\u0151je (1948. j\u00fan. 17. \u2013). A malom \u00f6t alkalmazottal napi egy vagon gabon\u00e1t \u0151r\u00f6lt meg. K\u00e9s\u0151bb Koncz Istv\u00e1n moln\u00e1rt b\u00edzt\u00e1k meg a malom vezet\u00e9s\u00e9vel (1948. szept. 15. \u2013), majd beolvasztott\u00e1k a mv.-i sz\u00e9khely\u0171 Interna\u0163ionala V\u00e1llalatba (1950. j\u00fal. 1. \u2013). <br \/><strong>Irod.:<\/strong> Bartos Zolt\u00e1n<\/br><\/p>\n","protected":false},"excerpt":{"rendered":"<p>1921 \u2020 ? : f\u00f6ldmunk\u00e1s, malom vezet\u0151. \u2013 A RMP tagja. A paniti Sik\u00f3 \u00e9s Tisza Malom (alap\u00edtott\u00e1k 1923) \u00e1llamos\u00edt\u00e1sakor megb\u00edzott \u00fcgyint\u00e9z\u0151je (1948. j\u00fan. 17. \u2013). A malom \u00f6t alkalmazottal napi egy vagon gabon\u00e1t \u0151r\u00f6lt meg. K\u00e9s\u0151bb Koncz Istv\u00e1n moln\u00e1rt b\u00edzt\u00e1k meg a malom vezet\u00e9s\u00e9vel (1948. szept. 15. \u2013), majd beolvasztott\u00e1k a mv.-i sz\u00e9khely\u0171 Interna\u0163ionala [&hellip;]<\/p>\n","protected":false},"featured_media":0,"comment_status":"open","ping_status":"closed","template":"","meta":[],"product_brand":[],"product_cat":[137],"product_tag":[],"class_list":{"0":"post-3929","1":"product","2":"type-product","3":"status-publish","5":"product_cat-maros-megyei-eletrajzi-lexikon","7":"first","8":"instock","9":"shipping-taxable","10":"product-type-simple"},"_links":{"self":[{"href":"https:\/\/uj.adatbank.ro\/lexikon\/wp-json\/wp\/v2\/product\/3929","targetHints":{"allow":["GET"]}}],"collection":[{"href":"https:\/\/uj.adatbank.ro\/lexikon\/wp-json\/wp\/v2\/product"}],"about":[{"href":"https:\/\/uj.adatbank.ro\/lexikon\/wp-json\/wp\/v2\/types\/product"}],"replies":[{"embeddable":true,"href":"https:\/\/uj.adatbank.ro\/lexikon\/wp-json\/wp\/v2\/comments?post=3929"}],"wp:attachment":[{"href":"https:\/\/uj.adatbank.ro\/lexikon\/wp-json\/wp\/v2\/media?parent=3929"}],"wp:term":[{"taxonomy":"product_brand","embeddable":true,"href":"https:\/\/uj.adatbank.ro\/lexikon\/wp-json\/wp\/v2\/product_brand?post=3929"},{"taxonomy":"product_cat","embeddable":true,"href":"https:\/\/uj.adatbank.ro\/lexikon\/wp-json\/wp\/v2\/product_cat?post=3929"},{"taxonomy":"product_tag","embeddable":true,"href":"https:\/\/uj.adatbank.ro\/lexikon\/wp-json\/wp\/v2\/product_tag?post=3929"}],"curies":[{"name":"wp","href":"https:\/\/api.w.org\/{rel}","templated":true}]}}