{"id":3931,"date":"2025-06-28T16:17:33","date_gmt":"2025-06-28T14:17:33","guid":{"rendered":"https:\/\/uj.adatbank.ro\/lexikon\/termek\/barabasi-jozsef\/"},"modified":"2025-06-28T16:17:33","modified_gmt":"2025-06-28T14:17:33","slug":"barabasi-jozsef","status":"publish","type":"product","link":"https:\/\/uj.adatbank.ro\/lexikon\/termek\/barabasi-jozsef\/","title":{"rendered":"BARAB\u00c1SI J\u00f3zsef"},"content":{"rendered":"<p>? \u2020\u00a0? : k\u00e9pvisel\u0151. \u2013 A MMAT k\u00e9pvisel\u0151je (1961. m\u00e1rc. 5.), a paniti Kollekt\u00edv Gazdas\u00e1g eln\u00f6ke. <br \/><strong>Irod.:<\/strong> Cri\u015fan<\/br><\/p>\n","protected":false},"excerpt":{"rendered":"<p>? \u2020\u00a0? : k\u00e9pvisel\u0151. \u2013 A MMAT k\u00e9pvisel\u0151je (1961. m\u00e1rc. 5.), a paniti Kollekt\u00edv Gazdas\u00e1g eln\u00f6ke. Irod.: Cri\u015fan<\/p>\n","protected":false},"featured_media":0,"comment_status":"open","ping_status":"closed","template":"","meta":[],"product_brand":[],"product_cat":[137],"product_tag":[],"class_list":{"0":"post-3931","1":"product","2":"type-product","3":"status-publish","5":"product_cat-maros-megyei-eletrajzi-lexikon","7":"first","8":"instock","9":"shipping-taxable","10":"product-type-simple"},"_links":{"self":[{"href":"https:\/\/uj.adatbank.ro\/lexikon\/wp-json\/wp\/v2\/product\/3931","targetHints":{"allow":["GET"]}}],"collection":[{"href":"https:\/\/uj.adatbank.ro\/lexikon\/wp-json\/wp\/v2\/product"}],"about":[{"href":"https:\/\/uj.adatbank.ro\/lexikon\/wp-json\/wp\/v2\/types\/product"}],"replies":[{"embeddable":true,"href":"https:\/\/uj.adatbank.ro\/lexikon\/wp-json\/wp\/v2\/comments?post=3931"}],"wp:attachment":[{"href":"https:\/\/uj.adatbank.ro\/lexikon\/wp-json\/wp\/v2\/media?parent=3931"}],"wp:term":[{"taxonomy":"product_brand","embeddable":true,"href":"https:\/\/uj.adatbank.ro\/lexikon\/wp-json\/wp\/v2\/product_brand?post=3931"},{"taxonomy":"product_cat","embeddable":true,"href":"https:\/\/uj.adatbank.ro\/lexikon\/wp-json\/wp\/v2\/product_cat?post=3931"},{"taxonomy":"product_tag","embeddable":true,"href":"https:\/\/uj.adatbank.ro\/lexikon\/wp-json\/wp\/v2\/product_tag?post=3931"}],"curies":[{"name":"wp","href":"https:\/\/api.w.org\/{rel}","templated":true}]}}