{"id":3932,"date":"2025-06-28T16:17:38","date_gmt":"2025-06-28T14:17:38","guid":{"rendered":"https:\/\/uj.adatbank.ro\/lexikon\/termek\/barabasi-kata-makfalvi-pechy-simonne\/"},"modified":"2025-06-28T16:17:38","modified_gmt":"2025-06-28T14:17:38","slug":"barabasi-kata-makfalvi-pechy-simonne","status":"publish","type":"product","link":"https:\/\/uj.adatbank.ro\/lexikon\/termek\/barabasi-kata-makfalvi-pechy-simonne\/","title":{"rendered":"BARAB\u00c1SI Kata, makfalvi; P\u00e9chy Simonn\u00e9"},"content":{"rendered":"<p>1622, \u2020\u00a0? : f\u00f6lbirtokos. \u2013 Levelet \u00edrt Bornemissza P\u00e1l udvari f\u0151kapit\u00e1nyhoz, melyben Husz\u00e1r M\u00e1ty\u00e1s Torda vm. f\u0151isp\u00e1nj\u00e1t\u00f3l \u00fcld\u00f6ztet\u00e9s\u00fckr\u0151l s Kebele Maros-sz\u00e9ki falu hat\u00e1r\u00e1ban a fejedelemt\u0151l vett birtokukban h\u00e1borgattat\u00e1suk fel\u0151l panaszkodott \u00e9s p\u00e1rtfog\u00e1st k\u00e9rt. (Kelt Gy.-Fej\u00e9rv\u00e1rt, 1643. jun. 5); Vessel\u00e9nyi Kata levele f\u00e9rj\u00e9nek Kornis P\u00e9ternek, csal\u00e1di \u00fcgyekr\u0151l, jobb\u00e1gyokr\u00f3l, P\u00e9csy Simonn\u00e9 dolg\u00e1r\u00f3l stb. (Kelt Szent-Benedeken 1644. febr. 7); Apafi Mih\u00e1ly vallat\u00f3 parancsolata szenterzs\u00e9beti P\u00e9chy Simon \u00f6zvegye Barab\u00e1si Kata \u00e9s P\u00e9ter Mih\u00e1ly r\u00e9sz\u00e9re. (Kelt Radn\u00f3thon 1665. aug 7). <br \/><strong>Irod.:<\/strong> P\u00e1lmay; SzOkl, 6.<\/br><\/p>\n","protected":false},"excerpt":{"rendered":"<p>1622, \u2020\u00a0? : f\u00f6lbirtokos. \u2013 Levelet \u00edrt Bornemissza P\u00e1l udvari f\u0151kapit\u00e1nyhoz, melyben Husz\u00e1r M\u00e1ty\u00e1s Torda vm. f\u0151isp\u00e1nj\u00e1t\u00f3l \u00fcld\u00f6ztet\u00e9s\u00fckr\u0151l s Kebele Maros-sz\u00e9ki falu hat\u00e1r\u00e1ban a fejedelemt\u0151l vett birtokukban h\u00e1borgattat\u00e1suk fel\u0151l panaszkodott \u00e9s p\u00e1rtfog\u00e1st k\u00e9rt. (Kelt Gy.-Fej\u00e9rv\u00e1rt, 1643. jun. 5); Vessel\u00e9nyi Kata levele f\u00e9rj\u00e9nek Kornis P\u00e9ternek, csal\u00e1di \u00fcgyekr\u0151l, jobb\u00e1gyokr\u00f3l, P\u00e9csy Simonn\u00e9 dolg\u00e1r\u00f3l stb. (Kelt Szent-Benedeken 1644. febr. [&hellip;]<\/p>\n","protected":false},"featured_media":0,"comment_status":"open","ping_status":"closed","template":"","meta":[],"product_brand":[],"product_cat":[137],"product_tag":[],"class_list":{"0":"post-3932","1":"product","2":"type-product","3":"status-publish","5":"product_cat-maros-megyei-eletrajzi-lexikon","7":"first","8":"instock","9":"shipping-taxable","10":"product-type-simple"},"_links":{"self":[{"href":"https:\/\/uj.adatbank.ro\/lexikon\/wp-json\/wp\/v2\/product\/3932","targetHints":{"allow":["GET"]}}],"collection":[{"href":"https:\/\/uj.adatbank.ro\/lexikon\/wp-json\/wp\/v2\/product"}],"about":[{"href":"https:\/\/uj.adatbank.ro\/lexikon\/wp-json\/wp\/v2\/types\/product"}],"replies":[{"embeddable":true,"href":"https:\/\/uj.adatbank.ro\/lexikon\/wp-json\/wp\/v2\/comments?post=3932"}],"wp:attachment":[{"href":"https:\/\/uj.adatbank.ro\/lexikon\/wp-json\/wp\/v2\/media?parent=3932"}],"wp:term":[{"taxonomy":"product_brand","embeddable":true,"href":"https:\/\/uj.adatbank.ro\/lexikon\/wp-json\/wp\/v2\/product_brand?post=3932"},{"taxonomy":"product_cat","embeddable":true,"href":"https:\/\/uj.adatbank.ro\/lexikon\/wp-json\/wp\/v2\/product_cat?post=3932"},{"taxonomy":"product_tag","embeddable":true,"href":"https:\/\/uj.adatbank.ro\/lexikon\/wp-json\/wp\/v2\/product_tag?post=3932"}],"curies":[{"name":"wp","href":"https:\/\/api.w.org\/{rel}","templated":true}]}}