{"id":3933,"date":"2025-06-28T16:17:41","date_gmt":"2025-06-28T14:17:41","guid":{"rendered":"https:\/\/uj.adatbank.ro\/lexikon\/termek\/barabasi-miklos-ehedi\/"},"modified":"2025-06-28T16:17:41","modified_gmt":"2025-06-28T14:17:41","slug":"barabasi-miklos-ehedi","status":"publish","type":"product","link":"https:\/\/uj.adatbank.ro\/lexikon\/termek\/barabasi-miklos-ehedi\/","title":{"rendered":"BARAB\u00c1SI Mikl\u00f3s, ehedi"},"content":{"rendered":"<p>1943 \u2020\u00a0Mv., 1997.: fogorvos. \u2013 A MOGYI \u00fajraalakult fog\u00e1szati kar\u00e1n v\u00e9gzett (1961). Kapnikb\u00e1ny\u00e1n, M\u00e1ramaros megy\u00e9ben fogorvos. A mv.-i ref. temet\u0151ben nyugszik. <br \/><strong>Irod.:<\/strong> Kiss\u2013P\u00e9terffy\u2013P\u00e9terffy; Kiss Cs. M 4.<\/br><\/p>\n","protected":false},"excerpt":{"rendered":"<p>1943 \u2020\u00a0Mv., 1997.: fogorvos. \u2013 A MOGYI \u00fajraalakult fog\u00e1szati kar\u00e1n v\u00e9gzett (1961). Kapnikb\u00e1ny\u00e1n, M\u00e1ramaros megy\u00e9ben fogorvos. A mv.-i ref. temet\u0151ben nyugszik. Irod.: Kiss\u2013P\u00e9terffy\u2013P\u00e9terffy; Kiss Cs. M 4.<\/p>\n","protected":false},"featured_media":0,"comment_status":"open","ping_status":"closed","template":"","meta":[],"product_brand":[],"product_cat":[137],"product_tag":[],"class_list":{"0":"post-3933","1":"product","2":"type-product","3":"status-publish","5":"product_cat-maros-megyei-eletrajzi-lexikon","7":"first","8":"instock","9":"shipping-taxable","10":"product-type-simple"},"_links":{"self":[{"href":"https:\/\/uj.adatbank.ro\/lexikon\/wp-json\/wp\/v2\/product\/3933","targetHints":{"allow":["GET"]}}],"collection":[{"href":"https:\/\/uj.adatbank.ro\/lexikon\/wp-json\/wp\/v2\/product"}],"about":[{"href":"https:\/\/uj.adatbank.ro\/lexikon\/wp-json\/wp\/v2\/types\/product"}],"replies":[{"embeddable":true,"href":"https:\/\/uj.adatbank.ro\/lexikon\/wp-json\/wp\/v2\/comments?post=3933"}],"wp:attachment":[{"href":"https:\/\/uj.adatbank.ro\/lexikon\/wp-json\/wp\/v2\/media?parent=3933"}],"wp:term":[{"taxonomy":"product_brand","embeddable":true,"href":"https:\/\/uj.adatbank.ro\/lexikon\/wp-json\/wp\/v2\/product_brand?post=3933"},{"taxonomy":"product_cat","embeddable":true,"href":"https:\/\/uj.adatbank.ro\/lexikon\/wp-json\/wp\/v2\/product_cat?post=3933"},{"taxonomy":"product_tag","embeddable":true,"href":"https:\/\/uj.adatbank.ro\/lexikon\/wp-json\/wp\/v2\/product_tag?post=3933"}],"curies":[{"name":"wp","href":"https:\/\/api.w.org\/{rel}","templated":true}]}}