{"id":3934,"date":"2025-06-28T16:17:44","date_gmt":"2025-06-28T14:17:44","guid":{"rendered":"https:\/\/uj.adatbank.ro\/lexikon\/termek\/barabasi-pal\/"},"modified":"2025-06-28T16:17:44","modified_gmt":"2025-06-28T14:17:44","slug":"barabasi-pal","status":"publish","type":"product","link":"https:\/\/uj.adatbank.ro\/lexikon\/termek\/barabasi-pal\/","title":{"rendered":"BARAB\u00c1SI P\u00e1l"},"content":{"rendered":"<p>Mez\u0151panit, 1915. szept. 19., \u2020\u00a0? : gazd\u00e1lkod\u00f3. \u2013 Mez\u0151gazdas\u00e1gi t\u00e1rsul\u00e1si tag. Letart\u00f3ztatt\u00e1k (1961. aug. 2.) \u00e9s a t\u00e1rsadalmi rend elleni t\u00e9nyked\u00e9s v\u00e1dj\u00e1val \u00e1ll\u00edtott\u00e1k b\u00edr\u00f3s\u00e1g el\u00e9. \u2013 Irod: 1956 Erd\u00e9lyben; \u00c1ldozatok<\/br><\/p>\n","protected":false},"excerpt":{"rendered":"<p>Mez\u0151panit, 1915. szept. 19., \u2020\u00a0? : gazd\u00e1lkod\u00f3. \u2013 Mez\u0151gazdas\u00e1gi t\u00e1rsul\u00e1si tag. Letart\u00f3ztatt\u00e1k (1961. aug. 2.) \u00e9s a t\u00e1rsadalmi rend elleni t\u00e9nyked\u00e9s v\u00e1dj\u00e1val \u00e1ll\u00edtott\u00e1k b\u00edr\u00f3s\u00e1g el\u00e9. \u2013 Irod: 1956 Erd\u00e9lyben; \u00c1ldozatok<\/p>\n","protected":false},"featured_media":0,"comment_status":"open","ping_status":"closed","template":"","meta":[],"product_brand":[],"product_cat":[137],"product_tag":[],"class_list":{"0":"post-3934","1":"product","2":"type-product","3":"status-publish","5":"product_cat-maros-megyei-eletrajzi-lexikon","7":"first","8":"instock","9":"shipping-taxable","10":"product-type-simple"},"_links":{"self":[{"href":"https:\/\/uj.adatbank.ro\/lexikon\/wp-json\/wp\/v2\/product\/3934","targetHints":{"allow":["GET"]}}],"collection":[{"href":"https:\/\/uj.adatbank.ro\/lexikon\/wp-json\/wp\/v2\/product"}],"about":[{"href":"https:\/\/uj.adatbank.ro\/lexikon\/wp-json\/wp\/v2\/types\/product"}],"replies":[{"embeddable":true,"href":"https:\/\/uj.adatbank.ro\/lexikon\/wp-json\/wp\/v2\/comments?post=3934"}],"wp:attachment":[{"href":"https:\/\/uj.adatbank.ro\/lexikon\/wp-json\/wp\/v2\/media?parent=3934"}],"wp:term":[{"taxonomy":"product_brand","embeddable":true,"href":"https:\/\/uj.adatbank.ro\/lexikon\/wp-json\/wp\/v2\/product_brand?post=3934"},{"taxonomy":"product_cat","embeddable":true,"href":"https:\/\/uj.adatbank.ro\/lexikon\/wp-json\/wp\/v2\/product_cat?post=3934"},{"taxonomy":"product_tag","embeddable":true,"href":"https:\/\/uj.adatbank.ro\/lexikon\/wp-json\/wp\/v2\/product_tag?post=3934"}],"curies":[{"name":"wp","href":"https:\/\/api.w.org\/{rel}","templated":true}]}}