{"id":3935,"date":"2025-06-28T16:17:47","date_gmt":"2025-06-28T14:17:47","guid":{"rendered":"https:\/\/uj.adatbank.ro\/lexikon\/termek\/barabassy-farkas-barrabasy-farkas-barrabasi-farkas\/"},"modified":"2025-06-28T16:17:47","modified_gmt":"2025-06-28T14:17:47","slug":"barabassy-farkas-barrabasy-farkas-barrabasi-farkas","status":"publish","type":"product","link":"https:\/\/uj.adatbank.ro\/lexikon\/termek\/barabassy-farkas-barrabasy-farkas-barrabasi-farkas\/","title":{"rendered":"BARAB\u00c1SSY Farkas, Barrabasy Farkas, Barrabasi Farkas"},"content":{"rendered":"<p>1525., \u2020 1588.: l\u00f3f\u0151, nemes, kir\u00e1lyb\u00edr\u00f3. \u2013 Jelent\u0151s t\u00f6rt\u00e9nelmi szerepet j\u00e1tszott a kialakul\u00f3 Erd\u00e9lyi Fejedelems\u00e9g f\u0151urai k\u00f6z\u00f6tt, a kir\u00e1ly-fejedelem, Szapolyai J\u00e1nos Zsigmond udvari famili\u00e1risa B\u00e1thori Istv\u00e1nnal, Bekes G\u00e1sp\u00e1rral \u00e9s m\u00e1s f\u0151urakkal. Marossz\u00e9ken sz\u00e9kely l\u00f3f\u0151s\u00e9geket szerzett (1566), L\u0151rincfalv\u00e1n 12 h\u00e1z job\u00e1gyot kapott. J\u00e1nos Zsigmond hal\u00e1la ut\u00e1n B\u00e1thori Istv\u00e1nt t\u00e1mogatja, a sorsd\u00f6nt\u0151 kerel\u0151szentp\u00e1li testv\u00e9rcsat\u00e1ban (1575), szemben unokatestv\u00e9r\u00e9vel csikfalvi Barab\u00e1ssy Ferenccel. B\u00e1thori Krist\u00f3f alatt Marossz\u00e9k kir\u00e1lyb\u00edr\u00e1ja. <br \/><strong>Irod.:<\/strong> Barab\u00e1ssy csal\u00e1di inf.<\/br><\/p>\n","protected":false},"excerpt":{"rendered":"<p>1525., \u2020 1588.: l\u00f3f\u0151, nemes, kir\u00e1lyb\u00edr\u00f3. \u2013 Jelent\u0151s t\u00f6rt\u00e9nelmi szerepet j\u00e1tszott a kialakul\u00f3 Erd\u00e9lyi Fejedelems\u00e9g f\u0151urai k\u00f6z\u00f6tt, a kir\u00e1ly-fejedelem, Szapolyai J\u00e1nos Zsigmond udvari famili\u00e1risa B\u00e1thori Istv\u00e1nnal, Bekes G\u00e1sp\u00e1rral \u00e9s m\u00e1s f\u0151urakkal. Marossz\u00e9ken sz\u00e9kely l\u00f3f\u0151s\u00e9geket szerzett (1566), L\u0151rincfalv\u00e1n 12 h\u00e1z job\u00e1gyot kapott. J\u00e1nos Zsigmond hal\u00e1la ut\u00e1n B\u00e1thori Istv\u00e1nt t\u00e1mogatja, a sorsd\u00f6nt\u0151 kerel\u0151szentp\u00e1li testv\u00e9rcsat\u00e1ban (1575), szemben unokatestv\u00e9r\u00e9vel [&hellip;]<\/p>\n","protected":false},"featured_media":0,"comment_status":"open","ping_status":"closed","template":"","meta":[],"product_brand":[],"product_cat":[137],"product_tag":[],"class_list":{"0":"post-3935","1":"product","2":"type-product","3":"status-publish","5":"product_cat-maros-megyei-eletrajzi-lexikon","7":"first","8":"instock","9":"shipping-taxable","10":"product-type-simple"},"_links":{"self":[{"href":"https:\/\/uj.adatbank.ro\/lexikon\/wp-json\/wp\/v2\/product\/3935","targetHints":{"allow":["GET"]}}],"collection":[{"href":"https:\/\/uj.adatbank.ro\/lexikon\/wp-json\/wp\/v2\/product"}],"about":[{"href":"https:\/\/uj.adatbank.ro\/lexikon\/wp-json\/wp\/v2\/types\/product"}],"replies":[{"embeddable":true,"href":"https:\/\/uj.adatbank.ro\/lexikon\/wp-json\/wp\/v2\/comments?post=3935"}],"wp:attachment":[{"href":"https:\/\/uj.adatbank.ro\/lexikon\/wp-json\/wp\/v2\/media?parent=3935"}],"wp:term":[{"taxonomy":"product_brand","embeddable":true,"href":"https:\/\/uj.adatbank.ro\/lexikon\/wp-json\/wp\/v2\/product_brand?post=3935"},{"taxonomy":"product_cat","embeddable":true,"href":"https:\/\/uj.adatbank.ro\/lexikon\/wp-json\/wp\/v2\/product_cat?post=3935"},{"taxonomy":"product_tag","embeddable":true,"href":"https:\/\/uj.adatbank.ro\/lexikon\/wp-json\/wp\/v2\/product_tag?post=3935"}],"curies":[{"name":"wp","href":"https:\/\/api.w.org\/{rel}","templated":true}]}}