{"id":3937,"date":"2025-06-28T16:17:53","date_gmt":"2025-06-28T14:17:53","guid":{"rendered":"https:\/\/uj.adatbank.ro\/lexikon\/termek\/barabassy-ferenc-makfalvi-barabasi-ferenc\/"},"modified":"2025-06-28T16:17:53","modified_gmt":"2025-06-28T14:17:53","slug":"barabassy-ferenc-makfalvi-barabasi-ferenc","status":"publish","type":"product","link":"https:\/\/uj.adatbank.ro\/lexikon\/termek\/barabassy-ferenc-makfalvi-barabasi-ferenc\/","title":{"rendered":"BARAB\u00c1SSY Ferenc, makfalvi, Barab\u00e1si Ferenc"},"content":{"rendered":"<p>? \u2020\u00a0? : C\u00edmerpecs\u00e9tet kapott R\u00e1k\u00f3czi Gy\u00f6rgyt\u0151l (1655. j\u00fan. 28). <br \/><strong>Irod.:<\/strong> Kempelen, MCK<\/br><\/p>\n","protected":false},"excerpt":{"rendered":"<p>? \u2020\u00a0? : C\u00edmerpecs\u00e9tet kapott R\u00e1k\u00f3czi Gy\u00f6rgyt\u0151l (1655. j\u00fan. 28). Irod.: Kempelen, MCK<\/p>\n","protected":false},"featured_media":0,"comment_status":"open","ping_status":"closed","template":"","meta":[],"product_brand":[],"product_cat":[137],"product_tag":[],"class_list":{"0":"post-3937","1":"product","2":"type-product","3":"status-publish","5":"product_cat-maros-megyei-eletrajzi-lexikon","7":"first","8":"instock","9":"shipping-taxable","10":"product-type-simple"},"_links":{"self":[{"href":"https:\/\/uj.adatbank.ro\/lexikon\/wp-json\/wp\/v2\/product\/3937","targetHints":{"allow":["GET"]}}],"collection":[{"href":"https:\/\/uj.adatbank.ro\/lexikon\/wp-json\/wp\/v2\/product"}],"about":[{"href":"https:\/\/uj.adatbank.ro\/lexikon\/wp-json\/wp\/v2\/types\/product"}],"replies":[{"embeddable":true,"href":"https:\/\/uj.adatbank.ro\/lexikon\/wp-json\/wp\/v2\/comments?post=3937"}],"wp:attachment":[{"href":"https:\/\/uj.adatbank.ro\/lexikon\/wp-json\/wp\/v2\/media?parent=3937"}],"wp:term":[{"taxonomy":"product_brand","embeddable":true,"href":"https:\/\/uj.adatbank.ro\/lexikon\/wp-json\/wp\/v2\/product_brand?post=3937"},{"taxonomy":"product_cat","embeddable":true,"href":"https:\/\/uj.adatbank.ro\/lexikon\/wp-json\/wp\/v2\/product_cat?post=3937"},{"taxonomy":"product_tag","embeddable":true,"href":"https:\/\/uj.adatbank.ro\/lexikon\/wp-json\/wp\/v2\/product_tag?post=3937"}],"curies":[{"name":"wp","href":"https:\/\/api.w.org\/{rel}","templated":true}]}}