{"id":3939,"date":"2025-06-28T16:17:59","date_gmt":"2025-06-28T14:17:59","guid":{"rendered":"https:\/\/uj.adatbank.ro\/lexikon\/termek\/barabassy-ferenc-makfalvi-barabasi-ferenc-3\/"},"modified":"2025-06-28T16:17:59","modified_gmt":"2025-06-28T14:17:59","slug":"barabassy-ferenc-makfalvi-barabasi-ferenc-3","status":"publish","type":"product","link":"https:\/\/uj.adatbank.ro\/lexikon\/termek\/barabassy-ferenc-makfalvi-barabasi-ferenc-3\/","title":{"rendered":"BARAB\u00c1SSY Ferenc, makfalvi, Barab\u00e1si Ferenc"},"content":{"rendered":"<p>Szab\u00e9d, 1842. \u00e1pr. 10. \u2020 Mv., 1907. szept. 17.: f\u0151jegyz\u0151. \u2013 A jogot Mv.-en v\u00e9gezte, a v\u00e1rmegye szolg\u00e1lat\u00e1ba \u00e1llott. F\u0151jegyz\u0151, Maros-Torda vm.-i \u00e1rvasz\u00e9ki eln\u00f6k, a Ferenc J\u00f3zsef rend lovagja. Cikkei a kv.-i lapok \u00e9s a mv.-i Egyet\u00e9rt\u00e9s-ben jelentek meg. <strong>F. m.:<\/strong> Ellen\u0151rz\u0151 sz\u00e1mok az \u00f6sszead\u00e1sokhoz (Mv., 1906). <br \/><strong>Irod.:<\/strong> Barab\u00e1ssy csal\u00e1di inf.; Guly\u00e1s; P\u00e1lmay<\/br><\/p>\n","protected":false},"excerpt":{"rendered":"<p>Szab\u00e9d, 1842. \u00e1pr. 10. \u2020 Mv., 1907. szept. 17.: f\u0151jegyz\u0151. \u2013 A jogot Mv.-en v\u00e9gezte, a v\u00e1rmegye szolg\u00e1lat\u00e1ba \u00e1llott. F\u0151jegyz\u0151, Maros-Torda vm.-i \u00e1rvasz\u00e9ki eln\u00f6k, a Ferenc J\u00f3zsef rend lovagja. Cikkei a kv.-i lapok \u00e9s a mv.-i Egyet\u00e9rt\u00e9s-ben jelentek meg. F. m.: Ellen\u0151rz\u0151 sz\u00e1mok az \u00f6sszead\u00e1sokhoz (Mv., 1906). Irod.: Barab\u00e1ssy csal\u00e1di inf.; Guly\u00e1s; P\u00e1lmay<\/p>\n","protected":false},"featured_media":0,"comment_status":"open","ping_status":"closed","template":"","meta":[],"product_brand":[],"product_cat":[137],"product_tag":[],"class_list":{"0":"post-3939","1":"product","2":"type-product","3":"status-publish","5":"product_cat-maros-megyei-eletrajzi-lexikon","7":"first","8":"instock","9":"shipping-taxable","10":"product-type-simple"},"_links":{"self":[{"href":"https:\/\/uj.adatbank.ro\/lexikon\/wp-json\/wp\/v2\/product\/3939","targetHints":{"allow":["GET"]}}],"collection":[{"href":"https:\/\/uj.adatbank.ro\/lexikon\/wp-json\/wp\/v2\/product"}],"about":[{"href":"https:\/\/uj.adatbank.ro\/lexikon\/wp-json\/wp\/v2\/types\/product"}],"replies":[{"embeddable":true,"href":"https:\/\/uj.adatbank.ro\/lexikon\/wp-json\/wp\/v2\/comments?post=3939"}],"wp:attachment":[{"href":"https:\/\/uj.adatbank.ro\/lexikon\/wp-json\/wp\/v2\/media?parent=3939"}],"wp:term":[{"taxonomy":"product_brand","embeddable":true,"href":"https:\/\/uj.adatbank.ro\/lexikon\/wp-json\/wp\/v2\/product_brand?post=3939"},{"taxonomy":"product_cat","embeddable":true,"href":"https:\/\/uj.adatbank.ro\/lexikon\/wp-json\/wp\/v2\/product_cat?post=3939"},{"taxonomy":"product_tag","embeddable":true,"href":"https:\/\/uj.adatbank.ro\/lexikon\/wp-json\/wp\/v2\/product_tag?post=3939"}],"curies":[{"name":"wp","href":"https:\/\/api.w.org\/{rel}","templated":true}]}}