{"id":3940,"date":"2025-06-28T16:18:03","date_gmt":"2025-06-28T14:18:03","guid":{"rendered":"https:\/\/uj.adatbank.ro\/lexikon\/termek\/barabassy-gyorgy-makfalvi-barabasi-gyorgy\/"},"modified":"2025-06-28T16:18:03","modified_gmt":"2025-06-28T14:18:03","slug":"barabassy-gyorgy-makfalvi-barabasi-gyorgy","status":"publish","type":"product","link":"https:\/\/uj.adatbank.ro\/lexikon\/termek\/barabassy-gyorgy-makfalvi-barabasi-gyorgy\/","title":{"rendered":"BARAB\u00c1SSY Gy\u00f6rgy, makfalvi, Barab\u00e1si Gy\u00f6rgy"},"content":{"rendered":"<p>1685., \u2020 Ikland, 1776. j\u00fan. 20.: k\u00f6vet. \u2013 Feles\u00e9ge: iklandi Balogh Rebeka (\u2020 Ikland, 1795. m\u00e1rc.). \u2013 Marossz\u00e9ki k\u00f6vet a gyulafeh\u00e9rv\u00e1ri ogy.-en (1702). II. R\u00e1k\u00f3czi Ferenc mv.-i fejedelmi beiktat\u00f3 ogy.-\u00e9n a \u201eTan\u00e1tsi Rendben a sz\u00e9kelys\u00e9g r\u00e9sz\u00e9r\u0151l\u201d volt jelen. <br \/><strong>Irod.:<\/strong> Barab\u00e1ssy csal\u00e1di inf.<\/br><\/p>\n","protected":false},"excerpt":{"rendered":"<p>1685., \u2020 Ikland, 1776. j\u00fan. 20.: k\u00f6vet. \u2013 Feles\u00e9ge: iklandi Balogh Rebeka (\u2020 Ikland, 1795. m\u00e1rc.). \u2013 Marossz\u00e9ki k\u00f6vet a gyulafeh\u00e9rv\u00e1ri ogy.-en (1702). II. R\u00e1k\u00f3czi Ferenc mv.-i fejedelmi beiktat\u00f3 ogy.-\u00e9n a \u201eTan\u00e1tsi Rendben a sz\u00e9kelys\u00e9g r\u00e9sz\u00e9r\u0151l\u201d volt jelen. Irod.: Barab\u00e1ssy csal\u00e1di inf.<\/p>\n","protected":false},"featured_media":0,"comment_status":"open","ping_status":"closed","template":"","meta":[],"product_brand":[],"product_cat":[137],"product_tag":[],"class_list":{"0":"post-3940","1":"product","2":"type-product","3":"status-publish","5":"product_cat-maros-megyei-eletrajzi-lexikon","7":"first","8":"instock","9":"shipping-taxable","10":"product-type-simple"},"_links":{"self":[{"href":"https:\/\/uj.adatbank.ro\/lexikon\/wp-json\/wp\/v2\/product\/3940","targetHints":{"allow":["GET"]}}],"collection":[{"href":"https:\/\/uj.adatbank.ro\/lexikon\/wp-json\/wp\/v2\/product"}],"about":[{"href":"https:\/\/uj.adatbank.ro\/lexikon\/wp-json\/wp\/v2\/types\/product"}],"replies":[{"embeddable":true,"href":"https:\/\/uj.adatbank.ro\/lexikon\/wp-json\/wp\/v2\/comments?post=3940"}],"wp:attachment":[{"href":"https:\/\/uj.adatbank.ro\/lexikon\/wp-json\/wp\/v2\/media?parent=3940"}],"wp:term":[{"taxonomy":"product_brand","embeddable":true,"href":"https:\/\/uj.adatbank.ro\/lexikon\/wp-json\/wp\/v2\/product_brand?post=3940"},{"taxonomy":"product_cat","embeddable":true,"href":"https:\/\/uj.adatbank.ro\/lexikon\/wp-json\/wp\/v2\/product_cat?post=3940"},{"taxonomy":"product_tag","embeddable":true,"href":"https:\/\/uj.adatbank.ro\/lexikon\/wp-json\/wp\/v2\/product_tag?post=3940"}],"curies":[{"name":"wp","href":"https:\/\/api.w.org\/{rel}","templated":true}]}}