{"id":3941,"date":"2025-06-28T16:18:05","date_gmt":"2025-06-28T14:18:05","guid":{"rendered":"https:\/\/uj.adatbank.ro\/lexikon\/termek\/barabassy-istvan-barrabasy-istvan-barrabasi-istvan\/"},"modified":"2025-06-28T16:18:05","modified_gmt":"2025-06-28T14:18:05","slug":"barabassy-istvan-barrabasy-istvan-barrabasi-istvan","status":"publish","type":"product","link":"https:\/\/uj.adatbank.ro\/lexikon\/termek\/barabassy-istvan-barrabasy-istvan-barrabasi-istvan\/","title":{"rendered":"BARAB\u00c1SSY Istv\u00e1n, Barrabasy Istv\u00e1n, Barrabasi Istv\u00e1n"},"content":{"rendered":"<p>? \u2020 Makfalva, 1603.: l\u00f3f\u0151. \u2013 T\u0151le sz\u00e1rmazik a makfalvi \u00e1g, Makfalv\u00e1n l\u00f3f\u0151s\u00e9get birtokolt, h\u00e1zass\u00e1ga r\u00e9v\u00e9n szerezte meg Makfalv\u00e1t \u00e9s a l\u00f3f\u0151s\u00e9get (1569). <br \/><strong>Irod.:<\/strong> Barab\u00e1ssy csal\u00e1di inf.<\/br><\/p>\n","protected":false},"excerpt":{"rendered":"<p>? \u2020 Makfalva, 1603.: l\u00f3f\u0151. \u2013 T\u0151le sz\u00e1rmazik a makfalvi \u00e1g, Makfalv\u00e1n l\u00f3f\u0151s\u00e9get birtokolt, h\u00e1zass\u00e1ga r\u00e9v\u00e9n szerezte meg Makfalv\u00e1t \u00e9s a l\u00f3f\u0151s\u00e9get (1569). Irod.: Barab\u00e1ssy csal\u00e1di inf.<\/p>\n","protected":false},"featured_media":0,"comment_status":"open","ping_status":"closed","template":"","meta":[],"product_brand":[],"product_cat":[137],"product_tag":[],"class_list":{"0":"post-3941","1":"product","2":"type-product","3":"status-publish","5":"product_cat-maros-megyei-eletrajzi-lexikon","7":"first","8":"instock","9":"shipping-taxable","10":"product-type-simple"},"_links":{"self":[{"href":"https:\/\/uj.adatbank.ro\/lexikon\/wp-json\/wp\/v2\/product\/3941","targetHints":{"allow":["GET"]}}],"collection":[{"href":"https:\/\/uj.adatbank.ro\/lexikon\/wp-json\/wp\/v2\/product"}],"about":[{"href":"https:\/\/uj.adatbank.ro\/lexikon\/wp-json\/wp\/v2\/types\/product"}],"replies":[{"embeddable":true,"href":"https:\/\/uj.adatbank.ro\/lexikon\/wp-json\/wp\/v2\/comments?post=3941"}],"wp:attachment":[{"href":"https:\/\/uj.adatbank.ro\/lexikon\/wp-json\/wp\/v2\/media?parent=3941"}],"wp:term":[{"taxonomy":"product_brand","embeddable":true,"href":"https:\/\/uj.adatbank.ro\/lexikon\/wp-json\/wp\/v2\/product_brand?post=3941"},{"taxonomy":"product_cat","embeddable":true,"href":"https:\/\/uj.adatbank.ro\/lexikon\/wp-json\/wp\/v2\/product_cat?post=3941"},{"taxonomy":"product_tag","embeddable":true,"href":"https:\/\/uj.adatbank.ro\/lexikon\/wp-json\/wp\/v2\/product_tag?post=3941"}],"curies":[{"name":"wp","href":"https:\/\/api.w.org\/{rel}","templated":true}]}}