{"id":3942,"date":"2025-06-28T16:18:08","date_gmt":"2025-06-28T14:18:08","guid":{"rendered":"https:\/\/uj.adatbank.ro\/lexikon\/termek\/barabassy-istvan-barrabasy-istvan-barrabasi-istvan-2\/"},"modified":"2025-06-28T16:18:08","modified_gmt":"2025-06-28T14:18:08","slug":"barabassy-istvan-barrabasy-istvan-barrabasi-istvan-2","status":"publish","type":"product","link":"https:\/\/uj.adatbank.ro\/lexikon\/termek\/barabassy-istvan-barrabasy-istvan-barrabasi-istvan-2\/","title":{"rendered":"BARAB\u00c1SSY Istv\u00e1n, Barrabasy Istv\u00e1n, Barrabasi Istv\u00e1n"},"content":{"rendered":"<p>Makfalva, 1618., \u2020 Lengyelorsz\u00e1gban, 1657.: nemes. \u2013 A sz\u00e9kely nemzet z\u00e1szl\u00f3tart\u00f3ja II. R\u00e1k\u00f3czi Gy\u00f6rgy lengyelo.-i kir\u00e1lyv\u00e1laszt\u00f3 hadj\u00e1rat\u00e1ban. Nemes levelet mag\u00e1val vitte, szolg\u00e1j\u00e1val egy\u00fctt elv\u00e9rzett \u00e9s minden elveszett a harct\u00e9ren. <br \/><strong>Irod.:<\/strong> Barab\u00e1ssy csal\u00e1di inf.<\/br><\/p>\n","protected":false},"excerpt":{"rendered":"<p>Makfalva, 1618., \u2020 Lengyelorsz\u00e1gban, 1657.: nemes. \u2013 A sz\u00e9kely nemzet z\u00e1szl\u00f3tart\u00f3ja II. R\u00e1k\u00f3czi Gy\u00f6rgy lengyelo.-i kir\u00e1lyv\u00e1laszt\u00f3 hadj\u00e1rat\u00e1ban. Nemes levelet mag\u00e1val vitte, szolg\u00e1j\u00e1val egy\u00fctt elv\u00e9rzett \u00e9s minden elveszett a harct\u00e9ren. Irod.: Barab\u00e1ssy csal\u00e1di inf.<\/p>\n","protected":false},"featured_media":0,"comment_status":"open","ping_status":"closed","template":"","meta":[],"product_brand":[],"product_cat":[137],"product_tag":[],"class_list":{"0":"post-3942","1":"product","2":"type-product","3":"status-publish","5":"product_cat-maros-megyei-eletrajzi-lexikon","7":"first","8":"instock","9":"shipping-taxable","10":"product-type-simple"},"_links":{"self":[{"href":"https:\/\/uj.adatbank.ro\/lexikon\/wp-json\/wp\/v2\/product\/3942","targetHints":{"allow":["GET"]}}],"collection":[{"href":"https:\/\/uj.adatbank.ro\/lexikon\/wp-json\/wp\/v2\/product"}],"about":[{"href":"https:\/\/uj.adatbank.ro\/lexikon\/wp-json\/wp\/v2\/types\/product"}],"replies":[{"embeddable":true,"href":"https:\/\/uj.adatbank.ro\/lexikon\/wp-json\/wp\/v2\/comments?post=3942"}],"wp:attachment":[{"href":"https:\/\/uj.adatbank.ro\/lexikon\/wp-json\/wp\/v2\/media?parent=3942"}],"wp:term":[{"taxonomy":"product_brand","embeddable":true,"href":"https:\/\/uj.adatbank.ro\/lexikon\/wp-json\/wp\/v2\/product_brand?post=3942"},{"taxonomy":"product_cat","embeddable":true,"href":"https:\/\/uj.adatbank.ro\/lexikon\/wp-json\/wp\/v2\/product_cat?post=3942"},{"taxonomy":"product_tag","embeddable":true,"href":"https:\/\/uj.adatbank.ro\/lexikon\/wp-json\/wp\/v2\/product_tag?post=3942"}],"curies":[{"name":"wp","href":"https:\/\/api.w.org\/{rel}","templated":true}]}}