{"id":3943,"date":"2025-06-28T16:18:10","date_gmt":"2025-06-28T14:18:10","guid":{"rendered":"https:\/\/uj.adatbank.ro\/lexikon\/termek\/barabassy-istvan-makfalvi-barabasi-istvan\/"},"modified":"2025-06-28T16:18:10","modified_gmt":"2025-06-28T14:18:10","slug":"barabassy-istvan-makfalvi-barabasi-istvan","status":"publish","type":"product","link":"https:\/\/uj.adatbank.ro\/lexikon\/termek\/barabassy-istvan-makfalvi-barabasi-istvan\/","title":{"rendered":"BARAB\u00c1SSY Istv\u00e1n, makfalvi, Barab\u00e1si Istv\u00e1n"},"content":{"rendered":"<p>? \u2020\u00a0? : nemes. \u2013 Nemess\u00e9gv\u00edtat\u00f3 p\u00f6r sor\u00e1n igazolja nemess\u00e9g\u00e9t (1764). <br \/><strong>Irod.:<\/strong> Kempelen<\/br><\/p>\n","protected":false},"excerpt":{"rendered":"<p>? \u2020\u00a0? : nemes. \u2013 Nemess\u00e9gv\u00edtat\u00f3 p\u00f6r sor\u00e1n igazolja nemess\u00e9g\u00e9t (1764). Irod.: Kempelen<\/p>\n","protected":false},"featured_media":0,"comment_status":"open","ping_status":"closed","template":"","meta":[],"product_brand":[],"product_cat":[137],"product_tag":[],"class_list":{"0":"post-3943","1":"product","2":"type-product","3":"status-publish","5":"product_cat-maros-megyei-eletrajzi-lexikon","7":"first","8":"instock","9":"shipping-taxable","10":"product-type-simple"},"_links":{"self":[{"href":"https:\/\/uj.adatbank.ro\/lexikon\/wp-json\/wp\/v2\/product\/3943","targetHints":{"allow":["GET"]}}],"collection":[{"href":"https:\/\/uj.adatbank.ro\/lexikon\/wp-json\/wp\/v2\/product"}],"about":[{"href":"https:\/\/uj.adatbank.ro\/lexikon\/wp-json\/wp\/v2\/types\/product"}],"replies":[{"embeddable":true,"href":"https:\/\/uj.adatbank.ro\/lexikon\/wp-json\/wp\/v2\/comments?post=3943"}],"wp:attachment":[{"href":"https:\/\/uj.adatbank.ro\/lexikon\/wp-json\/wp\/v2\/media?parent=3943"}],"wp:term":[{"taxonomy":"product_brand","embeddable":true,"href":"https:\/\/uj.adatbank.ro\/lexikon\/wp-json\/wp\/v2\/product_brand?post=3943"},{"taxonomy":"product_cat","embeddable":true,"href":"https:\/\/uj.adatbank.ro\/lexikon\/wp-json\/wp\/v2\/product_cat?post=3943"},{"taxonomy":"product_tag","embeddable":true,"href":"https:\/\/uj.adatbank.ro\/lexikon\/wp-json\/wp\/v2\/product_tag?post=3943"}],"curies":[{"name":"wp","href":"https:\/\/api.w.org\/{rel}","templated":true}]}}