{"id":3946,"date":"2025-06-28T16:18:21","date_gmt":"2025-06-28T14:18:21","guid":{"rendered":"https:\/\/uj.adatbank.ro\/lexikon\/termek\/barabassy-janos-csesztvei-hederfajai-barabasi-janos\/"},"modified":"2025-06-28T16:18:21","modified_gmt":"2025-06-28T14:18:21","slug":"barabassy-janos-csesztvei-hederfajai-barabasi-janos","status":"publish","type":"product","link":"https:\/\/uj.adatbank.ro\/lexikon\/termek\/barabassy-janos-csesztvei-hederfajai-barabasi-janos\/","title":{"rendered":"BARAB\u00c1SSY J\u00e1nos, csesztvei, h\u00e9derf\u00e1jai, Barab\u00e1si J\u00e1nos"},"content":{"rendered":"<p>1452., \u2020\u00a01512.: birtokos, v\u00e1rnagy. \u2013 Feles\u00e9ge: 1.?; 2. Erd\u00e9lyi Magdolna. \u2013 Bethlen Mikl\u00f3ssal egy\u00fctt, g\u00f6rg\u00e9nyi v\u00e1rnagyk\u00e9nt \u00e1tadt\u00e1k a g\u00f6rg\u00e9nyi v\u00e1rat a kir\u00e1lyi p\u00e1rnak. Hatalmas birtokai voltak Bels\u0151 Szolnok, Kolozs, Torda, Feh\u00e9r, K\u00fck\u00fcll\u0151 vm.-ben. <br \/><strong>Irod.:<\/strong> Barab\u00e1ssy csal\u00e1di inf.<\/br><\/p>\n","protected":false},"excerpt":{"rendered":"<p>1452., \u2020\u00a01512.: birtokos, v\u00e1rnagy. \u2013 Feles\u00e9ge: 1.?; 2. Erd\u00e9lyi Magdolna. \u2013 Bethlen Mikl\u00f3ssal egy\u00fctt, g\u00f6rg\u00e9nyi v\u00e1rnagyk\u00e9nt \u00e1tadt\u00e1k a g\u00f6rg\u00e9nyi v\u00e1rat a kir\u00e1lyi p\u00e1rnak. Hatalmas birtokai voltak Bels\u0151 Szolnok, Kolozs, Torda, Feh\u00e9r, K\u00fck\u00fcll\u0151 vm.-ben. Irod.: Barab\u00e1ssy csal\u00e1di inf.<\/p>\n","protected":false},"featured_media":0,"comment_status":"open","ping_status":"closed","template":"","meta":[],"product_brand":[],"product_cat":[137],"product_tag":[],"class_list":{"0":"post-3946","1":"product","2":"type-product","3":"status-publish","5":"product_cat-maros-megyei-eletrajzi-lexikon","7":"first","8":"instock","9":"shipping-taxable","10":"product-type-simple"},"_links":{"self":[{"href":"https:\/\/uj.adatbank.ro\/lexikon\/wp-json\/wp\/v2\/product\/3946","targetHints":{"allow":["GET"]}}],"collection":[{"href":"https:\/\/uj.adatbank.ro\/lexikon\/wp-json\/wp\/v2\/product"}],"about":[{"href":"https:\/\/uj.adatbank.ro\/lexikon\/wp-json\/wp\/v2\/types\/product"}],"replies":[{"embeddable":true,"href":"https:\/\/uj.adatbank.ro\/lexikon\/wp-json\/wp\/v2\/comments?post=3946"}],"wp:attachment":[{"href":"https:\/\/uj.adatbank.ro\/lexikon\/wp-json\/wp\/v2\/media?parent=3946"}],"wp:term":[{"taxonomy":"product_brand","embeddable":true,"href":"https:\/\/uj.adatbank.ro\/lexikon\/wp-json\/wp\/v2\/product_brand?post=3946"},{"taxonomy":"product_cat","embeddable":true,"href":"https:\/\/uj.adatbank.ro\/lexikon\/wp-json\/wp\/v2\/product_cat?post=3946"},{"taxonomy":"product_tag","embeddable":true,"href":"https:\/\/uj.adatbank.ro\/lexikon\/wp-json\/wp\/v2\/product_tag?post=3946"}],"curies":[{"name":"wp","href":"https:\/\/api.w.org\/{rel}","templated":true}]}}