{"id":3949,"date":"2025-06-28T16:18:30","date_gmt":"2025-06-28T14:18:30","guid":{"rendered":"https:\/\/uj.adatbank.ro\/lexikon\/termek\/barabassy-jozsef-makfalvi-barabasi-jozsef-2\/"},"modified":"2025-06-28T16:18:30","modified_gmt":"2025-06-28T14:18:30","slug":"barabassy-jozsef-makfalvi-barabasi-jozsef-2","status":"publish","type":"product","link":"https:\/\/uj.adatbank.ro\/lexikon\/termek\/barabassy-jozsef-makfalvi-barabasi-jozsef-2\/","title":{"rendered":"BARAB\u00c1SSY J\u00f3zsef, makfalvi, Barab\u00e1si J\u00f3zsef"},"content":{"rendered":"<p>Szab\u00e9d, 1922. m\u00e1j. 20., \u2020\u00a0Kv., 1972. m\u00e1rc. 20.: hadnagy, technikus. \u2013 Feles\u00e9ge: F\u00fcl\u00f6p Erzs\u00e9bet k\u00f6zgazd\u00e1sz (Kv., 1929. okt. 5.- Kv., 2005. \u00e1pr. 29.). \u2013 A Ludovika Akad.-\u00e1n v\u00e9gzett (1944. aug. 20.). G\u00e9pkocsiz\u00f3-r\u00f6ppenty\u0171s honv\u00e9d hadnagy. R\u00e9szt vett Csepel v\u00e9delm\u00e9ben, amerikai-fr. hadifogs\u00e1gba esett. A h\u00e1bor\u00fa ut\u00e1n Kv.-on technikus. <br \/><strong>Irod.:<\/strong> Barab\u00e1ssy csal\u00e1di inf.<\/br><\/p>\n","protected":false},"excerpt":{"rendered":"<p>Szab\u00e9d, 1922. m\u00e1j. 20., \u2020\u00a0Kv., 1972. m\u00e1rc. 20.: hadnagy, technikus. \u2013 Feles\u00e9ge: F\u00fcl\u00f6p Erzs\u00e9bet k\u00f6zgazd\u00e1sz (Kv., 1929. okt. 5.- Kv., 2005. \u00e1pr. 29.). \u2013 A Ludovika Akad.-\u00e1n v\u00e9gzett (1944. aug. 20.). G\u00e9pkocsiz\u00f3-r\u00f6ppenty\u0171s honv\u00e9d hadnagy. R\u00e9szt vett Csepel v\u00e9delm\u00e9ben, amerikai-fr. hadifogs\u00e1gba esett. A h\u00e1bor\u00fa ut\u00e1n Kv.-on technikus. Irod.: Barab\u00e1ssy csal\u00e1di inf.<\/p>\n","protected":false},"featured_media":0,"comment_status":"open","ping_status":"closed","template":"","meta":[],"product_brand":[],"product_cat":[137],"product_tag":[],"class_list":{"0":"post-3949","1":"product","2":"type-product","3":"status-publish","5":"product_cat-maros-megyei-eletrajzi-lexikon","7":"first","8":"instock","9":"shipping-taxable","10":"product-type-simple"},"_links":{"self":[{"href":"https:\/\/uj.adatbank.ro\/lexikon\/wp-json\/wp\/v2\/product\/3949","targetHints":{"allow":["GET"]}}],"collection":[{"href":"https:\/\/uj.adatbank.ro\/lexikon\/wp-json\/wp\/v2\/product"}],"about":[{"href":"https:\/\/uj.adatbank.ro\/lexikon\/wp-json\/wp\/v2\/types\/product"}],"replies":[{"embeddable":true,"href":"https:\/\/uj.adatbank.ro\/lexikon\/wp-json\/wp\/v2\/comments?post=3949"}],"wp:attachment":[{"href":"https:\/\/uj.adatbank.ro\/lexikon\/wp-json\/wp\/v2\/media?parent=3949"}],"wp:term":[{"taxonomy":"product_brand","embeddable":true,"href":"https:\/\/uj.adatbank.ro\/lexikon\/wp-json\/wp\/v2\/product_brand?post=3949"},{"taxonomy":"product_cat","embeddable":true,"href":"https:\/\/uj.adatbank.ro\/lexikon\/wp-json\/wp\/v2\/product_cat?post=3949"},{"taxonomy":"product_tag","embeddable":true,"href":"https:\/\/uj.adatbank.ro\/lexikon\/wp-json\/wp\/v2\/product_tag?post=3949"}],"curies":[{"name":"wp","href":"https:\/\/api.w.org\/{rel}","templated":true}]}}