{"id":3951,"date":"2025-06-28T16:18:36","date_gmt":"2025-06-28T14:18:36","guid":{"rendered":"https:\/\/uj.adatbank.ro\/lexikon\/termek\/barabassy-margit-%c2%a7-makfalvi-vali-rezsone-barabasy-margit\/"},"modified":"2025-06-28T16:18:36","modified_gmt":"2025-06-28T14:18:36","slug":"barabassy-margit-%c2%a7-makfalvi-vali-rezsone-barabasy-margit","status":"publish","type":"product","link":"https:\/\/uj.adatbank.ro\/lexikon\/termek\/barabassy-margit-%c2%a7-makfalvi-vali-rezsone-barabasy-margit\/","title":{"rendered":"BARAB\u00c1SSY Margit, \u00a7 makfalvi, V\u00e1li Rezs\u0151n\u00e9, Barab\u00e1sy Margit"},"content":{"rendered":"<p>Mv., 1907. \u00e1pr. 13., \u2020\u00a0?: zongoratan\u00e1rn\u0151. \u2013 A bp.-i Zenem\u0171v\u00e9szeti F\u0151iskol\u00e1n v\u00e9gezte tanulm\u00e1nyait. Tan\u00e1ra\u00a0: Purcsi J. Szerzem\u00e9nyei\u00a0: m. n\u00f3t\u00e1k, m\u0171dalok, orgonaj\u00e1t\u00e9kok \u00e9s egy heged\u0171verseny zongorakis\u00e9rettel. <br \/><strong>Irod.:<\/strong> Kempelen; Moln\u00e1r Imre<\/br><\/p>\n","protected":false},"excerpt":{"rendered":"<p>Mv., 1907. \u00e1pr. 13., \u2020\u00a0?: zongoratan\u00e1rn\u0151. \u2013 A bp.-i Zenem\u0171v\u00e9szeti F\u0151iskol\u00e1n v\u00e9gezte tanulm\u00e1nyait. Tan\u00e1ra\u00a0: Purcsi J. Szerzem\u00e9nyei\u00a0: m. n\u00f3t\u00e1k, m\u0171dalok, orgonaj\u00e1t\u00e9kok \u00e9s egy heged\u0171verseny zongorakis\u00e9rettel. Irod.: Kempelen; Moln\u00e1r Imre<\/p>\n","protected":false},"featured_media":0,"comment_status":"open","ping_status":"closed","template":"","meta":[],"product_brand":[],"product_cat":[137],"product_tag":[],"class_list":{"0":"post-3951","1":"product","2":"type-product","3":"status-publish","5":"product_cat-maros-megyei-eletrajzi-lexikon","7":"first","8":"instock","9":"shipping-taxable","10":"product-type-simple"},"_links":{"self":[{"href":"https:\/\/uj.adatbank.ro\/lexikon\/wp-json\/wp\/v2\/product\/3951","targetHints":{"allow":["GET"]}}],"collection":[{"href":"https:\/\/uj.adatbank.ro\/lexikon\/wp-json\/wp\/v2\/product"}],"about":[{"href":"https:\/\/uj.adatbank.ro\/lexikon\/wp-json\/wp\/v2\/types\/product"}],"replies":[{"embeddable":true,"href":"https:\/\/uj.adatbank.ro\/lexikon\/wp-json\/wp\/v2\/comments?post=3951"}],"wp:attachment":[{"href":"https:\/\/uj.adatbank.ro\/lexikon\/wp-json\/wp\/v2\/media?parent=3951"}],"wp:term":[{"taxonomy":"product_brand","embeddable":true,"href":"https:\/\/uj.adatbank.ro\/lexikon\/wp-json\/wp\/v2\/product_brand?post=3951"},{"taxonomy":"product_cat","embeddable":true,"href":"https:\/\/uj.adatbank.ro\/lexikon\/wp-json\/wp\/v2\/product_cat?post=3951"},{"taxonomy":"product_tag","embeddable":true,"href":"https:\/\/uj.adatbank.ro\/lexikon\/wp-json\/wp\/v2\/product_tag?post=3951"}],"curies":[{"name":"wp","href":"https:\/\/api.w.org\/{rel}","templated":true}]}}