{"id":3952,"date":"2025-06-28T16:18:40","date_gmt":"2025-06-28T14:18:40","guid":{"rendered":"https:\/\/uj.adatbank.ro\/lexikon\/termek\/barabassy-peter\/"},"modified":"2025-06-28T16:18:40","modified_gmt":"2025-06-28T14:18:40","slug":"barabassy-peter","status":"publish","type":"product","link":"https:\/\/uj.adatbank.ro\/lexikon\/termek\/barabassy-peter\/","title":{"rendered":"BARAB\u00c1SSY P\u00e9ter"},"content":{"rendered":"<p>? \u2020\u00a0? : hadnagy. \u2013 A marossz\u00e9ki darabontok parancsnoka (1578). Hadnagyk\u00e9nt szerzett Sz\u00e9kelyv\u00e1s\u00e1rhelyen (ma Mv.) nemesi birtokot (1595). <br \/><strong>Irod.:<\/strong> Barab\u00e1ssy csal\u00e1di inf.; P\u00e1l-Antal<\/br><\/p>\n","protected":false},"excerpt":{"rendered":"<p>? \u2020\u00a0? : hadnagy. \u2013 A marossz\u00e9ki darabontok parancsnoka (1578). Hadnagyk\u00e9nt szerzett Sz\u00e9kelyv\u00e1s\u00e1rhelyen (ma Mv.) nemesi birtokot (1595). Irod.: Barab\u00e1ssy csal\u00e1di inf.; P\u00e1l-Antal<\/p>\n","protected":false},"featured_media":0,"comment_status":"open","ping_status":"closed","template":"","meta":[],"product_brand":[],"product_cat":[137],"product_tag":[],"class_list":{"0":"post-3952","1":"product","2":"type-product","3":"status-publish","5":"product_cat-maros-megyei-eletrajzi-lexikon","7":"first","8":"instock","9":"shipping-taxable","10":"product-type-simple"},"_links":{"self":[{"href":"https:\/\/uj.adatbank.ro\/lexikon\/wp-json\/wp\/v2\/product\/3952","targetHints":{"allow":["GET"]}}],"collection":[{"href":"https:\/\/uj.adatbank.ro\/lexikon\/wp-json\/wp\/v2\/product"}],"about":[{"href":"https:\/\/uj.adatbank.ro\/lexikon\/wp-json\/wp\/v2\/types\/product"}],"replies":[{"embeddable":true,"href":"https:\/\/uj.adatbank.ro\/lexikon\/wp-json\/wp\/v2\/comments?post=3952"}],"wp:attachment":[{"href":"https:\/\/uj.adatbank.ro\/lexikon\/wp-json\/wp\/v2\/media?parent=3952"}],"wp:term":[{"taxonomy":"product_brand","embeddable":true,"href":"https:\/\/uj.adatbank.ro\/lexikon\/wp-json\/wp\/v2\/product_brand?post=3952"},{"taxonomy":"product_cat","embeddable":true,"href":"https:\/\/uj.adatbank.ro\/lexikon\/wp-json\/wp\/v2\/product_cat?post=3952"},{"taxonomy":"product_tag","embeddable":true,"href":"https:\/\/uj.adatbank.ro\/lexikon\/wp-json\/wp\/v2\/product_tag?post=3952"}],"curies":[{"name":"wp","href":"https:\/\/api.w.org\/{rel}","templated":true}]}}