{"id":3954,"date":"2025-06-28T16:18:47","date_gmt":"2025-06-28T14:18:47","guid":{"rendered":"https:\/\/uj.adatbank.ro\/lexikon\/termek\/barabassy-sandor-makfalvi-barabasi-sandor\/"},"modified":"2025-06-28T16:18:47","modified_gmt":"2025-06-28T14:18:47","slug":"barabassy-sandor-makfalvi-barabasi-sandor","status":"publish","type":"product","link":"https:\/\/uj.adatbank.ro\/lexikon\/termek\/barabassy-sandor-makfalvi-barabasi-sandor\/","title":{"rendered":"BARAB\u00c1SSY S\u00e1ndor, makfalvi, Barab\u00e1si S\u00e1ndor"},"content":{"rendered":"<p>1845. m\u00e1rc. 3., \u2020 ? : kir. telekk\u00f6nyvezet\u0151. \u2013 Feles\u00e9ge Zilahy Sebess M\u00e1ria. <br \/><strong>Irod.:<\/strong> Kempelen; P\u00e1lmay<\/br><\/p>\n","protected":false},"excerpt":{"rendered":"<p>1845. m\u00e1rc. 3., \u2020 ? : kir. telekk\u00f6nyvezet\u0151. \u2013 Feles\u00e9ge Zilahy Sebess M\u00e1ria. Irod.: Kempelen; P\u00e1lmay<\/p>\n","protected":false},"featured_media":0,"comment_status":"open","ping_status":"closed","template":"","meta":[],"product_brand":[],"product_cat":[137],"product_tag":[],"class_list":{"0":"post-3954","1":"product","2":"type-product","3":"status-publish","5":"product_cat-maros-megyei-eletrajzi-lexikon","7":"first","8":"instock","9":"shipping-taxable","10":"product-type-simple"},"_links":{"self":[{"href":"https:\/\/uj.adatbank.ro\/lexikon\/wp-json\/wp\/v2\/product\/3954","targetHints":{"allow":["GET"]}}],"collection":[{"href":"https:\/\/uj.adatbank.ro\/lexikon\/wp-json\/wp\/v2\/product"}],"about":[{"href":"https:\/\/uj.adatbank.ro\/lexikon\/wp-json\/wp\/v2\/types\/product"}],"replies":[{"embeddable":true,"href":"https:\/\/uj.adatbank.ro\/lexikon\/wp-json\/wp\/v2\/comments?post=3954"}],"wp:attachment":[{"href":"https:\/\/uj.adatbank.ro\/lexikon\/wp-json\/wp\/v2\/media?parent=3954"}],"wp:term":[{"taxonomy":"product_brand","embeddable":true,"href":"https:\/\/uj.adatbank.ro\/lexikon\/wp-json\/wp\/v2\/product_brand?post=3954"},{"taxonomy":"product_cat","embeddable":true,"href":"https:\/\/uj.adatbank.ro\/lexikon\/wp-json\/wp\/v2\/product_cat?post=3954"},{"taxonomy":"product_tag","embeddable":true,"href":"https:\/\/uj.adatbank.ro\/lexikon\/wp-json\/wp\/v2\/product_tag?post=3954"}],"curies":[{"name":"wp","href":"https:\/\/api.w.org\/{rel}","templated":true}]}}