{"id":3955,"date":"2025-06-28T16:18:50","date_gmt":"2025-06-28T14:18:50","guid":{"rendered":"https:\/\/uj.adatbank.ro\/lexikon\/termek\/barabassy-simon-makfalvi-barabasi-simon\/"},"modified":"2025-06-28T16:18:50","modified_gmt":"2025-06-28T14:18:50","slug":"barabassy-simon-makfalvi-barabasi-simon","status":"publish","type":"product","link":"https:\/\/uj.adatbank.ro\/lexikon\/termek\/barabassy-simon-makfalvi-barabasi-simon\/","title":{"rendered":"BARAB\u00c1SSY Simon, makfalvi, Barab\u00e1si Simon"},"content":{"rendered":"<p>1793. szept. 12., \u2020\u00a0Szab\u00e9d, 1866. nov. 16.: \u00fcgyv\u00e9d, marossz\u00e9ki t\u00e1blab\u00edr\u00f3. \u2013 Feles\u00e9ge: szab\u00e9di Sz\u00e9kely Beta Erzs\u00e9bet l\u00f3f\u0151 (Szab\u00e9d, 1810. j\u00fal. 27. \u2013 1876). (esk\u00fcv\u0151: Szab\u00e9d, 1830. j\u00fal. 27.). \u2013 Marossz\u00e9ki t\u00e1blab\u00edr\u00f3. Birtokos Szab\u00e9don (1830. k. \u2013), r\u00e9szt vett az 1848\/49. szabads\u00e1gharcban. <br \/><strong>Irod.:<\/strong> Barab\u00e1ssy csal\u00e1di inf.; Kempelen; P\u00e1lmay<\/br><\/p>\n","protected":false},"excerpt":{"rendered":"<p>1793. szept. 12., \u2020\u00a0Szab\u00e9d, 1866. nov. 16.: \u00fcgyv\u00e9d, marossz\u00e9ki t\u00e1blab\u00edr\u00f3. \u2013 Feles\u00e9ge: szab\u00e9di Sz\u00e9kely Beta Erzs\u00e9bet l\u00f3f\u0151 (Szab\u00e9d, 1810. j\u00fal. 27. \u2013 1876). (esk\u00fcv\u0151: Szab\u00e9d, 1830. j\u00fal. 27.). \u2013 Marossz\u00e9ki t\u00e1blab\u00edr\u00f3. Birtokos Szab\u00e9don (1830. k. \u2013), r\u00e9szt vett az 1848\/49. szabads\u00e1gharcban. Irod.: Barab\u00e1ssy csal\u00e1di inf.; Kempelen; P\u00e1lmay<\/p>\n","protected":false},"featured_media":0,"comment_status":"open","ping_status":"closed","template":"","meta":[],"product_brand":[],"product_cat":[137],"product_tag":[],"class_list":{"0":"post-3955","1":"product","2":"type-product","3":"status-publish","5":"product_cat-maros-megyei-eletrajzi-lexikon","7":"first","8":"instock","9":"shipping-taxable","10":"product-type-simple"},"_links":{"self":[{"href":"https:\/\/uj.adatbank.ro\/lexikon\/wp-json\/wp\/v2\/product\/3955","targetHints":{"allow":["GET"]}}],"collection":[{"href":"https:\/\/uj.adatbank.ro\/lexikon\/wp-json\/wp\/v2\/product"}],"about":[{"href":"https:\/\/uj.adatbank.ro\/lexikon\/wp-json\/wp\/v2\/types\/product"}],"replies":[{"embeddable":true,"href":"https:\/\/uj.adatbank.ro\/lexikon\/wp-json\/wp\/v2\/comments?post=3955"}],"wp:attachment":[{"href":"https:\/\/uj.adatbank.ro\/lexikon\/wp-json\/wp\/v2\/media?parent=3955"}],"wp:term":[{"taxonomy":"product_brand","embeddable":true,"href":"https:\/\/uj.adatbank.ro\/lexikon\/wp-json\/wp\/v2\/product_brand?post=3955"},{"taxonomy":"product_cat","embeddable":true,"href":"https:\/\/uj.adatbank.ro\/lexikon\/wp-json\/wp\/v2\/product_cat?post=3955"},{"taxonomy":"product_tag","embeddable":true,"href":"https:\/\/uj.adatbank.ro\/lexikon\/wp-json\/wp\/v2\/product_tag?post=3955"}],"curies":[{"name":"wp","href":"https:\/\/api.w.org\/{rel}","templated":true}]}}