{"id":3957,"date":"2025-06-28T16:18:56","date_gmt":"2025-06-28T14:18:56","guid":{"rendered":"https:\/\/uj.adatbank.ro\/lexikon\/termek\/barabasy-karoly-%c2%a7-vitez-nemes-barabas-karoly\/"},"modified":"2025-06-28T16:18:56","modified_gmt":"2025-06-28T14:18:56","slug":"barabasy-karoly-%c2%a7-vitez-nemes-barabas-karoly","status":"publish","type":"product","link":"https:\/\/uj.adatbank.ro\/lexikon\/termek\/barabasy-karoly-%c2%a7-vitez-nemes-barabas-karoly\/","title":{"rendered":"BARAB\u00c1SY K\u00e1roly, \u00a7 vit\u00e9z, nemes, Barab\u00e1s K\u00e1roly"},"content":{"rendered":"<p>1879, \u2020\u00a0? : gy\u00e1ros. \u2013 T\u00e9gla- \u00e9s cser\u00e9pgy\u00e1ros Kib\u00e9den. R\u00e9szt vett az I. vh.-ban (1914\u201319). \u0150rmester. <br \/><strong>Irod.:<\/strong> Erd\u00e9lyi ezredek<\/br><\/p>\n","protected":false},"excerpt":{"rendered":"<p>1879, \u2020\u00a0? : gy\u00e1ros. \u2013 T\u00e9gla- \u00e9s cser\u00e9pgy\u00e1ros Kib\u00e9den. R\u00e9szt vett az I. vh.-ban (1914\u201319). \u0150rmester. Irod.: Erd\u00e9lyi ezredek<\/p>\n","protected":false},"featured_media":0,"comment_status":"open","ping_status":"closed","template":"","meta":[],"product_brand":[],"product_cat":[137],"product_tag":[],"class_list":{"0":"post-3957","1":"product","2":"type-product","3":"status-publish","5":"product_cat-maros-megyei-eletrajzi-lexikon","7":"first","8":"instock","9":"shipping-taxable","10":"product-type-simple"},"_links":{"self":[{"href":"https:\/\/uj.adatbank.ro\/lexikon\/wp-json\/wp\/v2\/product\/3957","targetHints":{"allow":["GET"]}}],"collection":[{"href":"https:\/\/uj.adatbank.ro\/lexikon\/wp-json\/wp\/v2\/product"}],"about":[{"href":"https:\/\/uj.adatbank.ro\/lexikon\/wp-json\/wp\/v2\/types\/product"}],"replies":[{"embeddable":true,"href":"https:\/\/uj.adatbank.ro\/lexikon\/wp-json\/wp\/v2\/comments?post=3957"}],"wp:attachment":[{"href":"https:\/\/uj.adatbank.ro\/lexikon\/wp-json\/wp\/v2\/media?parent=3957"}],"wp:term":[{"taxonomy":"product_brand","embeddable":true,"href":"https:\/\/uj.adatbank.ro\/lexikon\/wp-json\/wp\/v2\/product_brand?post=3957"},{"taxonomy":"product_cat","embeddable":true,"href":"https:\/\/uj.adatbank.ro\/lexikon\/wp-json\/wp\/v2\/product_cat?post=3957"},{"taxonomy":"product_tag","embeddable":true,"href":"https:\/\/uj.adatbank.ro\/lexikon\/wp-json\/wp\/v2\/product_tag?post=3957"}],"curies":[{"name":"wp","href":"https:\/\/api.w.org\/{rel}","templated":true}]}}