{"id":3962,"date":"2025-06-28T16:19:12","date_gmt":"2025-06-28T14:19:12","guid":{"rendered":"https:\/\/uj.adatbank.ro\/lexikon\/termek\/baranyai-gyorgy\/"},"modified":"2025-06-28T16:19:12","modified_gmt":"2025-06-28T14:19:12","slug":"baranyai-gyorgy","status":"publish","type":"product","link":"https:\/\/uj.adatbank.ro\/lexikon\/termek\/baranyai-gyorgy\/","title":{"rendered":"BARANYAI Gy\u00f6rgy"},"content":{"rendered":"<p>? \u2020\u00a0? : mv.-i polg\u00e1r. \u2013 Fels\u00e9ge K\u00f6peczi Kl\u00e1ra. \u2013 A mv.-i V\u00e1rosi Tan\u00e1cs \u00e9s a ref. ekl\u00e9zsia presbiteriuma megintette, mert h\u00e1z\u00e1ban titkon p\u00e1tereket rejtegetett, mis\u00e9t tartatott \u00e9s fels\u00e9g\u00e9tp\u00e1terrel temette tte el (1687). <br \/><strong>Irod.:<\/strong> Kr\u00f3n F\u00fcz. 1937. 2\/6); L\u00e9sty\u00e1n \u2013 templomok; P\u00e1l-Antal 2003<\/br><\/p>\n","protected":false},"excerpt":{"rendered":"<p>? \u2020\u00a0? : mv.-i polg\u00e1r. \u2013 Fels\u00e9ge K\u00f6peczi Kl\u00e1ra. \u2013 A mv.-i V\u00e1rosi Tan\u00e1cs \u00e9s a ref. ekl\u00e9zsia presbiteriuma megintette, mert h\u00e1z\u00e1ban titkon p\u00e1tereket rejtegetett, mis\u00e9t tartatott \u00e9s fels\u00e9g\u00e9tp\u00e1terrel temette tte el (1687). Irod.: Kr\u00f3n F\u00fcz. 1937. 2\/6); L\u00e9sty\u00e1n \u2013 templomok; P\u00e1l-Antal 2003<\/p>\n","protected":false},"featured_media":0,"comment_status":"open","ping_status":"closed","template":"","meta":[],"product_brand":[],"product_cat":[137],"product_tag":[],"class_list":{"0":"post-3962","1":"product","2":"type-product","3":"status-publish","5":"product_cat-maros-megyei-eletrajzi-lexikon","7":"first","8":"instock","9":"shipping-taxable","10":"product-type-simple"},"_links":{"self":[{"href":"https:\/\/uj.adatbank.ro\/lexikon\/wp-json\/wp\/v2\/product\/3962","targetHints":{"allow":["GET"]}}],"collection":[{"href":"https:\/\/uj.adatbank.ro\/lexikon\/wp-json\/wp\/v2\/product"}],"about":[{"href":"https:\/\/uj.adatbank.ro\/lexikon\/wp-json\/wp\/v2\/types\/product"}],"replies":[{"embeddable":true,"href":"https:\/\/uj.adatbank.ro\/lexikon\/wp-json\/wp\/v2\/comments?post=3962"}],"wp:attachment":[{"href":"https:\/\/uj.adatbank.ro\/lexikon\/wp-json\/wp\/v2\/media?parent=3962"}],"wp:term":[{"taxonomy":"product_brand","embeddable":true,"href":"https:\/\/uj.adatbank.ro\/lexikon\/wp-json\/wp\/v2\/product_brand?post=3962"},{"taxonomy":"product_cat","embeddable":true,"href":"https:\/\/uj.adatbank.ro\/lexikon\/wp-json\/wp\/v2\/product_cat?post=3962"},{"taxonomy":"product_tag","embeddable":true,"href":"https:\/\/uj.adatbank.ro\/lexikon\/wp-json\/wp\/v2\/product_tag?post=3962"}],"curies":[{"name":"wp","href":"https:\/\/api.w.org\/{rel}","templated":true}]}}