{"id":3963,"date":"2025-06-28T16:19:15","date_gmt":"2025-06-28T14:19:15","guid":{"rendered":"https:\/\/uj.adatbank.ro\/lexikon\/termek\/baranyai-m-maria\/"},"modified":"2025-06-28T16:19:15","modified_gmt":"2025-06-28T14:19:15","slug":"baranyai-m-maria","status":"publish","type":"product","link":"https:\/\/uj.adatbank.ro\/lexikon\/termek\/baranyai-m-maria\/","title":{"rendered":"BARANYAI M. M\u00e1ria"},"content":{"rendered":"<p>? \u2020 Mv., 1732.: v\u00e1s\u00e1rhelyi polg\u00e1r. A jezsuita aty\u00e1kat a h\u00e1z\u00e1ba fogadta. <br \/><strong>Irod.:<\/strong> Mv.-i Pl\u00e9b\u00e1nia<\/br><\/p>\n","protected":false},"excerpt":{"rendered":"<p>? \u2020 Mv., 1732.: v\u00e1s\u00e1rhelyi polg\u00e1r. A jezsuita aty\u00e1kat a h\u00e1z\u00e1ba fogadta. Irod.: Mv.-i Pl\u00e9b\u00e1nia<\/p>\n","protected":false},"featured_media":0,"comment_status":"open","ping_status":"closed","template":"","meta":[],"product_brand":[],"product_cat":[137],"product_tag":[],"class_list":{"0":"post-3963","1":"product","2":"type-product","3":"status-publish","5":"product_cat-maros-megyei-eletrajzi-lexikon","7":"first","8":"instock","9":"shipping-taxable","10":"product-type-simple"},"_links":{"self":[{"href":"https:\/\/uj.adatbank.ro\/lexikon\/wp-json\/wp\/v2\/product\/3963","targetHints":{"allow":["GET"]}}],"collection":[{"href":"https:\/\/uj.adatbank.ro\/lexikon\/wp-json\/wp\/v2\/product"}],"about":[{"href":"https:\/\/uj.adatbank.ro\/lexikon\/wp-json\/wp\/v2\/types\/product"}],"replies":[{"embeddable":true,"href":"https:\/\/uj.adatbank.ro\/lexikon\/wp-json\/wp\/v2\/comments?post=3963"}],"wp:attachment":[{"href":"https:\/\/uj.adatbank.ro\/lexikon\/wp-json\/wp\/v2\/media?parent=3963"}],"wp:term":[{"taxonomy":"product_brand","embeddable":true,"href":"https:\/\/uj.adatbank.ro\/lexikon\/wp-json\/wp\/v2\/product_brand?post=3963"},{"taxonomy":"product_cat","embeddable":true,"href":"https:\/\/uj.adatbank.ro\/lexikon\/wp-json\/wp\/v2\/product_cat?post=3963"},{"taxonomy":"product_tag","embeddable":true,"href":"https:\/\/uj.adatbank.ro\/lexikon\/wp-json\/wp\/v2\/product_tag?post=3963"}],"curies":[{"name":"wp","href":"https:\/\/api.w.org\/{rel}","templated":true}]}}