{"id":3965,"date":"2025-06-28T16:19:21","date_gmt":"2025-06-28T14:19:21","guid":{"rendered":"https:\/\/uj.adatbank.ro\/lexikon\/termek\/baranyi-ferenc\/"},"modified":"2025-06-28T16:19:21","modified_gmt":"2025-06-28T14:19:21","slug":"baranyi-ferenc","status":"publish","type":"product","link":"https:\/\/uj.adatbank.ro\/lexikon\/termek\/baranyi-ferenc\/","title":{"rendered":"BARANYI Ferenc"},"content":{"rendered":"<p>Mv., 1888., \u2020\u00a0? : tan\u00e1csos. \u2013 Iskol\u00e1it Mv.-en, az egyetemet Kv.-on v\u00e9gezte, dr. Az \u00e1llamvasutak M\u00c1V szolg\u00e1lat\u00e1ba l\u00e9pett Mv.-en (1912). Bp.-en teljes\u00edtett szolg\u00e1latot (1920\u2013), az anyagbeszerz\u00e9si oszt\u00e1lyon dolozott (1936\u2013). \u2013 <strong>F. m.:<\/strong> A k\u00f6z\u00fcleti v\u00e1llalkoz\u00e1sok k\u00e9rd\u00e9s\u00e9hez (Bp, 1935). <br \/><strong>Irod.:<\/strong> Guly\u00e1s; Sz\u00e9kelyf\u00f6ld \u00ed. k.<\/br><\/p>\n","protected":false},"excerpt":{"rendered":"<p>Mv., 1888., \u2020\u00a0? : tan\u00e1csos. \u2013 Iskol\u00e1it Mv.-en, az egyetemet Kv.-on v\u00e9gezte, dr. Az \u00e1llamvasutak M\u00c1V szolg\u00e1lat\u00e1ba l\u00e9pett Mv.-en (1912). Bp.-en teljes\u00edtett szolg\u00e1latot (1920\u2013), az anyagbeszerz\u00e9si oszt\u00e1lyon dolozott (1936\u2013). \u2013 F. m.: A k\u00f6z\u00fcleti v\u00e1llalkoz\u00e1sok k\u00e9rd\u00e9s\u00e9hez (Bp, 1935). Irod.: Guly\u00e1s; Sz\u00e9kelyf\u00f6ld \u00ed. k.<\/p>\n","protected":false},"featured_media":0,"comment_status":"open","ping_status":"closed","template":"","meta":[],"product_brand":[],"product_cat":[137],"product_tag":[],"class_list":{"0":"post-3965","1":"product","2":"type-product","3":"status-publish","5":"product_cat-maros-megyei-eletrajzi-lexikon","7":"first","8":"instock","9":"shipping-taxable","10":"product-type-simple"},"_links":{"self":[{"href":"https:\/\/uj.adatbank.ro\/lexikon\/wp-json\/wp\/v2\/product\/3965","targetHints":{"allow":["GET"]}}],"collection":[{"href":"https:\/\/uj.adatbank.ro\/lexikon\/wp-json\/wp\/v2\/product"}],"about":[{"href":"https:\/\/uj.adatbank.ro\/lexikon\/wp-json\/wp\/v2\/types\/product"}],"replies":[{"embeddable":true,"href":"https:\/\/uj.adatbank.ro\/lexikon\/wp-json\/wp\/v2\/comments?post=3965"}],"wp:attachment":[{"href":"https:\/\/uj.adatbank.ro\/lexikon\/wp-json\/wp\/v2\/media?parent=3965"}],"wp:term":[{"taxonomy":"product_brand","embeddable":true,"href":"https:\/\/uj.adatbank.ro\/lexikon\/wp-json\/wp\/v2\/product_brand?post=3965"},{"taxonomy":"product_cat","embeddable":true,"href":"https:\/\/uj.adatbank.ro\/lexikon\/wp-json\/wp\/v2\/product_cat?post=3965"},{"taxonomy":"product_tag","embeddable":true,"href":"https:\/\/uj.adatbank.ro\/lexikon\/wp-json\/wp\/v2\/product_tag?post=3965"}],"curies":[{"name":"wp","href":"https:\/\/api.w.org\/{rel}","templated":true}]}}