{"id":3968,"date":"2025-06-28T16:19:32","date_gmt":"2025-06-28T14:19:32","guid":{"rendered":"https:\/\/uj.adatbank.ro\/lexikon\/termek\/barat-sandor\/"},"modified":"2025-06-28T16:19:32","modified_gmt":"2025-06-28T14:19:32","slug":"barat-sandor","status":"publish","type":"product","link":"https:\/\/uj.adatbank.ro\/lexikon\/termek\/barat-sandor\/","title":{"rendered":"BAR\u00c1T S\u00e1ndor"},"content":{"rendered":"<p>? \u2020\u00a0? : k\u00f6zs\u00e9gi b\u00edr\u00f3. \u2013 Szal\u00e1rdon volt b\u00edr\u00f3. Az els\u0151 vh.-ban \u0151rmesterk\u00e9nt vett r\u00e9szt, t\u00f6bbsz\u00f6r kit\u00fcntett\u00e9k. Az imp\u00e9rium v\u00e1lt\u00e1s ut\u00e1n v\u00e1lasztott b\u00edr\u00e1ja k\u00f6zs\u00e9g\u00e9nek. T\u00f6bb \u00edzben h\u00e1zkutat\u00e1st tartottak n\u00e1la \u00e9s \u00e1lland\u00f3 megfigyel\u00e9s alatt \u00e1llt. <br \/><strong>Irod.:<\/strong> Visna<\/br><\/p>\n","protected":false},"excerpt":{"rendered":"<p>? \u2020\u00a0? : k\u00f6zs\u00e9gi b\u00edr\u00f3. \u2013 Szal\u00e1rdon volt b\u00edr\u00f3. Az els\u0151 vh.-ban \u0151rmesterk\u00e9nt vett r\u00e9szt, t\u00f6bbsz\u00f6r kit\u00fcntett\u00e9k. Az imp\u00e9rium v\u00e1lt\u00e1s ut\u00e1n v\u00e1lasztott b\u00edr\u00e1ja k\u00f6zs\u00e9g\u00e9nek. T\u00f6bb \u00edzben h\u00e1zkutat\u00e1st tartottak n\u00e1la \u00e9s \u00e1lland\u00f3 megfigyel\u00e9s alatt \u00e1llt. Irod.: Visna<\/p>\n","protected":false},"featured_media":0,"comment_status":"open","ping_status":"closed","template":"","meta":[],"product_brand":[],"product_cat":[137],"product_tag":[],"class_list":{"0":"post-3968","1":"product","2":"type-product","3":"status-publish","5":"product_cat-maros-megyei-eletrajzi-lexikon","7":"first","8":"instock","9":"shipping-taxable","10":"product-type-simple"},"_links":{"self":[{"href":"https:\/\/uj.adatbank.ro\/lexikon\/wp-json\/wp\/v2\/product\/3968","targetHints":{"allow":["GET"]}}],"collection":[{"href":"https:\/\/uj.adatbank.ro\/lexikon\/wp-json\/wp\/v2\/product"}],"about":[{"href":"https:\/\/uj.adatbank.ro\/lexikon\/wp-json\/wp\/v2\/types\/product"}],"replies":[{"embeddable":true,"href":"https:\/\/uj.adatbank.ro\/lexikon\/wp-json\/wp\/v2\/comments?post=3968"}],"wp:attachment":[{"href":"https:\/\/uj.adatbank.ro\/lexikon\/wp-json\/wp\/v2\/media?parent=3968"}],"wp:term":[{"taxonomy":"product_brand","embeddable":true,"href":"https:\/\/uj.adatbank.ro\/lexikon\/wp-json\/wp\/v2\/product_brand?post=3968"},{"taxonomy":"product_cat","embeddable":true,"href":"https:\/\/uj.adatbank.ro\/lexikon\/wp-json\/wp\/v2\/product_cat?post=3968"},{"taxonomy":"product_tag","embeddable":true,"href":"https:\/\/uj.adatbank.ro\/lexikon\/wp-json\/wp\/v2\/product_tag?post=3968"}],"curies":[{"name":"wp","href":"https:\/\/api.w.org\/{rel}","templated":true}]}}