{"id":3973,"date":"2025-06-28T16:19:48","date_gmt":"2025-06-28T14:19:48","guid":{"rendered":"https:\/\/uj.adatbank.ro\/lexikon\/termek\/baratosi-mihaly\/"},"modified":"2025-06-28T16:19:48","modified_gmt":"2025-06-28T14:19:48","slug":"baratosi-mihaly","status":"publish","type":"product","link":"https:\/\/uj.adatbank.ro\/lexikon\/termek\/baratosi-mihaly\/","title":{"rendered":"BAR\u00c1TOSI Mih\u00e1ly"},"content":{"rendered":"<p>? \u2020\u00a0? : ref. lelk\u00e9sz. \u2013 Nagyenyeden subscrib\u00e1lt (1683). Kem\u00e9ny Simon udvar\u00e1ban volt nevel\u0151. A g\u00f6rg\u00e9nyi egyh\u00e1zmegye lelk\u00e9szei n\u00e9vsor\u00e1ban szerepel (1677\u20131722) Kisf\u00fclp\u00f6s\u00f6n (1678), Marosv\u00e9csen (1692), <br \/><strong>Irod.:<\/strong> \u0150sz<\/br><\/p>\n","protected":false},"excerpt":{"rendered":"<p>? \u2020\u00a0? : ref. lelk\u00e9sz. \u2013 Nagyenyeden subscrib\u00e1lt (1683). Kem\u00e9ny Simon udvar\u00e1ban volt nevel\u0151. A g\u00f6rg\u00e9nyi egyh\u00e1zmegye lelk\u00e9szei n\u00e9vsor\u00e1ban szerepel (1677\u20131722) Kisf\u00fclp\u00f6s\u00f6n (1678), Marosv\u00e9csen (1692), Irod.: \u0150sz<\/p>\n","protected":false},"featured_media":0,"comment_status":"open","ping_status":"closed","template":"","meta":[],"product_brand":[],"product_cat":[137],"product_tag":[],"class_list":{"0":"post-3973","1":"product","2":"type-product","3":"status-publish","5":"product_cat-maros-megyei-eletrajzi-lexikon","7":"first","8":"instock","9":"shipping-taxable","10":"product-type-simple"},"_links":{"self":[{"href":"https:\/\/uj.adatbank.ro\/lexikon\/wp-json\/wp\/v2\/product\/3973","targetHints":{"allow":["GET"]}}],"collection":[{"href":"https:\/\/uj.adatbank.ro\/lexikon\/wp-json\/wp\/v2\/product"}],"about":[{"href":"https:\/\/uj.adatbank.ro\/lexikon\/wp-json\/wp\/v2\/types\/product"}],"replies":[{"embeddable":true,"href":"https:\/\/uj.adatbank.ro\/lexikon\/wp-json\/wp\/v2\/comments?post=3973"}],"wp:attachment":[{"href":"https:\/\/uj.adatbank.ro\/lexikon\/wp-json\/wp\/v2\/media?parent=3973"}],"wp:term":[{"taxonomy":"product_brand","embeddable":true,"href":"https:\/\/uj.adatbank.ro\/lexikon\/wp-json\/wp\/v2\/product_brand?post=3973"},{"taxonomy":"product_cat","embeddable":true,"href":"https:\/\/uj.adatbank.ro\/lexikon\/wp-json\/wp\/v2\/product_cat?post=3973"},{"taxonomy":"product_tag","embeddable":true,"href":"https:\/\/uj.adatbank.ro\/lexikon\/wp-json\/wp\/v2\/product_tag?post=3973"}],"curies":[{"name":"wp","href":"https:\/\/api.w.org\/{rel}","templated":true}]}}