{"id":3974,"date":"2025-06-28T16:19:52","date_gmt":"2025-06-28T14:19:52","guid":{"rendered":"https:\/\/uj.adatbank.ro\/lexikon\/termek\/baratosi-mihaly-2\/"},"modified":"2025-06-28T16:19:52","modified_gmt":"2025-06-28T14:19:52","slug":"baratosi-mihaly-2","status":"publish","type":"product","link":"https:\/\/uj.adatbank.ro\/lexikon\/termek\/baratosi-mihaly-2\/","title":{"rendered":"BAR\u00c1TOSI Mih\u00e1ly"},"content":{"rendered":"<p>? \u2020\u00a0?\u00a0: ref. lelk\u00e9sz. \u2013 Vajdaszentiv\u00e1nyon ref. lelk\u00e9sz (1716\u2013), Magyar\u00f3n (1722\u201337), Pataki Istv\u00e1n k\u00f6vette \u0151t. Clarissimus-k\u00e9nt emlegett\u00e9k (1737). <br \/><strong>Irod.:<\/strong> B\u00f6jthe Andor; \u0150sz; Vajdaszentiv\u00e1ny<\/br><\/p>\n","protected":false},"excerpt":{"rendered":"<p>? \u2020\u00a0?\u00a0: ref. lelk\u00e9sz. \u2013 Vajdaszentiv\u00e1nyon ref. lelk\u00e9sz (1716\u2013), Magyar\u00f3n (1722\u201337), Pataki Istv\u00e1n k\u00f6vette \u0151t. Clarissimus-k\u00e9nt emlegett\u00e9k (1737). Irod.: B\u00f6jthe Andor; \u0150sz; Vajdaszentiv\u00e1ny<\/p>\n","protected":false},"featured_media":0,"comment_status":"open","ping_status":"closed","template":"","meta":[],"product_brand":[],"product_cat":[137],"product_tag":[],"class_list":{"0":"post-3974","1":"product","2":"type-product","3":"status-publish","5":"product_cat-maros-megyei-eletrajzi-lexikon","7":"first","8":"instock","9":"shipping-taxable","10":"product-type-simple"},"_links":{"self":[{"href":"https:\/\/uj.adatbank.ro\/lexikon\/wp-json\/wp\/v2\/product\/3974","targetHints":{"allow":["GET"]}}],"collection":[{"href":"https:\/\/uj.adatbank.ro\/lexikon\/wp-json\/wp\/v2\/product"}],"about":[{"href":"https:\/\/uj.adatbank.ro\/lexikon\/wp-json\/wp\/v2\/types\/product"}],"replies":[{"embeddable":true,"href":"https:\/\/uj.adatbank.ro\/lexikon\/wp-json\/wp\/v2\/comments?post=3974"}],"wp:attachment":[{"href":"https:\/\/uj.adatbank.ro\/lexikon\/wp-json\/wp\/v2\/media?parent=3974"}],"wp:term":[{"taxonomy":"product_brand","embeddable":true,"href":"https:\/\/uj.adatbank.ro\/lexikon\/wp-json\/wp\/v2\/product_brand?post=3974"},{"taxonomy":"product_cat","embeddable":true,"href":"https:\/\/uj.adatbank.ro\/lexikon\/wp-json\/wp\/v2\/product_cat?post=3974"},{"taxonomy":"product_tag","embeddable":true,"href":"https:\/\/uj.adatbank.ro\/lexikon\/wp-json\/wp\/v2\/product_tag?post=3974"}],"curies":[{"name":"wp","href":"https:\/\/api.w.org\/{rel}","templated":true}]}}