{"id":3976,"date":"2025-06-28T16:19:59","date_gmt":"2025-06-28T14:19:59","guid":{"rendered":"https:\/\/uj.adatbank.ro\/lexikon\/termek\/baratosi-szabo-antal\/"},"modified":"2025-06-28T16:19:59","modified_gmt":"2025-06-28T14:19:59","slug":"baratosi-szabo-antal","status":"publish","type":"product","link":"https:\/\/uj.adatbank.ro\/lexikon\/termek\/baratosi-szabo-antal\/","title":{"rendered":"BAR\u00c1TOSI SZAB\u00d3 Antal"},"content":{"rendered":"<p>? \u2020\u00a0?\u00a0: \u00fcgyv\u00e9d. \u2013 Mv.-en az egykori Kossuth Lajos u. 65. sz. alatt volt a h\u00e1za, kertje a Csilljag-k\u00f6zig. A k\u00f6vetkez\u0151 tulajdonosok Balla Gyul\u00e1n\u00e9, sz\u00fcl. Bar\u00e1tosi Ilona, Bar\u00e1tosi Irma \u00e9s Bar\u00e1tosi Antal. (1911), az \u00e9v folyam\u00e1n megvette Godt Adolf. <br \/><strong>Irod.:<\/strong> Orb\u00e1n \u2013 Oniga<\/br><\/p>\n","protected":false},"excerpt":{"rendered":"<p>? \u2020\u00a0?\u00a0: \u00fcgyv\u00e9d. \u2013 Mv.-en az egykori Kossuth Lajos u. 65. sz. alatt volt a h\u00e1za, kertje a Csilljag-k\u00f6zig. A k\u00f6vetkez\u0151 tulajdonosok Balla Gyul\u00e1n\u00e9, sz\u00fcl. Bar\u00e1tosi Ilona, Bar\u00e1tosi Irma \u00e9s Bar\u00e1tosi Antal. (1911), az \u00e9v folyam\u00e1n megvette Godt Adolf. Irod.: Orb\u00e1n \u2013 Oniga<\/p>\n","protected":false},"featured_media":0,"comment_status":"open","ping_status":"closed","template":"","meta":[],"product_brand":[],"product_cat":[137],"product_tag":[],"class_list":{"0":"post-3976","1":"product","2":"type-product","3":"status-publish","5":"product_cat-maros-megyei-eletrajzi-lexikon","7":"first","8":"instock","9":"shipping-taxable","10":"product-type-simple"},"_links":{"self":[{"href":"https:\/\/uj.adatbank.ro\/lexikon\/wp-json\/wp\/v2\/product\/3976","targetHints":{"allow":["GET"]}}],"collection":[{"href":"https:\/\/uj.adatbank.ro\/lexikon\/wp-json\/wp\/v2\/product"}],"about":[{"href":"https:\/\/uj.adatbank.ro\/lexikon\/wp-json\/wp\/v2\/types\/product"}],"replies":[{"embeddable":true,"href":"https:\/\/uj.adatbank.ro\/lexikon\/wp-json\/wp\/v2\/comments?post=3976"}],"wp:attachment":[{"href":"https:\/\/uj.adatbank.ro\/lexikon\/wp-json\/wp\/v2\/media?parent=3976"}],"wp:term":[{"taxonomy":"product_brand","embeddable":true,"href":"https:\/\/uj.adatbank.ro\/lexikon\/wp-json\/wp\/v2\/product_brand?post=3976"},{"taxonomy":"product_cat","embeddable":true,"href":"https:\/\/uj.adatbank.ro\/lexikon\/wp-json\/wp\/v2\/product_cat?post=3976"},{"taxonomy":"product_tag","embeddable":true,"href":"https:\/\/uj.adatbank.ro\/lexikon\/wp-json\/wp\/v2\/product_tag?post=3976"}],"curies":[{"name":"wp","href":"https:\/\/api.w.org\/{rel}","templated":true}]}}