{"id":3977,"date":"2025-06-28T16:20:02","date_gmt":"2025-06-28T14:20:02","guid":{"rendered":"https:\/\/uj.adatbank.ro\/lexikon\/termek\/barbath-vilmos-szaldobosi\/"},"modified":"2025-06-28T16:20:02","modified_gmt":"2025-06-28T14:20:02","slug":"barbath-vilmos-szaldobosi","status":"publish","type":"product","link":"https:\/\/uj.adatbank.ro\/lexikon\/termek\/barbath-vilmos-szaldobosi\/","title":{"rendered":"BARB\u00c1TH Vilmos, sz\u00e1ldobosi"},"content":{"rendered":"<p>B\u00f3dos, 1876., \u2020\u00a0? : ig. tan\u00edt\u00f3. \u2013 Tanulm\u00e1nyait Sepsiszentgy\u00f6rgy\u00f6n \u00e9s Nagyenyeden v\u00e9gezte (1896). A zilahi tanfel\u00fcgyel\u0151s\u00e9gen kezdett dolgozni, majd Szil\u00e1gyperesen volt igazgat\u00f3; Mv.-en igazgat\u00f3-tan\u00edt\u00f3 (\u20131928). Kiv\u00e1l\u00f3 m\u00e9h\u00e9sz, f\u00fcrd\u0151igazgat\u00f3 (1929\u2013). Az els\u0151 vh.-ban a szerb \u00e9s olasz fronton harcolt, z\u00e1szl\u00f3si rangban szerelt le. <br \/><strong>Irod.:<\/strong> Sz\u00e9kelyf\u00f6ld \u00ed. k.<\/br><\/p>\n","protected":false},"excerpt":{"rendered":"<p>B\u00f3dos, 1876., \u2020\u00a0? : ig. tan\u00edt\u00f3. \u2013 Tanulm\u00e1nyait Sepsiszentgy\u00f6rgy\u00f6n \u00e9s Nagyenyeden v\u00e9gezte (1896). A zilahi tanfel\u00fcgyel\u0151s\u00e9gen kezdett dolgozni, majd Szil\u00e1gyperesen volt igazgat\u00f3; Mv.-en igazgat\u00f3-tan\u00edt\u00f3 (\u20131928). Kiv\u00e1l\u00f3 m\u00e9h\u00e9sz, f\u00fcrd\u0151igazgat\u00f3 (1929\u2013). Az els\u0151 vh.-ban a szerb \u00e9s olasz fronton harcolt, z\u00e1szl\u00f3si rangban szerelt le. Irod.: Sz\u00e9kelyf\u00f6ld \u00ed. k.<\/p>\n","protected":false},"featured_media":0,"comment_status":"open","ping_status":"closed","template":"","meta":[],"product_brand":[],"product_cat":[137],"product_tag":[],"class_list":{"0":"post-3977","1":"product","2":"type-product","3":"status-publish","5":"product_cat-maros-megyei-eletrajzi-lexikon","7":"first","8":"instock","9":"shipping-taxable","10":"product-type-simple"},"_links":{"self":[{"href":"https:\/\/uj.adatbank.ro\/lexikon\/wp-json\/wp\/v2\/product\/3977","targetHints":{"allow":["GET"]}}],"collection":[{"href":"https:\/\/uj.adatbank.ro\/lexikon\/wp-json\/wp\/v2\/product"}],"about":[{"href":"https:\/\/uj.adatbank.ro\/lexikon\/wp-json\/wp\/v2\/types\/product"}],"replies":[{"embeddable":true,"href":"https:\/\/uj.adatbank.ro\/lexikon\/wp-json\/wp\/v2\/comments?post=3977"}],"wp:attachment":[{"href":"https:\/\/uj.adatbank.ro\/lexikon\/wp-json\/wp\/v2\/media?parent=3977"}],"wp:term":[{"taxonomy":"product_brand","embeddable":true,"href":"https:\/\/uj.adatbank.ro\/lexikon\/wp-json\/wp\/v2\/product_brand?post=3977"},{"taxonomy":"product_cat","embeddable":true,"href":"https:\/\/uj.adatbank.ro\/lexikon\/wp-json\/wp\/v2\/product_cat?post=3977"},{"taxonomy":"product_tag","embeddable":true,"href":"https:\/\/uj.adatbank.ro\/lexikon\/wp-json\/wp\/v2\/product_tag?post=3977"}],"curies":[{"name":"wp","href":"https:\/\/api.w.org\/{rel}","templated":true}]}}