{"id":3983,"date":"2025-06-28T16:20:23","date_gmt":"2025-06-28T14:20:23","guid":{"rendered":"https:\/\/uj.adatbank.ro\/lexikon\/termek\/barbu-vasile-krausz-laszlo\/"},"modified":"2025-06-28T16:20:23","modified_gmt":"2025-06-28T14:20:23","slug":"barbu-vasile-krausz-laszlo","status":"publish","type":"product","link":"https:\/\/uj.adatbank.ro\/lexikon\/termek\/barbu-vasile-krausz-laszlo\/","title":{"rendered":"BARBU Vasile; Krausz L\u00e1szl\u00f3"},"content":{"rendered":"<p>Marosludas, 1897., \u2020\u00a0Buk., 1981. m\u00e1rc. 28.: g\u00e9p\u00e9szm\u00e9rn\u00f6k. \u2013 A bp.-i \u00c1llami Fels\u0151ipariskola elv\u00e9gz\u00e9se (1919) ut\u00e1n g\u00e9plakatos, eszeterg\u00e1lyos, \u00f6nt\u0151, majd tervez\u0151m\u00e9rn\u00f6k a kv.-i Dermata cip\u0151- \u00e9s b\u0151rgy\u00e1rban. A buk.-i G\u00e9p- \u00e9s Koh\u00f3ipari Miniszt\u00e9rium Tervez\u0151int\u00e9zet\u00e9nek f\u0151tervez\u0151je (1948\u2013), a Vegyipari Tervez\u0151int\u00e9zet, majd az \u00c9p\u00edt\u0151ipari Kutat\u00f3int\u00e9zet m\u0171szaki f\u0151oszt\u00e1ly\u00e1nak ir\u00e1ny\u00edt\u00f3ja nyugalombavonul\u00e1s\u00e1ig. Cikkeit k\u00f6z\u00f6lte a: J\u00f6v\u0151 T\u00e1rsadalma (1925\u201327), Munk\u00e1s\u00e9let, TETT, A H\u00e9t, Korunk. \u2013 <strong>F. m.:<\/strong> Calculele strungarului (Buc., 1959; 1962); Az eszterg\u00e1lyos k\u00e9zik\u00f6nyve (Buk., 1960); Cartea strungarului (Buc., 1960, 1962.); <strong>t\u00e1rssz.:<\/strong> Confec\u0163ii \u015fi construc\u0163ii metalice u\u015foare (Buc., 1965); \u00cendrum\u0103tor pentru ridicarea calific\u0103rii l\u0103c\u0103tu\u015furilor mecanici de \u00eentre\u0163inere \u015fi repara\u0163ii universale 1\u20132. (Buc., 1969); A karbantart\u00f3 g\u00e9plakatos k\u00f6nyve (Buc., 1971). \u2013 Irod: RMIL; Todea\u2013F\u00fcl\u00f6p\u2013Avram<\/br><\/p>\n","protected":false},"excerpt":{"rendered":"<p>Marosludas, 1897., \u2020\u00a0Buk., 1981. m\u00e1rc. 28.: g\u00e9p\u00e9szm\u00e9rn\u00f6k. \u2013 A bp.-i \u00c1llami Fels\u0151ipariskola elv\u00e9gz\u00e9se (1919) ut\u00e1n g\u00e9plakatos, eszeterg\u00e1lyos, \u00f6nt\u0151, majd tervez\u0151m\u00e9rn\u00f6k a kv.-i Dermata cip\u0151- \u00e9s b\u0151rgy\u00e1rban. A buk.-i G\u00e9p- \u00e9s Koh\u00f3ipari Miniszt\u00e9rium Tervez\u0151int\u00e9zet\u00e9nek f\u0151tervez\u0151je (1948\u2013), a Vegyipari Tervez\u0151int\u00e9zet, majd az \u00c9p\u00edt\u0151ipari Kutat\u00f3int\u00e9zet m\u0171szaki f\u0151oszt\u00e1ly\u00e1nak ir\u00e1ny\u00edt\u00f3ja nyugalombavonul\u00e1s\u00e1ig. Cikkeit k\u00f6z\u00f6lte a: J\u00f6v\u0151 T\u00e1rsadalma (1925\u201327), Munk\u00e1s\u00e9let, TETT, A [&hellip;]<\/p>\n","protected":false},"featured_media":0,"comment_status":"open","ping_status":"closed","template":"","meta":[],"product_brand":[],"product_cat":[137],"product_tag":[],"class_list":{"0":"post-3983","1":"product","2":"type-product","3":"status-publish","5":"product_cat-maros-megyei-eletrajzi-lexikon","7":"first","8":"instock","9":"shipping-taxable","10":"product-type-simple"},"_links":{"self":[{"href":"https:\/\/uj.adatbank.ro\/lexikon\/wp-json\/wp\/v2\/product\/3983","targetHints":{"allow":["GET"]}}],"collection":[{"href":"https:\/\/uj.adatbank.ro\/lexikon\/wp-json\/wp\/v2\/product"}],"about":[{"href":"https:\/\/uj.adatbank.ro\/lexikon\/wp-json\/wp\/v2\/types\/product"}],"replies":[{"embeddable":true,"href":"https:\/\/uj.adatbank.ro\/lexikon\/wp-json\/wp\/v2\/comments?post=3983"}],"wp:attachment":[{"href":"https:\/\/uj.adatbank.ro\/lexikon\/wp-json\/wp\/v2\/media?parent=3983"}],"wp:term":[{"taxonomy":"product_brand","embeddable":true,"href":"https:\/\/uj.adatbank.ro\/lexikon\/wp-json\/wp\/v2\/product_brand?post=3983"},{"taxonomy":"product_cat","embeddable":true,"href":"https:\/\/uj.adatbank.ro\/lexikon\/wp-json\/wp\/v2\/product_cat?post=3983"},{"taxonomy":"product_tag","embeddable":true,"href":"https:\/\/uj.adatbank.ro\/lexikon\/wp-json\/wp\/v2\/product_tag?post=3983"}],"curies":[{"name":"wp","href":"https:\/\/api.w.org\/{rel}","templated":true}]}}