{"id":3988,"date":"2025-06-28T16:20:37","date_gmt":"2025-06-28T14:20:37","guid":{"rendered":"https:\/\/uj.adatbank.ro\/lexikon\/termek\/barcanescu-virgil\/"},"modified":"2025-06-28T16:20:37","modified_gmt":"2025-06-28T14:20:37","slug":"barcanescu-virgil","status":"publish","type":"product","link":"https:\/\/uj.adatbank.ro\/lexikon\/termek\/barcanescu-virgil\/","title":{"rendered":"B\u00c2RC\u0102NESCU Virgil"},"content":{"rendered":"<p>? \u2020\u00a0? : prefektus. \u2013 Kinevezt\u00e9k prefektusnak Maros megy\u00e9ben (1927). Korm\u00e1nykit\u00fcntet\u00e9sben r\u00e9szes\u00fclt a mv.-i g\u00f6r\u00f6g keleti templom \u00e9p\u00edt\u00e9se k\u00f6r\u00fcl kifejtett tev\u00e9kenys\u00e9g\u00e9\u00e9rt, R\u0103splata muncii pentru construc\u0163ii d\u00edjjal (1928). <br \/><strong>Irod.:<\/strong> Bern\u00e1dy; Id\u0151t\u00e1r 3<\/br><\/p>\n","protected":false},"excerpt":{"rendered":"<p>? \u2020\u00a0? : prefektus. \u2013 Kinevezt\u00e9k prefektusnak Maros megy\u00e9ben (1927). Korm\u00e1nykit\u00fcntet\u00e9sben r\u00e9szes\u00fclt a mv.-i g\u00f6r\u00f6g keleti templom \u00e9p\u00edt\u00e9se k\u00f6r\u00fcl kifejtett tev\u00e9kenys\u00e9g\u00e9\u00e9rt, R\u0103splata muncii pentru construc\u0163ii d\u00edjjal (1928). Irod.: Bern\u00e1dy; Id\u0151t\u00e1r 3<\/p>\n","protected":false},"featured_media":0,"comment_status":"open","ping_status":"closed","template":"","meta":[],"product_brand":[],"product_cat":[137],"product_tag":[],"class_list":{"0":"post-3988","1":"product","2":"type-product","3":"status-publish","5":"product_cat-maros-megyei-eletrajzi-lexikon","7":"first","8":"instock","9":"shipping-taxable","10":"product-type-simple"},"_links":{"self":[{"href":"https:\/\/uj.adatbank.ro\/lexikon\/wp-json\/wp\/v2\/product\/3988","targetHints":{"allow":["GET"]}}],"collection":[{"href":"https:\/\/uj.adatbank.ro\/lexikon\/wp-json\/wp\/v2\/product"}],"about":[{"href":"https:\/\/uj.adatbank.ro\/lexikon\/wp-json\/wp\/v2\/types\/product"}],"replies":[{"embeddable":true,"href":"https:\/\/uj.adatbank.ro\/lexikon\/wp-json\/wp\/v2\/comments?post=3988"}],"wp:attachment":[{"href":"https:\/\/uj.adatbank.ro\/lexikon\/wp-json\/wp\/v2\/media?parent=3988"}],"wp:term":[{"taxonomy":"product_brand","embeddable":true,"href":"https:\/\/uj.adatbank.ro\/lexikon\/wp-json\/wp\/v2\/product_brand?post=3988"},{"taxonomy":"product_cat","embeddable":true,"href":"https:\/\/uj.adatbank.ro\/lexikon\/wp-json\/wp\/v2\/product_cat?post=3988"},{"taxonomy":"product_tag","embeddable":true,"href":"https:\/\/uj.adatbank.ro\/lexikon\/wp-json\/wp\/v2\/product_tag?post=3988"}],"curies":[{"name":"wp","href":"https:\/\/api.w.org\/{rel}","templated":true}]}}