{"id":3990,"date":"2025-06-28T16:20:45","date_gmt":"2025-06-28T14:20:45","guid":{"rendered":"https:\/\/uj.adatbank.ro\/lexikon\/termek\/barceanu-clara-barceanu-klara\/"},"modified":"2025-06-28T16:20:45","modified_gmt":"2025-06-28T14:20:45","slug":"barceanu-clara-barceanu-klara","status":"publish","type":"product","link":"https:\/\/uj.adatbank.ro\/lexikon\/termek\/barceanu-clara-barceanu-klara\/","title":{"rendered":"BARCEANU Clara, Barceanu Kl\u00e1ra"},"content":{"rendered":"<p>? \u2020 Mv., 2002. jan. 27.: tan\u00e1rn\u0151, zen\u00e9sz. \u2013 F\u00e9rje: Barceanu Constantin a Mv.-i Ped.-i F\u0151iskola lektora (1973). A mv-i filharmonikus zenekar tagja, m\u0171v\u00e9szeti titk\u00e1r, a filharm\u00f3nia vezet\u0151s\u00e9g\u00e9nek tagja (1950). A mv.-i Ped.-i F\u0151iskola lektora, a N\u00e9pi egyetem tanulm\u00e1nyi tan\u00e1cs\u00e1nak tagja (1973). <br \/><strong>Irod.:<\/strong> Bartis J\u00f3zsef : N\u00e9pi egyetemi oktat\u00e1s Mv.-en (Korunk. 1973. febr.); C l. (2002. jan. 31); [Nekrol\u00f3g] (N\u00fa., 2002. jan. 29.)<\/br><\/p>\n","protected":false},"excerpt":{"rendered":"<p>? \u2020 Mv., 2002. jan. 27.: tan\u00e1rn\u0151, zen\u00e9sz. \u2013 F\u00e9rje: Barceanu Constantin a Mv.-i Ped.-i F\u0151iskola lektora (1973). A mv-i filharmonikus zenekar tagja, m\u0171v\u00e9szeti titk\u00e1r, a filharm\u00f3nia vezet\u0151s\u00e9g\u00e9nek tagja (1950). A mv.-i Ped.-i F\u0151iskola lektora, a N\u00e9pi egyetem tanulm\u00e1nyi tan\u00e1cs\u00e1nak tagja (1973). Irod.: Bartis J\u00f3zsef : N\u00e9pi egyetemi oktat\u00e1s Mv.-en (Korunk. 1973. febr.); C l. [&hellip;]<\/p>\n","protected":false},"featured_media":0,"comment_status":"open","ping_status":"closed","template":"","meta":[],"product_brand":[],"product_cat":[137],"product_tag":[],"class_list":{"0":"post-3990","1":"product","2":"type-product","3":"status-publish","5":"product_cat-maros-megyei-eletrajzi-lexikon","7":"first","8":"instock","9":"shipping-taxable","10":"product-type-simple"},"_links":{"self":[{"href":"https:\/\/uj.adatbank.ro\/lexikon\/wp-json\/wp\/v2\/product\/3990","targetHints":{"allow":["GET"]}}],"collection":[{"href":"https:\/\/uj.adatbank.ro\/lexikon\/wp-json\/wp\/v2\/product"}],"about":[{"href":"https:\/\/uj.adatbank.ro\/lexikon\/wp-json\/wp\/v2\/types\/product"}],"replies":[{"embeddable":true,"href":"https:\/\/uj.adatbank.ro\/lexikon\/wp-json\/wp\/v2\/comments?post=3990"}],"wp:attachment":[{"href":"https:\/\/uj.adatbank.ro\/lexikon\/wp-json\/wp\/v2\/media?parent=3990"}],"wp:term":[{"taxonomy":"product_brand","embeddable":true,"href":"https:\/\/uj.adatbank.ro\/lexikon\/wp-json\/wp\/v2\/product_brand?post=3990"},{"taxonomy":"product_cat","embeddable":true,"href":"https:\/\/uj.adatbank.ro\/lexikon\/wp-json\/wp\/v2\/product_cat?post=3990"},{"taxonomy":"product_tag","embeddable":true,"href":"https:\/\/uj.adatbank.ro\/lexikon\/wp-json\/wp\/v2\/product_tag?post=3990"}],"curies":[{"name":"wp","href":"https:\/\/api.w.org\/{rel}","templated":true}]}}