{"id":3991,"date":"2025-06-28T16:20:48","date_gmt":"2025-06-28T14:20:48","guid":{"rendered":"https:\/\/uj.adatbank.ro\/lexikon\/termek\/barcsa-andras\/"},"modified":"2025-06-28T16:20:48","modified_gmt":"2025-06-28T14:20:48","slug":"barcsa-andras","status":"publish","type":"product","link":"https:\/\/uj.adatbank.ro\/lexikon\/termek\/barcsa-andras\/","title":{"rendered":"BARCSA Andr\u00e1s"},"content":{"rendered":"<p>Gelence, 1818. jan. 20., \u2020 1876. j\u00fan. 1.: r. k. pap. \u2013 Papp\u00e1 szentelt\u00e9k (1821. m\u00e1j. 2.). K\u00e1pl\u00e1n volt Gyergy\u00f3alfaluban. Pl\u00e9b\u00e1nos Nagyerny\u00e9n (1844\u201353), S\u00e1rfalv\u00e1n (1853\u2013), Bereckben (1856) \u00e9s Gelenc\u00e9n. hal\u00e1l\u00e1ig. <br \/><strong>Irod.:<\/strong> Ferenczi S\u00e1ndor 2009; Maros megyei m. t\u00f6rt. 5.<\/br><\/p>\n","protected":false},"excerpt":{"rendered":"<p>Gelence, 1818. jan. 20., \u2020 1876. j\u00fan. 1.: r. k. pap. \u2013 Papp\u00e1 szentelt\u00e9k (1821. m\u00e1j. 2.). K\u00e1pl\u00e1n volt Gyergy\u00f3alfaluban. Pl\u00e9b\u00e1nos Nagyerny\u00e9n (1844\u201353), S\u00e1rfalv\u00e1n (1853\u2013), Bereckben (1856) \u00e9s Gelenc\u00e9n. hal\u00e1l\u00e1ig. Irod.: Ferenczi S\u00e1ndor 2009; Maros megyei m. t\u00f6rt. 5.<\/p>\n","protected":false},"featured_media":0,"comment_status":"open","ping_status":"closed","template":"","meta":[],"product_brand":[],"product_cat":[137],"product_tag":[],"class_list":{"0":"post-3991","1":"product","2":"type-product","3":"status-publish","5":"product_cat-maros-megyei-eletrajzi-lexikon","7":"first","8":"instock","9":"shipping-taxable","10":"product-type-simple"},"_links":{"self":[{"href":"https:\/\/uj.adatbank.ro\/lexikon\/wp-json\/wp\/v2\/product\/3991","targetHints":{"allow":["GET"]}}],"collection":[{"href":"https:\/\/uj.adatbank.ro\/lexikon\/wp-json\/wp\/v2\/product"}],"about":[{"href":"https:\/\/uj.adatbank.ro\/lexikon\/wp-json\/wp\/v2\/types\/product"}],"replies":[{"embeddable":true,"href":"https:\/\/uj.adatbank.ro\/lexikon\/wp-json\/wp\/v2\/comments?post=3991"}],"wp:attachment":[{"href":"https:\/\/uj.adatbank.ro\/lexikon\/wp-json\/wp\/v2\/media?parent=3991"}],"wp:term":[{"taxonomy":"product_brand","embeddable":true,"href":"https:\/\/uj.adatbank.ro\/lexikon\/wp-json\/wp\/v2\/product_brand?post=3991"},{"taxonomy":"product_cat","embeddable":true,"href":"https:\/\/uj.adatbank.ro\/lexikon\/wp-json\/wp\/v2\/product_cat?post=3991"},{"taxonomy":"product_tag","embeddable":true,"href":"https:\/\/uj.adatbank.ro\/lexikon\/wp-json\/wp\/v2\/product_tag?post=3991"}],"curies":[{"name":"wp","href":"https:\/\/api.w.org\/{rel}","templated":true}]}}